{"id":2303,"date":"2026-02-09T19:44:29","date_gmt":"2026-02-09T12:44:29","guid":{"rendered":"https:\/\/jieyouvietnam.com\/?page_id=2303"},"modified":"2026-02-10T10:03:32","modified_gmt":"2026-02-10T03:03:32","slug":"shipping-and-inspection-policy","status":"publish","type":"page","link":"https:\/\/jieyouvietnam.com\/en\/shipping-and-inspection-policy\/","title":{"rendered":"Shipping and Inspection Policy"},"content":{"rendered":"<ol class=\"wp-block-list\">\n<li><strong>Ph\u1ea1m vi \u00e1p d\u1ee5ng:<\/strong><\/li>\n<\/ol>\n\n\n\n<p>Ph\u1ea1m vi \u00e1p d\u1ee5ng: t\u1ea5t c\u1ea3 m\u1ecdi t\u1ec9nh th\u00e0nh tr\u00ean c\u1ea3 n\u01b0\u1edbc.<\/p>\n\n\n\n<ul class=\"wp-block-list\">\n<li><strong>Th\u1eddi gian giao \u2013 nh\u1eadn h\u00e0ng<\/strong><\/li>\n<\/ul>\n\n\n\n<p>\u2013 \u0110\u01a1n h\u00e0ng sau khi \u0111\u01b0\u1ee3c ti\u1ebfp nh\u1eadn x\u1eed l\u00fd xong s\u1ebd \u0111\u01b0\u1ee3c giao ngay trong v\u00f2ng 24h ho\u1eb7c theo ti\u1ebfn \u0111\u1ed9 h\u1ee3p \u0111\u1ed3ng.&nbsp;<\/p>\n\n\n\n<p>\u2013 \u0110\u1ed1i v\u1edbi kh\u00e1ch h\u00e0ng \u1edf t\u1ec9nh xa, sau khi ti\u1ebfp nh\u1eadn \u0111\u01a1n h\u00e0ng th\u1eddi gian nh\u1eadn h\u00e0ng d\u1ef1 ki\u1ebfn t\u1eeb 3 &#8211; 5 ng\u00e0y. Tuy nhi\u00ean, t\u00f9y v\u00e0o t\u00ecnh tr\u1ea1ng h\u00e0ng h\u00f3a \u0111i\u1ec1u ki\u1ec7n th\u1eddi ti\u1ebft,&#8230; m\u00e0 ng\u00e0y nh\u1eadn h\u00e0ng s\u1ebd c\u00f3 s\u1ef1 thay \u0111\u1ed5i.&nbsp;<\/p>\n\n\n\n<p>\u2013 Th\u1eddi gian giao h\u00e0ng \u0111\u01b0\u1ee3c t\u00ednh t\u1eeb l\u00fac ho\u00e0n t\u1ea5t th\u1ee7 t\u1ee5c \u0111\u1eb7t h\u00e0ng v\u1edbi nh\u00e2n vi\u00ean t\u01b0 v\u1ea5n \u0111\u1ebfn khi nh\u1eadn \u0111\u01b0\u1ee3c h\u00e0ng<\/p>\n\n\n\n<ul class=\"wp-block-list\">\n<li>\u0110\u1ed1i v\u1edbi c\u00e1c m\u1eb7t h\u00e0ng t\u1ee7 b\u1ebfp c\u1ea7n l\u1eafp \u0111\u1eb7t ch\u00fang t\u00f4i s\u1ebd c\u00f3 nh\u00e2n vi\u00ean h\u1ed7 tr\u1ee3 l\u1eafp \u0111\u1eb7t t\u1eadn n\u01a1i v\u00e0 mi\u1ec5n ph\u00ed cho qu\u00fd kh\u00e1ch<\/li>\n<\/ul>\n\n\n\n<p><strong>Tr\u01b0\u1eddng h\u1ee3p ph\u00e1t sinh ch\u1eadm tr\u1ec5 trong vi\u1ec7c giao h\u00e0ng ho\u1eb7c s\u1ea3n ph\u1ea9m kh\u00f4ng \u0111\u01b0\u1ee3c b\u00e1n qu\u00e1 10 ng\u00e0y kh\u00e1ch h\u00e0ng c\u00f3 th\u1ec3 h\u1ee7y \u0111\u01a1n h\u00e0ng m\u00e0 kh\u00f4ng ch\u1ecbu b\u1ea5t k\u1ef3 chi ph\u00ed n\u00e0o.<\/strong><strong><\/strong><\/p>\n\n\n\n<ul class=\"wp-block-list\">\n<li><a><strong>H\u00ecnh th\u1ee9c giao h\u00e0ng:<\/strong><\/a><\/li>\n<\/ul>\n\n\n\n<p>&#8211; \u0110\u1ed1i v\u1edbi kh\u00e1ch t\u1ec9nh xa: S\u1eed d\u1ee5ng d\u1ecbch v\u1ee5 giao h\u00e0ng.&nbsp;<\/p>\n\n\n\n<p>&#8211; \u0110\u1ed1i v\u1edbi kh\u00e1ch n\u1ed9i th\u00e0nh\/ ngo\u1ea1i th\u00e0nh: S\u1eed d\u1ee5ng d\u1ecbch v\u1ee5 giao h\u00e0ng.&nbsp;<\/p>\n\n\n\n<p>* &nbsp;Ph\u00e2n \u0111\u1ecbnh tr\u00e1ch nhi\u1ec7m c\u1ee7a th\u01b0\u01a1ng nh\u00e2n, t\u1ed5 ch\u1ee9c cung \u1ee9ng d\u1ecbch v\u1ee5 logistics v\u1ec1 cung c\u1ea5p ch\u1ee9ng t\u1eeb h\u00e0ng h\u00f3a trong qu\u00e1 tr\u00ecnh giao nh\u1eadn:<\/p>\n\n\n\n<p>-\u0110\u01a1n v\u1ecb v\u1eadn chuy\u1ec3n c\u00f3 tr\u00e1ch nhi\u1ec7m cung c\u1ea5p ch\u1ee9ng t\u1eeb h\u00e0ng h\u00f3a trong qu\u00e1 tr\u00ecnh giao nh\u1eadn.<\/p>\n\n\n\n<p>&#8211; jieyouvietnam.com c\u00f3 tr\u00e1ch nhi\u1ec7m cung c\u1ea5p \u0111\u1ea7y \u0111\u1ee7 v\u00e0 ch\u00ednh x\u00e1c c\u00e1c ch\u1ee9ng t\u1eeb li\u00ean quan \u0111\u1ebfn h\u00e0ng h\u00f3a cho t\u1ed5 ch\u1ee9c cung c\u1ea5p d\u1ecbch v\u1ee5 logistics v\u00e0 b\u00ean nh\u1eadn h\u00e0ng.<\/p>\n\n\n\n<p>&#8211; T\u1ea5t c\u1ea3 c\u00e1c \u0111\u01a1n h\u00e0ng \u0111\u1ec1u \u0111\u01b0\u1ee3c \u0111\u00f3ng g\u00f3i s\u1eb5n s\u00e0ng tr\u01b0\u1edbc khi v\u1eadn chuy\u1ec3n, \u0111\u01b0\u1ee3c ni\u00eam phong b\u1edfi jieyouvietnam.com<\/p>\n\n\n\n<p>&#8211; \u0110\u01a1n v\u1ecb v\u1eadn chuy\u1ec3n s\u1ebd ch\u1ec9 ch\u1ecbu tr\u00e1ch nhi\u1ec7m v\u1eadn chuy\u1ec3n h\u00e0ng h\u00f3a theo nguy\u00ean t\u1eafc \u201cNguy\u00ean \u0111ai, nguy\u00ean ki\u1ec7n\u201d, cung c\u1ea5p ch\u1ee9ng t\u1eeb l\u00e0&nbsp;phi\u1ebfu giao h\u00e0ng trong \u0111\u00f3 c\u00f3 th\u00f4ng tin nh\u01b0: Th\u00f4ng tin ng\u01b0\u1eddi nh\u1eadn (Bao g\u1ed3m: T\u00ean ng\u01b0\u1eddi nh\u1eadn, s\u1ed1 \u0111i\u1ec7n tho\u1ea1i v\u00e0 \u0111\u1ecba ch\u1ec9 ng\u01b0\u1eddi nh\u1eadn, t\u00ean h\u00e0ng h\u00f3a).<\/p>\n\n\n\n<p>&#8211; \u0110\u01a1n v\u1ecb v\u1eadn chuy\u1ec3n c\u00f3 quy\u1ec1n v\u00e0 tr\u00e1ch nhi\u1ec7m cung c\u1ea5p hoa \u0111\u01a1n cho c\u01a1 quan qu\u1ea3n l\u00fd nh\u00e0 n\u01b0\u1edbc khi c\u00f3 y\u00eau c\u1ea7u<\/p>\n\n\n\n<p>&#8211; Tr\u00ean bao b\u00ec t\u1ea5t c\u1ea3 c\u00e1c \u0111\u01a1n h\u00e0ng \u0111\u1ec1u c\u00f3 th\u00f4ng tin: T\u00ean ng\u01b0\u1eddi nh\u1eadn, s\u1ed1 \u0111i\u1ec7n tho\u1ea1i v\u00e0 \u0111\u1ecba ch\u1ec9 ng\u01b0\u1eddi nh\u1eadn.<\/p>\n\n\n\n<p>&#8211; \u0110\u1ec3 \u0111\u1ea3m b\u1ea3o an to\u00e0n cho h\u00e0ng h\u00f3a jieyouvietnam.com s\u1ebd g\u1eedi k\u00e8m Phi\u1ebfu b\u00e1n h\u00e0ng h\u1ee3p l\u1ec7 c\u1ee7a s\u1ea3n ph\u1ea9m trong b\u01b0u ki\u1ec7n (n\u1ebfu c\u00f3), sau khi kh\u00e1ch h\u00e0ng x\u00e1c nh\u1eadn jieyouvietnam.com s\u1ebd xu\u1ea5t h\u00f3a \u0111\u01a1n \u0111i\u1ec7n t\u1eed v\u00e0 g\u1edfi qua mail c\u1ee7a kh\u00e1ch h\u00e0ng cung c\u1ea5p.<\/p>\n\n\n\n<p>&#8211;&nbsp;<em>H\u00f3a \u0111\u01a1n t\u00e0i ch\u00ednh<\/em> ho\u1eb7c <em>phi\u1ebfu b\u00e1n h\u00e0ng<\/em> l\u00e0 c\u0103n c\u1ee9 h\u1ed7 tr\u1ee3 qu\u00e1 tr\u00ecnh x\u1eed l\u00fd khi\u1ebfu n\u1ea1i nh\u01b0: x\u00e1c \u0111\u1ecbnh gi\u00e1 tr\u1ecb th\u1ecb tr\u01b0\u1eddng c\u1ee7a h\u00e0ng h\u00f3a, \u0111\u1ea3m b\u1ea3o h\u00e0ng h\u00f3a l\u01b0u th\u00f4ng h\u1ee3p l\u1ec7 v.v..<\/p>\n\n\n\n<p><a><strong>4. Ch\u00ednh s\u00e1ch ki\u1ec3m h\u00e0ng:<\/strong><\/a><\/p>\n\n\n\n<p>&nbsp;Khi nh\u1eadn h\u00e0ng qu\u00fd kh\u00e1ch c\u00f3 quy\u1ec1n y\u00eau c\u1ea7u nh\u00e2n vi\u00ean giao h\u00e0ng m\u1edf cho ki\u1ec3m r\u1ed3i m\u1edbi nh\u1eadn h\u00e0ng.<\/p>\n\n\n\n<p>Tr\u01b0\u1eddng h\u1ee3p \u0111\u01a1n h\u00e0ng \u0111\u1eb7t m\u00e0 b\u00ean b\u00e1n giao kh\u00f4ng \u0111\u00fang&nbsp;lo\u1ea1i s\u1ea3n ph\u1ea9m qu\u00fd kh\u00e1ch c\u00f3 quy\u1ec1n tr\u1ea3 h\u00e0ng v\u00e0 kh\u00f4ng kh\u00f4ng thanh to\u00e1n ti\u1ec1n.<\/p>\n\n\n\n<p>Tr\u01b0\u1eddng h\u1ee3p qu\u00fd kh\u00e1ch \u0111\u00e3 thanh to\u00e1n tr\u01b0\u1edbc nh\u01b0ng&nbsp;\u0111\u01a1n h\u00e0ng kh\u00f4ng \u0111\u00fang qu\u00fd kh\u00e1ch y\u00eau c\u1ea7u ho\u00e0n ti\u1ec1n ho\u1eb7c giao l\u1ea1i \u0111\u01a1n m\u1edbi nh\u01b0 \u0111\u00e3 \u0111\u1eb7t.<\/p>\n\n\n\n<p>Trong tr\u01b0\u1eddng h\u1ee3p y\u00eau c\u1ea7u ho\u00e0n ti\u1ec1n ho\u1eb7c \u0111\u1ed5i \u0111\u01a1n qu\u00fd kh\u00e1ch li\u00ean h\u1ec7 qua Email: jieyuouvietnam@gmail.com ho\u1eb7c s\u1ed1 \u0111i\u1ec7n tho\u1ea1i <strong>0988557813<\/strong> ch\u00fang t\u00f4i cam k\u1ebft s\u1ebd gi\u1ea3i quy\u1ebft m\u1ecdi y\u00eau c\u1ea7u c\u1ee7a qu\u00fd kh\u00e1ch.&nbsp;&nbsp;<\/p>","protected":false},"excerpt":{"rendered":"<p>Ph\u1ea1m vi \u00e1p d\u1ee5ng: t\u1ea5t c\u1ea3 m\u1ecdi t\u1ec9nh th\u00e0nh tr\u00ean c\u1ea3 n\u01b0\u1edbc. \u2013 \u0110\u01a1n h\u00e0ng sau khi \u0111\u01b0\u1ee3c ti\u1ebfp nh\u1eadn x\u1eed l\u00fd xong s\u1ebd \u0111\u01b0\u1ee3c giao ngay trong v\u00f2ng 24h ho\u1eb7c theo ti\u1ebfn \u0111\u1ed9 h\u1ee3p \u0111\u1ed3ng.&nbsp; \u2013 \u0110\u1ed1i v\u1edbi kh\u00e1ch h\u00e0ng \u1edf t\u1ec9nh xa, sau khi ti\u1ebfp nh\u1eadn \u0111\u01a1n h\u00e0ng th\u1eddi gian nh\u1eadn h\u00e0ng d\u1ef1 [&#8230;]\n","protected":false},"author":1,"featured_media":0,"parent":0,"menu_order":0,"comment_status":"closed","ping_status":"closed","template":"","meta":{"_acf_changed":false,"footnotes":""},"class_list":["post-2303","page","type-page","status-publish","hentry"],"acf":[],"_links":{"self":[{"href":"https:\/\/jieyouvietnam.com\/en\/wp-json\/wp\/v2\/pages\/2303","targetHints":{"allow":["GET"]}}],"collection":[{"href":"https:\/\/jieyouvietnam.com\/en\/wp-json\/wp\/v2\/pages"}],"about":[{"href":"https:\/\/jieyouvietnam.com\/en\/wp-json\/wp\/v2\/types\/page"}],"author":[{"embeddable":true,"href":"https:\/\/jieyouvietnam.com\/en\/wp-json\/wp\/v2\/users\/1"}],"replies":[{"embeddable":true,"href":"https:\/\/jieyouvietnam.com\/en\/wp-json\/wp\/v2\/comments?post=2303"}],"version-history":[{"count":2,"href":"https:\/\/jieyouvietnam.com\/en\/wp-json\/wp\/v2\/pages\/2303\/revisions"}],"predecessor-version":[{"id":2331,"href":"https:\/\/jieyouvietnam.com\/en\/wp-json\/wp\/v2\/pages\/2303\/revisions\/2331"}],"wp:attachment":[{"href":"https:\/\/jieyouvietnam.com\/en\/wp-json\/wp\/v2\/media?parent=2303"}],"curies":[{"name":"wp","href":"https:\/\/api.w.org\/{rel}","templated":true}]}}