{"id":2305,"date":"2026-02-09T19:46:22","date_gmt":"2026-02-09T12:46:22","guid":{"rendered":"https:\/\/jieyouvietnam.com\/?page_id=2305"},"modified":"2026-03-07T18:54:32","modified_gmt":"2026-03-07T11:54:32","slug":"return-policy","status":"publish","type":"page","link":"https:\/\/jieyouvietnam.com\/en\/return-policy\/","title":{"rendered":"CH\u00cdNH S\u00c1CH HO\u00c0N TI\u1ec0N V\u00c0 \u0110\u1ed4I TR\u1ea2"},"content":{"rendered":"<p>I. <strong>CH\u00cdNH S\u00c1CH HO\u00c0N TI\u1ec0N V\u00c0 \u0110\u1ed4I TR\u1ea2 (Refund &amp; Return Policy)<\/strong><\/p>\n\n\n\n<p>1. Nguy\u00ean t\u1eafc chung<\/p>\n\n\n\n<p>T\u1ea5t c\u1ea3 c\u00e1c giao d\u1ecbch mua h\u00e0ng tr\u00ean website \u0111\u01b0\u1ee3c xem l\u00e0 giao d\u1ecbch th\u01b0\u01a1ng m\u1ea1i \u0111i\u1ec7n t\u1eed h\u1ee3p ph\u00e1p.<\/p>\n\n\n\n<p>Khi kh\u00e1ch h\u00e0ng th\u1ef1c hi\u1ec7n thanh to\u00e1n, kh\u00e1ch h\u00e0ng x\u00e1c nh\u1eadn r\u1eb1ng:<\/p>\n\n\n\n<p>&nbsp;&nbsp;&nbsp;&nbsp;&nbsp;&nbsp;&nbsp;&nbsp;&nbsp;&nbsp;&nbsp;&nbsp;&nbsp;&nbsp; \u2022&nbsp;&nbsp;&nbsp;&nbsp;&nbsp;&nbsp;&nbsp;&nbsp;&nbsp;&nbsp;&nbsp;&nbsp; \u0110\u00e3 \u0111\u1ecdc v\u00e0 hi\u1ec3u \u0111\u1ea7y \u0111\u1ee7 Ch\u00ednh s\u00e1ch ho\u00e0n ti\u1ec1n v\u00e0 \u0111\u1ed5i tr\u1ea3.<\/p>\n\n\n\n<p>&nbsp;&nbsp;&nbsp;&nbsp;&nbsp;&nbsp;&nbsp;&nbsp;&nbsp;&nbsp;&nbsp;&nbsp;&nbsp;&nbsp; \u2022&nbsp;&nbsp;&nbsp;&nbsp;&nbsp;&nbsp;&nbsp;&nbsp;&nbsp;&nbsp;&nbsp;&nbsp; \u0110\u1ed3ng \u00fd v\u1edbi \u0110i\u1ec1u kho\u1ea3n s\u1eed d\u1ee5ng c\u1ee7a website.<\/p>\n\n\n\n<p>&nbsp;&nbsp;&nbsp;&nbsp;&nbsp;&nbsp;&nbsp;&nbsp;&nbsp;&nbsp;&nbsp;&nbsp;&nbsp;&nbsp; \u2022&nbsp;&nbsp;&nbsp;&nbsp;&nbsp;&nbsp;&nbsp;&nbsp;&nbsp;&nbsp;&nbsp;&nbsp; Ch\u1ea5p nh\u1eadn m\u1ecdi \u0111i\u1ec1u ki\u1ec7n giao d\u1ecbch tr\u01b0\u1edbc khi thanh to\u00e1n.<\/p>\n\n\n\n<p>Vi\u1ec7c ho\u00e0n t\u1ea5t thanh to\u00e1n \u0111\u1ed3ng ngh\u0129a v\u1edbi vi\u1ec7c k\u00fd k\u1ebft h\u1ee3p \u0111\u1ed3ng mua b\u00e1n \u0111i\u1ec7n t\u1eed gi\u1eefa kh\u00e1ch h\u00e0ng v\u00e0 doanh nghi\u1ec7p.<\/p>\n\n\n\n<p>2. Ch\u00ednh s\u00e1ch FINAL SALE (kh\u00f4ng ho\u00e0n ti\u1ec1n)<\/p>\n\n\n\n<p>T\u1ea5t c\u1ea3 c\u00e1c \u0111\u01a1n h\u00e0ng sau khi thanh to\u00e1n \u0111\u01b0\u1ee3c xem l\u00e0 FINAL SALE \u2013 giao d\u1ecbch cu\u1ed1i c\u00f9ng.<\/p>\n\n\n\n<p>Doanh nghi\u1ec7p kh\u00f4ng ch\u1ea5p nh\u1eadn ho\u00e0n ti\u1ec1n trong c\u00e1c tr\u01b0\u1eddng h\u1ee3p sau:<\/p>\n\n\n\n<p>&nbsp;&nbsp;&nbsp;&nbsp;&nbsp;&nbsp;&nbsp;&nbsp;&nbsp;&nbsp;&nbsp;&nbsp;&nbsp;&nbsp; \u2022&nbsp;&nbsp;&nbsp;&nbsp;&nbsp;&nbsp;&nbsp;&nbsp;&nbsp;&nbsp;&nbsp;&nbsp; Kh\u00e1ch h\u00e0ng thay \u0111\u1ed5i quy\u1ebft \u0111\u1ecbnh mua h\u00e0ng.<\/p>\n\n\n\n<p>&nbsp;&nbsp;&nbsp;&nbsp;&nbsp;&nbsp;&nbsp;&nbsp;&nbsp;&nbsp;&nbsp;&nbsp;&nbsp;&nbsp; \u2022&nbsp;&nbsp;&nbsp;&nbsp;&nbsp;&nbsp;&nbsp;&nbsp;&nbsp;&nbsp;&nbsp;&nbsp; Kh\u00e1ch h\u00e0ng kh\u00f4ng \u0111\u1ecdc k\u1ef9 th\u00f4ng tin s\u1ea3n ph\u1ea9m.<\/p>\n\n\n\n<p>&nbsp;&nbsp;&nbsp;&nbsp;&nbsp;&nbsp;&nbsp;&nbsp;&nbsp;&nbsp;&nbsp;&nbsp;&nbsp;&nbsp; \u2022&nbsp;&nbsp;&nbsp;&nbsp;&nbsp;&nbsp;&nbsp;&nbsp;&nbsp;&nbsp;&nbsp;&nbsp; Kh\u00e1ch h\u00e0ng \u0111\u1eb7t nh\u1ea7m s\u1ea3n ph\u1ea9m, k\u00edch th\u01b0\u1edbc ho\u1eb7c m\u00e0u s\u1eafc.<\/p>\n\n\n\n<p>&nbsp;&nbsp;&nbsp;&nbsp;&nbsp;&nbsp;&nbsp;&nbsp;&nbsp;&nbsp;&nbsp;&nbsp;&nbsp;&nbsp; \u2022&nbsp;&nbsp;&nbsp;&nbsp;&nbsp;&nbsp;&nbsp;&nbsp;&nbsp;&nbsp;&nbsp;&nbsp; Kh\u00e1ch h\u00e0ng kh\u00f4ng th\u00edch s\u1ea3n ph\u1ea9m sau khi nh\u1eadn.<\/p>\n\n\n\n<p>&nbsp;&nbsp;&nbsp;&nbsp;&nbsp;&nbsp;&nbsp;&nbsp;&nbsp;&nbsp;&nbsp;&nbsp;&nbsp;&nbsp; \u2022&nbsp;&nbsp;&nbsp;&nbsp;&nbsp;&nbsp;&nbsp;&nbsp;&nbsp;&nbsp;&nbsp;&nbsp; Kh\u00e1ch h\u00e0ng kh\u00f4ng s\u1eed d\u1ee5ng \u0111\u01b0\u1ee3c s\u1ea3n ph\u1ea9m do \u0111i\u1ec1u ki\u1ec7n c\u00e1 nh\u00e2n.<\/p>\n\n\n\n<p>Sau 12 gi\u1edd k\u1ec3 t\u1eeb khi thanh to\u00e1n th\u00e0nh c\u00f4ng, h\u1ec7 th\u1ed1ng s\u1ebd t\u1ef1 \u0111\u1ed9ng kh\u00f3a m\u1ecdi y\u00eau c\u1ea7u h\u1ee7y \u0111\u01a1n ho\u1eb7c ho\u00e0n ti\u1ec1n.<\/p>\n\n\n\n<p>3. Tr\u01b0\u1eddng h\u1ee3p duy nh\u1ea5t \u0111\u01b0\u1ee3c xem x\u00e9t \u0111\u1ed5i s\u1ea3n ph\u1ea9m<\/p>\n\n\n\n<p>Doanh nghi\u1ec7p ch\u1ec9 xem x\u00e9t \u0111\u1ed5i s\u1ea3n ph\u1ea9m, kh\u00f4ng ho\u00e0n ti\u1ec1n, trong c\u00e1c tr\u01b0\u1eddng h\u1ee3p sau:<\/p>\n\n\n\n<p>&nbsp;&nbsp;&nbsp;&nbsp;&nbsp;&nbsp;&nbsp;&nbsp;&nbsp;&nbsp;&nbsp;&nbsp;&nbsp;&nbsp; 1.&nbsp;&nbsp;&nbsp;&nbsp;&nbsp;&nbsp;&nbsp;&nbsp;&nbsp;&nbsp;&nbsp; S\u1ea3n ph\u1ea9m b\u1ecb l\u1ed7i k\u1ef9 thu\u1eadt t\u1eeb nh\u00e0 s\u1ea3n xu\u1ea5t<\/p>\n\n\n\n<p>&nbsp;&nbsp;&nbsp;&nbsp;&nbsp;&nbsp;&nbsp;&nbsp;&nbsp;&nbsp;&nbsp;&nbsp;&nbsp;&nbsp; 2.&nbsp;&nbsp;&nbsp;&nbsp;&nbsp;&nbsp;&nbsp;&nbsp;&nbsp;&nbsp;&nbsp; S\u1ea3n ph\u1ea9m b\u1ecb h\u01b0 h\u1ecfng trong qu\u00e1 tr\u00ecnh v\u1eadn chuy\u1ec3n<\/p>\n\n\n\n<p>&nbsp;&nbsp;&nbsp;&nbsp;&nbsp;&nbsp;&nbsp;&nbsp;&nbsp;&nbsp;&nbsp;&nbsp;&nbsp;&nbsp; 3.&nbsp;&nbsp;&nbsp;&nbsp;&nbsp;&nbsp;&nbsp;&nbsp;&nbsp;&nbsp;&nbsp; S\u1ea3n ph\u1ea9m giao sai so v\u1edbi \u0111\u01a1n \u0111\u1eb7t h\u00e0ng<\/p>\n\n\n\n<p>Kh\u00e1ch h\u00e0ng ph\u1ea3i g\u1eedi y\u00eau c\u1ea7u trong v\u00f2ng 12 gi\u1edd k\u1ec3 t\u1eeb khi nh\u1eadn h\u00e0ng.<\/p>\n\n\n\n<p>Sau th\u1eddi gian n\u00e0y, m\u1ecdi y\u00eau c\u1ea7u s\u1ebd kh\u00f4ng \u0111\u01b0\u1ee3c x\u1eed l\u00fd.<\/p>\n\n\n\n<p>4. \u0110i\u1ec1u ki\u1ec7n b\u1eaft bu\u1ed9c khi y\u00eau c\u1ea7u \u0111\u1ed5i h\u00e0ng<\/p>\n\n\n\n<p>\u0110\u1ec3 \u0111\u01b0\u1ee3c xem x\u00e9t \u0111\u1ed5i s\u1ea3n ph\u1ea9m, kh\u00e1ch h\u00e0ng ph\u1ea3i cung c\u1ea5p:<\/p>\n\n\n\n<p>&nbsp;&nbsp;&nbsp;&nbsp;&nbsp;&nbsp;&nbsp;&nbsp;&nbsp;&nbsp;&nbsp;&nbsp;&nbsp;&nbsp; \u2022&nbsp;&nbsp;&nbsp;&nbsp;&nbsp;&nbsp;&nbsp;&nbsp;&nbsp;&nbsp;&nbsp;&nbsp; Video quay qu\u00e1 tr\u00ecnh m\u1edf h\u1ed9p s\u1ea3n ph\u1ea9m<\/p>\n\n\n\n<p>&nbsp;&nbsp;&nbsp;&nbsp;&nbsp;&nbsp;&nbsp;&nbsp;&nbsp;&nbsp;&nbsp;&nbsp;&nbsp;&nbsp; \u2022&nbsp;&nbsp;&nbsp;&nbsp;&nbsp;&nbsp;&nbsp;&nbsp;&nbsp;&nbsp;&nbsp;&nbsp; H\u00ecnh \u1ea3nh r\u00f5 r\u00e0ng c\u1ee7a s\u1ea3n ph\u1ea9m<\/p>\n\n\n\n<p>&nbsp;&nbsp;&nbsp;&nbsp;&nbsp;&nbsp;&nbsp;&nbsp;&nbsp;&nbsp;&nbsp;&nbsp;&nbsp;&nbsp; \u2022&nbsp;&nbsp;&nbsp;&nbsp;&nbsp;&nbsp;&nbsp;&nbsp;&nbsp;&nbsp;&nbsp;&nbsp; M\u00e3 \u0111\u01a1n h\u00e0ng h\u1ee3p l\u1ec7<\/p>\n\n\n\n<p>S\u1ea3n ph\u1ea9m g\u1eedi \u0111\u1ed5i ph\u1ea3i:<\/p>\n\n\n\n<p>&nbsp;&nbsp;&nbsp;&nbsp;&nbsp;&nbsp;&nbsp;&nbsp;&nbsp;&nbsp;&nbsp;&nbsp;&nbsp;&nbsp; \u2022&nbsp;&nbsp;&nbsp;&nbsp;&nbsp;&nbsp;&nbsp;&nbsp;&nbsp;&nbsp;&nbsp;&nbsp; Ch\u01b0a qua s\u1eed d\u1ee5ng<\/p>\n\n\n\n<p>&nbsp;&nbsp;&nbsp;&nbsp;&nbsp;&nbsp;&nbsp;&nbsp;&nbsp;&nbsp;&nbsp;&nbsp;&nbsp;&nbsp; \u2022&nbsp;&nbsp;&nbsp;&nbsp;&nbsp;&nbsp;&nbsp;&nbsp;&nbsp;&nbsp;&nbsp;&nbsp; C\u00f2n nguy\u00ean tem ni\u00eam phong<\/p>\n\n\n\n<p>&nbsp;&nbsp;&nbsp;&nbsp;&nbsp;&nbsp;&nbsp;&nbsp;&nbsp;&nbsp;&nbsp;&nbsp;&nbsp;&nbsp; \u2022&nbsp;&nbsp;&nbsp;&nbsp;&nbsp;&nbsp;&nbsp;&nbsp;&nbsp;&nbsp;&nbsp;&nbsp; C\u00f2n \u0111\u1ea7y \u0111\u1ee7 ph\u1ee5 ki\u1ec7n v\u00e0 bao b\u00ec g\u1ed1c<\/p>\n\n\n\n<p>N\u1ebfu kh\u00f4ng \u0111\u00e1p \u1ee9ng c\u00e1c \u0111i\u1ec1u ki\u1ec7n tr\u00ean, doanh nghi\u1ec7p c\u00f3 quy\u1ec1n t\u1eeb ch\u1ed1i y\u00eau c\u1ea7u.<\/p>\n\n\n\n<p>5. Ph\u01b0\u01a1ng th\u1ee9c x\u1eed l\u00fd<\/p>\n\n\n\n<p>Trong tr\u01b0\u1eddng h\u1ee3p y\u00eau c\u1ea7u h\u1ee3p l\u1ec7, doanh nghi\u1ec7p c\u00f3 quy\u1ec1n l\u1ef1a ch\u1ecdn:<\/p>\n\n\n\n<p>&nbsp;&nbsp;&nbsp;&nbsp;&nbsp;&nbsp;&nbsp;&nbsp;&nbsp;&nbsp;&nbsp;&nbsp;&nbsp;&nbsp; \u2022&nbsp;&nbsp;&nbsp;&nbsp;&nbsp;&nbsp;&nbsp;&nbsp;&nbsp;&nbsp;&nbsp;&nbsp; \u0110\u1ed5i s\u1ea3n ph\u1ea9m t\u01b0\u01a1ng \u0111\u01b0\u01a1ng<\/p>\n\n\n\n<p>&nbsp;&nbsp;&nbsp;&nbsp;&nbsp;&nbsp;&nbsp;&nbsp;&nbsp;&nbsp;&nbsp;&nbsp;&nbsp;&nbsp; \u2022&nbsp;&nbsp;&nbsp;&nbsp;&nbsp;&nbsp;&nbsp;&nbsp;&nbsp;&nbsp;&nbsp;&nbsp; Cung c\u1ea5p s\u1ea3n ph\u1ea9m thay th\u1ebf<\/p>\n\n\n\n<p>&nbsp;&nbsp;&nbsp;&nbsp;&nbsp;&nbsp;&nbsp;&nbsp;&nbsp;&nbsp;&nbsp;&nbsp;&nbsp;&nbsp; \u2022&nbsp;&nbsp;&nbsp;&nbsp;&nbsp;&nbsp;&nbsp;&nbsp;&nbsp;&nbsp;&nbsp;&nbsp; C\u1ea5p m\u00e3 t\u00edn d\u1ee5ng mua h\u00e0ng (Store Credit)<\/p>\n\n\n\n<p>Doanh nghi\u1ec7p kh\u00f4ng c\u00f3 ngh\u0129a v\u1ee5 ho\u00e0n ti\u1ec1n m\u1eb7t ho\u1eb7c ho\u00e0n ti\u1ec1n v\u1ec1 t\u00e0i kho\u1ea3n thanh to\u00e1n.<\/p>\n\n\n\n<p>6. Chi ph\u00ed v\u1eadn chuy\u1ec3n<\/p>\n\n\n\n<p>Kh\u00e1ch h\u00e0ng ch\u1ecbu to\u00e0n b\u1ed9 chi ph\u00ed v\u1eadn chuy\u1ec3n li\u00ean quan \u0111\u1ebfn vi\u1ec7c \u0111\u1ed5i s\u1ea3n ph\u1ea9m.<\/p>\n\n\n\n<p>Doanh nghi\u1ec7p kh\u00f4ng ch\u1ecbu tr\u00e1ch nhi\u1ec7m \u0111\u1ed1i v\u1edbi r\u1ee7i ro m\u1ea5t m\u00e1t ho\u1eb7c h\u01b0 h\u1ecfng trong qu\u00e1 tr\u00ecnh v\u1eadn chuy\u1ec3n tr\u1ea3 h\u00e0ng.<\/p>\n\n\n\n<p>7. Tr\u00e1ch nhi\u1ec7m c\u1ee7a kh\u00e1ch h\u00e0ng<\/p>\n\n\n\n<p>Kh\u00e1ch h\u00e0ng c\u00f3 tr\u00e1ch nhi\u1ec7m:<\/p>\n\n\n\n<p>&nbsp;&nbsp;&nbsp;&nbsp;&nbsp;&nbsp;&nbsp;&nbsp;&nbsp;&nbsp;&nbsp;&nbsp;&nbsp;&nbsp; \u2022&nbsp;&nbsp;&nbsp;&nbsp;&nbsp;&nbsp;&nbsp;&nbsp;&nbsp;&nbsp;&nbsp;&nbsp; Ki\u1ec3m tra k\u1ef9 th\u00f4ng tin s\u1ea3n ph\u1ea9m tr\u01b0\u1edbc khi \u0111\u1eb7t mua<\/p>\n\n\n\n<p>&nbsp;&nbsp;&nbsp;&nbsp;&nbsp;&nbsp;&nbsp;&nbsp;&nbsp;&nbsp;&nbsp;&nbsp;&nbsp;&nbsp; \u2022&nbsp;&nbsp;&nbsp;&nbsp;&nbsp;&nbsp;&nbsp;&nbsp;&nbsp;&nbsp;&nbsp;&nbsp; Cung c\u1ea5p th\u00f4ng tin giao h\u00e0ng ch\u00ednh x\u00e1c<\/p>\n\n\n\n<p>&nbsp;&nbsp;&nbsp;&nbsp;&nbsp;&nbsp;&nbsp;&nbsp;&nbsp;&nbsp;&nbsp;&nbsp;&nbsp;&nbsp; \u2022&nbsp;&nbsp;&nbsp;&nbsp;&nbsp;&nbsp;&nbsp;&nbsp;&nbsp;&nbsp;&nbsp;&nbsp; Theo d\u00f5i t\u00ecnh tr\u1ea1ng \u0111\u01a1n h\u00e0ng sau khi thanh to\u00e1n<\/p>\n\n\n\n<p>Doanh nghi\u1ec7p kh\u00f4ng ch\u1ecbu tr\u00e1ch nhi\u1ec7m \u0111\u1ed1i v\u1edbi c\u00e1c v\u1ea5n \u0111\u1ec1 ph\u00e1t sinh do:<\/p>\n\n\n\n<p>&nbsp;&nbsp;&nbsp;&nbsp;&nbsp;&nbsp;&nbsp;&nbsp;&nbsp;&nbsp;&nbsp;&nbsp;&nbsp;&nbsp; \u2022&nbsp;&nbsp;&nbsp;&nbsp;&nbsp;&nbsp;&nbsp;&nbsp;&nbsp;&nbsp;&nbsp;&nbsp; Kh\u00e1ch h\u00e0ng cung c\u1ea5p sai \u0111\u1ecba ch\u1ec9<\/p>\n\n\n\n<p>&nbsp;&nbsp;&nbsp;&nbsp;&nbsp;&nbsp;&nbsp;&nbsp;&nbsp;&nbsp;&nbsp;&nbsp;&nbsp;&nbsp; \u2022&nbsp;&nbsp;&nbsp;&nbsp;&nbsp;&nbsp;&nbsp;&nbsp;&nbsp;&nbsp;&nbsp;&nbsp; Kh\u00e1ch h\u00e0ng kh\u00f4ng nh\u1eadn h\u00e0ng<\/p>\n\n\n\n<p>&nbsp;&nbsp;&nbsp;&nbsp;&nbsp;&nbsp;&nbsp;&nbsp;&nbsp;&nbsp;&nbsp;&nbsp;&nbsp;&nbsp; \u2022&nbsp;&nbsp;&nbsp;&nbsp;&nbsp;&nbsp;&nbsp;&nbsp;&nbsp;&nbsp;&nbsp;&nbsp; Kh\u00e1ch h\u00e0ng kh\u00f4ng ph\u1ea3n h\u1ed3i trong qu\u00e1 tr\u00ecnh giao h\u00e0ng<\/p>\n\n\n\n<p>v\u00e0 c\u00e1c c\u01a1 quan c\u00f3 th\u1ea9m quy\u1ec1n theo quy \u0111\u1ecbnh ph\u00e1p lu\u1eadt.<\/p>\n\n\n\n<p>8. Gi\u1edbi h\u1ea1n tr\u00e1ch nhi\u1ec7m<\/p>\n\n\n\n<p>Doanh nghi\u1ec7p kh\u00f4ng ch\u1ecbu tr\u00e1ch nhi\u1ec7m \u0111\u1ed1i v\u1edbi:<\/p>\n\n\n\n<p>&nbsp;&nbsp;&nbsp;&nbsp;&nbsp;&nbsp;&nbsp;&nbsp;&nbsp;&nbsp;&nbsp;&nbsp;&nbsp;&nbsp; \u2022&nbsp;&nbsp;&nbsp;&nbsp;&nbsp;&nbsp;&nbsp;&nbsp;&nbsp;&nbsp;&nbsp;&nbsp; Thi\u1ec7t h\u1ea1i gi\u00e1n ti\u1ebfp ph\u00e1t sinh t\u1eeb vi\u1ec7c s\u1eed d\u1ee5ng s\u1ea3n ph\u1ea9m<\/p>\n\n\n\n<p>&nbsp;&nbsp;&nbsp;&nbsp;&nbsp;&nbsp;&nbsp;&nbsp;&nbsp;&nbsp;&nbsp;&nbsp;&nbsp;&nbsp; \u2022&nbsp;&nbsp;&nbsp;&nbsp;&nbsp;&nbsp;&nbsp;&nbsp;&nbsp;&nbsp;&nbsp;&nbsp; M\u1ea5t m\u00e1t l\u1ee3i nhu\u1eadn ho\u1eb7c c\u01a1 h\u1ed9i kinh doanh c\u1ee7a kh\u00e1ch h\u00e0ng<\/p>\n\n\n\n<p>&nbsp;&nbsp;&nbsp;&nbsp;&nbsp;&nbsp;&nbsp;&nbsp;&nbsp;&nbsp;&nbsp;&nbsp;&nbsp;&nbsp; \u2022&nbsp;&nbsp;&nbsp;&nbsp;&nbsp;&nbsp;&nbsp;&nbsp;&nbsp;&nbsp;&nbsp;&nbsp; S\u1ef1 c\u1ed1 ph\u00e1t sinh t\u1eeb ng\u00e2n h\u00e0ng, c\u1ed5ng thanh to\u00e1n ho\u1eb7c \u0111\u01a1n v\u1ecb v\u1eadn chuy\u1ec3n<\/p>\n\n\n\n<p>9. Gi\u1ea3i quy\u1ebft tranh ch\u1ea5p<\/p>\n\n\n\n<p>M\u1ecdi tranh ch\u1ea5p ph\u00e1t sinh s\u1ebd \u0111\u01b0\u1ee3c gi\u1ea3i quy\u1ebft theo ph\u00e1p lu\u1eadt Vi\u1ec7t Nam.<\/p>\n\n\n\n<p>Trong tr\u01b0\u1eddng h\u1ee3p kh\u00f4ng th\u1ec3 gi\u1ea3i quy\u1ebft th\u00f4ng qua th\u01b0\u01a1ng l\u01b0\u1ee3ng, tranh ch\u1ea5p s\u1ebd \u0111\u01b0\u1ee3c \u0111\u01b0a ra t\u00f2a \u00e1n c\u00f3 th\u1ea9m quy\u1ec1n t\u1ea1i Vi\u1ec7t Nam.<\/p>\n\n\n\n<p>10. \u0110i\u1ec1u kho\u1ea3n cu\u1ed1i c\u00f9ng<\/p>\n\n\n\n<p>Nh\u1eadn h\u00e0ng t\u1ea1i c\u1eeda h\u00e0ng (Store Pickup)<\/p>\n\n\n\n<p>Kh\u00e1ch h\u00e0ng ch\u1ecdn h\u00ecnh th\u1ee9c nh\u1eadn h\u00e0ng t\u1ea1i c\u1eeda h\u00e0ng ph\u1ea3i x\u00e1c nh\u1eadn \u0111\u01a1n h\u00e0ng qua email ho\u1eb7c h\u1ec7 th\u1ed1ng tr\u01b0\u1edbc khi \u0111\u1ebfn nh\u1eadn.<br>Khi kh\u00e1ch h\u00e0ng \u0111\u1ebfn nh\u1eadn h\u00e0ng v\u00e0 x\u00e1c nh\u1eadn nh\u1eadn h\u00e0ng, \u0111\u01a1n h\u00e0ng \u0111\u01b0\u1ee3c xem l\u00e0 ho\u00e0n t\u1ea5t.<br>C\u1eeda h\u00e0ng kh\u00f4ng ch\u1ea5p nh\u1eadn khi\u1ebfu n\u1ea1i \u201cch\u01b0a nh\u1eadn \u0111\u01b0\u1ee3c h\u00e0ng\u201d ho\u1eb7c y\u00eau c\u1ea7u ho\u00e0n ti\u1ec1n sau khi \u0111\u01a1n h\u00e0ng \u0111\u00e3 \u0111\u01b0\u1ee3c x\u00e1c nh\u1eadn v\u00e0 giao.<\/p>","protected":false},"excerpt":{"rendered":"<p>I. CH\u00cdNH S\u00c1CH HO\u00c0N TI\u1ec0N V\u00c0 \u0110\u1ed4I TR\u1ea2 (Refund &amp; Return Policy) 1. Nguy\u00ean t\u1eafc chung T\u1ea5t c\u1ea3 c\u00e1c giao d\u1ecbch mua h\u00e0ng tr\u00ean website \u0111\u01b0\u1ee3c xem l\u00e0 giao d\u1ecbch th\u01b0\u01a1ng m\u1ea1i \u0111i\u1ec7n t\u1eed h\u1ee3p ph\u00e1p. Khi kh\u00e1ch h\u00e0ng th\u1ef1c hi\u1ec7n thanh to\u00e1n, kh\u00e1ch h\u00e0ng x\u00e1c nh\u1eadn r\u1eb1ng: &nbsp;&nbsp;&nbsp;&nbsp;&nbsp;&nbsp;&nbsp;&nbsp;&nbsp;&nbsp;&nbsp;&nbsp;&nbsp;&nbsp; \u2022&nbsp;&nbsp;&nbsp;&nbsp;&nbsp;&nbsp;&nbsp;&nbsp;&nbsp;&nbsp;&nbsp;&nbsp; \u0110\u00e3 \u0111\u1ecdc v\u00e0 hi\u1ec3u \u0111\u1ea7y [&#8230;]\n","protected":false},"author":1,"featured_media":0,"parent":0,"menu_order":0,"comment_status":"closed","ping_status":"closed","template":"","meta":{"_acf_changed":false,"footnotes":""},"class_list":["post-2305","page","type-page","status-publish","hentry"],"acf":[],"_links":{"self":[{"href":"https:\/\/jieyouvietnam.com\/en\/wp-json\/wp\/v2\/pages\/2305","targetHints":{"allow":["GET"]}}],"collection":[{"href":"https:\/\/jieyouvietnam.com\/en\/wp-json\/wp\/v2\/pages"}],"about":[{"href":"https:\/\/jieyouvietnam.com\/en\/wp-json\/wp\/v2\/types\/page"}],"author":[{"embeddable":true,"href":"https:\/\/jieyouvietnam.com\/en\/wp-json\/wp\/v2\/users\/1"}],"replies":[{"embeddable":true,"href":"https:\/\/jieyouvietnam.com\/en\/wp-json\/wp\/v2\/comments?post=2305"}],"version-history":[{"count":3,"href":"https:\/\/jieyouvietnam.com\/en\/wp-json\/wp\/v2\/pages\/2305\/revisions"}],"predecessor-version":[{"id":2354,"href":"https:\/\/jieyouvietnam.com\/en\/wp-json\/wp\/v2\/pages\/2305\/revisions\/2354"}],"wp:attachment":[{"href":"https:\/\/jieyouvietnam.com\/en\/wp-json\/wp\/v2\/media?parent=2305"}],"curies":[{"name":"wp","href":"https:\/\/api.w.org\/{rel}","templated":true}]}}