{"id":2307,"date":"2026-02-09T19:48:34","date_gmt":"2026-02-09T12:48:34","guid":{"rendered":"https:\/\/jieyouvietnam.com\/?page_id=2307"},"modified":"2026-02-09T20:00:41","modified_gmt":"2026-02-09T13:00:41","slug":"payment-policy","status":"publish","type":"page","link":"https:\/\/jieyouvietnam.com\/en\/payment-policy\/","title":{"rendered":"PAYMENT POLICY"},"content":{"rendered":"<p>PH\u01af\u01a0NG TH\u1ee8C THANH TO\u00c1N<\/p>\n\n\n\n<p>*Thanh to\u00e1n b\u1eb1ng ti\u1ec1n m\u1eb7t: Thanh to\u00e1n khi nh\u1eadn h\u00e0ng<\/p>\n\n\n\n<p>*Thanh to\u00e1n b\u1eb1ng h\u00ecnh th\u1ee9c chuy\u1ec3n kho\u1ea3n:<\/p>\n\n\n\n<p>\u2013 Ch\u1ee7 t\u00e0i kho\u1ea3n: <strong>JIEYOU VIETNAM TRADING AND SERVICES COMPANY LIMITED<\/strong><\/p>\n\n\n\n<p>\u2013 Ng\u00e2n h\u00e0ng: Ng\u00e2n h\u00e0ng TMCP C\u00f4ng Th\u01b0\u01a1ng Vi\u1ec7t Nam (Viettinbank)<\/p>\n\n\n\n<p>\u2013 STK: 111003046506<\/p>\n\n\n\n<ul class=\"wp-block-list\">\n<li>N\u1ed9i dung ck: S\u1ed1 \u0111i\u1ec7n tho\u1ea1i mua h\u00e0ng + m\u00e3 \u0111\u01a1n h\u00e0ng.<\/li>\n\n\n\n<li>&nbsp;Sau khi nh\u1eadn \u0111\u01b0\u1ee3c chuy\u1ec3n kho\u1ea3n ch\u1eadm nh\u1ea5t sau 12 ti\u1ebfng ch\u00fang t\u00f4i s\u1ebd g\u1ecdi \u0111i\u1ec7n x\u00e1c nh\u1eadn v\u1edbi kh\u00e1ch h\u00e0ng.<\/li>\n<\/ul>","protected":false},"excerpt":{"rendered":"<p>PH\u01af\u01a0NG TH\u1ee8C THANH TO\u00c1N *Thanh to\u00e1n b\u1eb1ng ti\u1ec1n m\u1eb7t: Thanh to\u00e1n khi nh\u1eadn h\u00e0ng *Thanh to\u00e1n b\u1eb1ng h\u00ecnh th\u1ee9c chuy\u1ec3n kho\u1ea3n: \u2013 Ch\u1ee7 t\u00e0i kho\u1ea3n: C\u00d4NG TY TNHH TH\u01af\u01a0NG MAI D\u1ecaCH V\u1ee4 JIEYOU VI\u1ec6T NAM \u2013 Ng\u00e2n h\u00e0ng: Ng\u00e2n h\u00e0ng TMCP C\u00f4ng Th\u01b0\u01a1ng Vi\u1ec7t Nam (Viettinbank) \u2013 STK: 111003046506<\/p>","protected":false},"author":1,"featured_media":0,"parent":0,"menu_order":0,"comment_status":"closed","ping_status":"closed","template":"","meta":{"_acf_changed":false,"footnotes":""},"class_list":["post-2307","page","type-page","status-publish","hentry"],"acf":[],"_links":{"self":[{"href":"https:\/\/jieyouvietnam.com\/en\/wp-json\/wp\/v2\/pages\/2307","targetHints":{"allow":["GET"]}}],"collection":[{"href":"https:\/\/jieyouvietnam.com\/en\/wp-json\/wp\/v2\/pages"}],"about":[{"href":"https:\/\/jieyouvietnam.com\/en\/wp-json\/wp\/v2\/types\/page"}],"author":[{"embeddable":true,"href":"https:\/\/jieyouvietnam.com\/en\/wp-json\/wp\/v2\/users\/1"}],"replies":[{"embeddable":true,"href":"https:\/\/jieyouvietnam.com\/en\/wp-json\/wp\/v2\/comments?post=2307"}],"version-history":[{"count":2,"href":"https:\/\/jieyouvietnam.com\/en\/wp-json\/wp\/v2\/pages\/2307\/revisions"}],"predecessor-version":[{"id":2318,"href":"https:\/\/jieyouvietnam.com\/en\/wp-json\/wp\/v2\/pages\/2307\/revisions\/2318"}],"wp:attachment":[{"href":"https:\/\/jieyouvietnam.com\/en\/wp-json\/wp\/v2\/media?parent=2307"}],"curies":[{"name":"wp","href":"https:\/\/api.w.org\/{rel}","templated":true}]}}