{"id":3,"date":"2026-01-18T02:24:49","date_gmt":"2026-01-18T02:24:49","guid":{"rendered":"http:\/\/38.60.229.106\/?page_id=3"},"modified":"2026-03-02T15:05:57","modified_gmt":"2026-03-02T08:05:57","slug":"privacy-policy","status":"publish","type":"page","link":"https:\/\/jieyouvietnam.com\/en\/privacy-policy\/","title":{"rendered":"Privacy Policy"},"content":{"rendered":"<h2 class=\"wp-block-heading\"><strong>1. M\u1ee5c \u0111\u00edch thu th\u1eadp th\u00f4ng tin c\u00e1 nh\u00e2n<\/strong><\/h2>\n\n\n\n<p>M\u1ee5c \u0111\u00edch c\u1ee7a vi\u1ec7c thu th\u1eadp th\u00f4ng tin kh\u00e1ch h\u00e0ng nh\u1eb1m li\u00ean quan \u0111\u1ebfn c\u00e1c v\u1ea5n \u0111\u1ec1 nh\u01b0:<\/p>\n\n\n\n<p>&#8211; H\u1ed7 tr\u1ee3 kh\u00e1ch h\u00e0ng: mua h\u00e0ng, thanh to\u00e1n, giao h\u00e0ng.&nbsp;<\/p>\n\n\n\n<p>&#8211;&nbsp;Cung c\u1ea5p th\u00f4ng tin s\u1ea3n ph\u1ea9m, c\u00e1c d\u1ecbch v\u1ee5 v\u00e0 h\u1ed7 tr\u1ee3 theo y\u00eau c\u1ea7u c\u1ee7a kh\u00e1ch h\u00e0ng.&nbsp;<\/p>\n\n\n\n<p>&#8211;&nbsp;G\u1eedi th\u00f4ng b\u00e1o c\u00e1c ch\u01b0\u01a1ng tr\u00ecnh, s\u1ea3n ph\u1ea9m m\u1edbi nh\u1ea5t c\u1ee7a ch\u00fang t\u00f4i.&nbsp;<\/p>\n\n\n\n<p>&#8211;&nbsp;Gi\u1ea3i quy\u1ebft v\u1ea5n \u0111\u1ec1 ph\u00e1t sinh khi mua h\u00e0ng.&nbsp;<\/p>\n\n\n\n<p><strong>2. Ph\u1ea1m vi thu th\u1eadp th\u00f4ng tin<\/strong><\/p>\n\n\n\n<p>Ch\u00fang t\u00f4i thu th\u1eadp th\u00f4ng tin c\u00e1 nh\u00e2n c\u1ee7a kh\u00e1ch h\u00e0ng khi ti\u1ebfn h\u00e0ng \u0111\u1eb7t h\u00e0ng tr\u00ean website bao g\u1ed3m: H\u1ecd t\u00ean; \u0110\u1ecba ch\u1ec9 email; S\u1ed1 \u0111i\u1ec7n tho\u1ea1i; \u0110\u1ecba ch\u1ec9.<\/p>\n\n\n\n<p><strong>3. Th\u1eddi gian l\u01b0u tr\u1eef th\u00f4ng tin<\/strong><\/p>\n\n\n\n<p>D\u1eef li\u1ec7u c\u00e1 nh\u00e2n c\u1ee7a kh\u00e1ch h\u00e0ng s\u1ebd \u0111\u01b0\u1ee3c l\u01b0u tr\u1eef cho \u0111\u1ebfn khi c\u00f3 y\u00eau c\u1ea7u h\u1ee7y b\u1ecf ho\u1eb7c t\u1ef1 kh\u00e1ch h\u00e0ng \u0111\u0103ng nh\u1eadp v\u00e0 th\u1ef1c hi\u1ec7n h\u1ee7y b\u1ecf. C\u00f2n l\u1ea1i trong m\u1ecdi tr\u01b0\u1eddng h\u1ee3p th\u00f4ng tin c\u00e1 nh\u00e2n kh\u00e1ch h\u00e0ng s\u1ebd \u0111\u01b0\u1ee3c b\u1ea3o m\u1eadt tr\u00ean m\u00e1y ch\u1ee7 c\u1ee7a jieyouvietnam.com<\/p>\n\n\n\n<p><strong>&nbsp;4. Nh\u1eefng ng\u01b0\u1eddi ho\u1eb7c t\u1ed5 ch\u1ee9c c\u00f3 th\u1ec3 \u0111\u01b0\u1ee3c ti\u1ebfp c\u1eadn v\u1edbi th\u00f4ng tin \u0111\u00f3<\/strong><\/p>\n\n\n\n<p>\u2013 \u0110\u1ed1i v\u1edbi c\u00e1c b\u00ean v\u1eadn chuy\u1ec3n, s\u1ebd cung c\u1ea5p c\u00e1c th\u00f4ng tin \u0111\u1ec3 ph\u1ee5c v\u1ee5 cho vi\u1ec7c giao nh\u1eadn h\u00e0ng h\u00f3a nh\u01b0 T\u00ean, \u0111\u1ecba ch\u1ec9 v\u00e0 s\u1ed1 \u0111i\u1ec7n tho\u1ea1i.<\/p>\n\n\n\n<p>\u2013 \u0110\u1ed1i v\u1edbi nh\u00e2n vi\u00ean c\u00f4ng ty s\u1ebd c\u00f3 c\u00e1c b\u1ed9 ph\u1eadn chuy\u00ean tr\u00e1ch \u0111\u1ec3 ph\u1ee5c v\u1ee5 vi\u1ec7c ch\u0103m s\u00f3c kh\u00e1ch h\u00e0ng trong qu\u00e1 tr\u00ecnh s\u1eed d\u1ee5ng s\u1ea3n ph\u1ea9m.<\/p>\n\n\n\n<p>\u2013 C\u00e1c ch\u01b0\u01a1ng tr\u00ecnh c\u00f3 t\u00ednh li\u00ean k\u1ebft, \u0111\u1ed3ng th\u1ef1c hi\u1ec7n, thu\u00ea ngo\u00e0i cho c\u00e1c m\u1ee5c \u0111\u00edch \u0111\u01b0\u1ee3c n\u00eau t\u1ea1i M\u1ee5c 1 v\u00e0 lu\u00f4n \u00e1p d\u1ee5ng c\u00e1c y\u00eau c\u1ea7u b\u1ea3o m\u1eadt th\u00f4ng tin c\u00e1 nh\u00e2n.<\/p>\n\n\n\n<p>\u2013 Y\u00eau c\u1ea7u ph\u00e1p l\u00fd: Ch\u00fang t\u00f4i c\u00f3 th\u1ec3 ti\u1ebft l\u1ed9 c\u00e1c th\u00f4ng tin c\u00e1 nh\u00e2n n\u1ebfu \u0111i\u1ec1u \u0111\u00f3 do lu\u1eadt ph\u00e1p y\u00eau c\u1ea7u v\u00e0 vi\u1ec7c ti\u1ebft l\u1ed9 nh\u01b0 v\u1eady l\u00e0 c\u1ea7n thi\u1ebft m\u1ed9t c\u00e1ch h\u1ee3p l\u00fd \u0111\u1ec3 tu\u00e2n th\u1ee7 c\u00e1c quy tr\u00ecnh ph\u00e1p l\u00fd.<\/p>\n\n\n\n<p>Chuy\u1ec3n giao kinh doanh (n\u1ebfu c\u00f3): trong tr\u01b0\u1eddng h\u1ee3p s\u00e1p nh\u1eadp, h\u1ee3p nh\u1ea5t to\u00e0n b\u1ed9 ho\u1eb7c m\u1ed9t ph\u1ea7n v\u1edbi c\u00f4ng ty kh\u00e1c, ng\u01b0\u1eddi mua s\u1ebd c\u00f3 quy\u1ec1n truy c\u1eadp th\u00f4ng tin \u0111\u01b0\u1ee3c ch\u00fang t\u00f4i l\u01b0u tr\u1eef, duy tr\u00ec trong \u0111\u00f3 bao g\u1ed3m c\u1ea3 th\u00f4ng tin c\u00e1 nh\u00e2n.&nbsp;<\/p>\n\n\n\n<p><strong>5. \u0110\u1ecba ch\u1ec9 c\u1ee7a \u0111\u01a1n v\u1ecb thu th\u1eadp v\u00e0 qu\u1ea3n l\u00fd th\u00f4ng tin<\/strong><\/p>\n\n\n\n<ul class=\"wp-block-list\">\n<li>T\u00ean doanh nghi\u1ec7p:&nbsp;<strong>JIEYOU VIETNAM TRADING AND SERVICES COMPANY LIMITED<\/strong><\/li>\n\n\n\n<li>MST: 0319187553<\/li>\n\n\n\n<li>Ng\u00e0y c\u1ea5p: 28\/09\/2025<\/li>\n\n\n\n<li>N\u01a1i c\u1ea5p: S\u1edf t\u00e0i ch\u00ednh Th\u00e0nh ph\u1ed1 H\u1ed3 Ch\u00ed Minh<\/li>\n\n\n\n<li>\u0110\u1ecba ch\u1ec9: 2\/1\/3 \u0111\u01b0\u1eddng 84 Cao L\u1ed7,&nbsp; Ph\u01b0\u1eddng Ch\u00e1nh H\u01b0ng, Tp. H\u1ed3 Ch\u00ed Minh, Vi\u1ec7t Nam<\/li>\n\n\n\n<li>\u0110i\u1ec7n Tho\u1ea1i: 0988557813<\/li>\n\n\n\n<li>H\u1ecd t\u00ean ng\u01b0\u1eddi \u0111\u1ea1i di\u1ec7n ph\u00e1p lu\u1eadt: \u00d4ng NGUY\u1ec4N QU\u1ed0C TO\u00c0N<\/li>\n\n\n\n<li>Email:&nbsp;jieyuouvietnam@gmail .com<br><\/li>\n<\/ul>\n\n\n\n<p><strong>6. Ph\u01b0\u01a1ng th\u1ee9c v\u00e0 c\u00f4ng c\u1ee5 \u0111\u1ec3 ng\u01b0\u1eddi d\u00f9ng ti\u1ebfp c\u1eadn v\u00e0 ch\u1ec9nh s\u1eeda d\u1eef li\u1ec7u:<\/strong><\/p>\n\n\n\n<p>N\u1ebfu qu\u00fd kh\u00e1ch c\u00f3 b\u1ea5t c\u1ee9 v\u1ec1 y\u00eau c\u1ea7u n\u00e0o v\u1ec1 vi\u1ec7c ti\u1ebfp c\u1eadn v\u00e0 ch\u1ec9nh s\u1eeda th\u00f4ng tin c\u00e1 nh\u00e2n \u0111\u00e3 cung c\u1ea5p, qu\u00fd kh\u00e1ch c\u00f3 th\u1ec3:<\/p>\n\n\n\n<p>&#8211; G\u1ecdi \u0111i\u1ec7n tr\u1ef1c ti\u1ebfp v\u1ec1 s\u1ed1 \u0111i\u1ec7n tho\u1ea1i: <strong>0988557813<\/strong><\/p>\n\n\n\n<p>&#8211; G\u1eedi mail:&nbsp;<a href=\"mailto:giayboot.vn@gmail.com\">jieyuouvietnam@gmail.com<br><\/a><\/p>\n\n\n\n<p><strong>*C\u01a1 ch\u1ebf ti\u1ebfp nh\u1eadn v\u00e0 gi\u1ea3i quy\u1ebft khi\u1ebfu n\u1ea1i c\u1ee7a ng\u01b0\u1eddi ti\u00eau d\u00f9ng li\u00ean quan \u0111\u1ebfn vi\u1ec7c th\u00f4ng tin c\u00e1 nh\u00e2n b\u1ecb s\u1eed d\u1ee5ng sai m\u1ee5c \u0111\u00edch ho\u1eb7c ph\u1ea1m vi \u0111\u00e3 th\u00f4ng b\u00e1o:<\/strong><\/p>\n\n\n\n<p>T\u1ea1i jieyouvietnam.com, vi\u1ec7c b\u1ea3o v\u1ec7 th\u00f4ng tin c\u00e1 nh\u00e2n c\u1ee7a b\u1ea1n l\u00e0 r\u1ea5t quan tr\u1ecdng, b\u1ea1n \u0111\u01b0\u1ee3c \u0111\u1ea3m b\u1ea3o r\u1eb1ng th\u00f4ng tin cung c\u1ea5p cho ch\u00fang t\u00f4i s\u1ebd \u0111\u01b0\u1ee3c m\u1eadt jieyouvietnam.com cam k\u1ebft kh\u00f4ng chia s\u1ebb, b\u00e1n ho\u1eb7c cho thu\u00ea th\u00f4ng tin c\u00e1 nh\u00e2n c\u1ee7a b\u1ea1n cho b\u1ea5t k\u1ef3 ng\u01b0\u1eddi n\u00e0o kh\u00e1c jieyouvietnam.com cam k\u1ebft ch\u1ec9 s\u1eed d\u1ee5ng c\u00e1c th\u00f4ng tin c\u1ee7a b\u1ea1n v\u00e0o c\u00e1c tr\u01b0\u1eddng h\u1ee3p sau:<\/p>\n\n\n\n<p>\u2013 N\u00e2ng cao ch\u1ea5t l\u01b0\u1ee3ng d\u1ecbch v\u1ee5 d\u00e0nh cho kh\u00e1ch h\u00e0ng<\/p>\n\n\n\n<p>\u2013 Gi\u1ea3i quy\u1ebft c\u00e1c tranh ch\u1ea5p, khi\u1ebfu n\u1ea1i trong v\u00f2ng 3 ng\u00e0y sau khi nh\u1eadn \u0111\u01b0\u1ee3c th\u00f4ng tin.<\/p>\n\n\n\n<p>\u2013 Khi c\u01a1 quan ph\u00e1p lu\u1eadt c\u00f3 y\u00eau c\u1ea7u.<br>jieyouvietnam.com hi\u1ec3u r\u1eb1ng quy\u1ec1n l\u1ee3i c\u1ee7a b\u1ea1n trong vi\u1ec7c b\u1ea3o v\u1ec7 th\u00f4ng tin c\u00e1 nh\u00e2n c\u0169ng ch\u00ednh l\u00e0 tr\u00e1ch nhi\u1ec7m c\u1ee7a ch\u00fang t\u00f4i n\u00ean trong b\u1ea5t k\u1ef3 tr\u01b0\u1eddng h\u1ee3p c\u00f3 th\u1eafc m\u1eafc, g\u00f3p \u00fd n\u00e0o li\u00ean quan \u0111\u1ebfn ch\u00ednh s\u00e1ch b\u1ea3o m\u1eadt c\u1ee7a jieyouvietnam.com, v\u00e0 li\u00ean quan \u0111\u1ebfn vi\u1ec7c th\u00f4ng tin c\u00e1 nh\u00e2n b\u1ecb s\u1eed d\u1ee5ng sai m\u1ee5c \u0111\u00edch ho\u1eb7c ph\u1ea1m vi \u0111\u00e3 th\u00f4ng b\u00e1o vui l\u00f2ng li\u00ean h\u1ec7 qua s\u1ed1 hotline 0988557813 ho\u1eb7c email: jieyuouvietnam@gmail .com \u0111\u1ec3 x\u1eed l\u00fd v\u00e0 l\u00e0m vi\u1ec7c tr\u1ef1c ti\u1ebfp v\u1edbi kh\u00e1ch h\u00e0ng.<\/p>\n\n\n\n<p><\/p>","protected":false},"excerpt":{"rendered":"<p>1. M\u1ee5c \u0111\u00edch thu th\u1eadp th\u00f4ng tin c\u00e1 nh\u00e2n M\u1ee5c \u0111\u00edch c\u1ee7a vi\u1ec7c thu th\u1eadp th\u00f4ng tin kh\u00e1ch h\u00e0ng nh\u1eb1m li\u00ean quan \u0111\u1ebfn c\u00e1c v\u1ea5n \u0111\u1ec1 nh\u01b0: &#8211; H\u1ed7 tr\u1ee3 kh\u00e1ch h\u00e0ng: mua h\u00e0ng, thanh to\u00e1n, giao h\u00e0ng.&nbsp; &#8211;&nbsp;Cung c\u1ea5p th\u00f4ng tin s\u1ea3n ph\u1ea9m, c\u00e1c d\u1ecbch v\u1ee5 v\u00e0 h\u1ed7 tr\u1ee3 theo y\u00eau c\u1ea7u c\u1ee7a kh\u00e1ch [&#8230;]\n","protected":false},"author":1,"featured_media":0,"parent":0,"menu_order":0,"comment_status":"closed","ping_status":"open","template":"","meta":{"_acf_changed":false,"footnotes":""},"class_list":["post-3","page","type-page","status-publish","hentry"],"acf":[],"_links":{"self":[{"href":"https:\/\/jieyouvietnam.com\/en\/wp-json\/wp\/v2\/pages\/3","targetHints":{"allow":["GET"]}}],"collection":[{"href":"https:\/\/jieyouvietnam.com\/en\/wp-json\/wp\/v2\/pages"}],"about":[{"href":"https:\/\/jieyouvietnam.com\/en\/wp-json\/wp\/v2\/types\/page"}],"author":[{"embeddable":true,"href":"https:\/\/jieyouvietnam.com\/en\/wp-json\/wp\/v2\/users\/1"}],"replies":[{"embeddable":true,"href":"https:\/\/jieyouvietnam.com\/en\/wp-json\/wp\/v2\/comments?post=3"}],"version-history":[{"count":2,"href":"https:\/\/jieyouvietnam.com\/en\/wp-json\/wp\/v2\/pages\/3\/revisions"}],"predecessor-version":[{"id":2348,"href":"https:\/\/jieyouvietnam.com\/en\/wp-json\/wp\/v2\/pages\/3\/revisions\/2348"}],"wp:attachment":[{"href":"https:\/\/jieyouvietnam.com\/en\/wp-json\/wp\/v2\/media?parent=3"}],"curies":[{"name":"wp","href":"https:\/\/api.w.org\/{rel}","templated":true}]}}