{"id":1967,"date":"2026-01-20T14:42:59","date_gmt":"2026-01-20T07:42:59","guid":{"rendered":"https:\/\/jieyouvietnam.com\/product\/aladin-ii-series-160x230cm-3\/"},"modified":"2026-01-20T14:43:00","modified_gmt":"2026-01-20T07:43:00","slug":"aladin-ii-series-160x230cm","status":"publish","type":"product","link":"https:\/\/jieyouvietnam.com\/en\/product\/aladin-ii-series-160x230cm\/","title":{"rendered":"ALADIN II SERIES 160x230cm"},"content":{"rendered":"<p><span dir=\"auto\" style=\"vertical-align: inherit;\"><span dir=\"auto\" style=\"vertical-align: inherit;\">L\u1ea5y c\u1ea3m h\u1ee9ng t\u1eeb th\u1ea3m bay c\u1ee7a c\u00e2u chuy\u1ec7n \u201cAladin v\u00e0 c\u00e2y \u0111\u00e8n th\u1ea7n\u201d v\u1edbi nh\u1eefng tua rua v\u00f4 c\u00f9ng \u0111\u1eb9p m\u1eaft, Jieyou \u0111\u00e3 cho ra si\u00eau ph\u1ea9m mang t\u00ean Aladin. \u0110\u01b0\u1ee3c t\u1ea1o ra t\u1eeb s\u1ef1 k\u1ebft h\u1ee3p c\u1ee7a s\u1ee3i acrylic cao c\u1ea5p v\u00e0 s\u1ee3i pp, s\u1ef1 b\u1ec1n b\u1ec9 v\u00e0 ch\u1ed1ng m\u00e0i m\u00f2n c\u00f9ng v\u1edbi m\u00e0u s\u1eafc thu h\u00fat th\u1ecb gi\u00e1c, h\u1ecda ti\u1ebft c\u1ed5 \u0111i\u1ec3n c\u1ee7a Aladin mang \u0111\u1ebfn tr\u1ea3i nghi\u1ec7m m\u1edbi l\u1ea1 v\u00e0 tuy\u1ec7t v\u1eddi cho ng\u01b0\u1eddi ti\u00eau d\u00f9ng. Ch\u1ea5t th\u1ea3m m\u1ec1m m\u1ea1i, m\u1eadt \u0111\u1ed9 d\u1ec7t cao, ch\u1ed1ng tr\u01a1n tr\u01b0\u1ee3t, kh\u00f4ng b\u1ecb x\u00ea d\u1ecbch khi s\u1eed d\u1ee5ng, s\u1ef1 b\u1ec1n b\u1ec9 c\u1ee7a c\u00e1c s\u1ee3i t\u01a1 v\u00f4 t\u00ecnh l\u00e0m cho vi\u1ec7c s\u1eed d\u1ee5ng v\u00e0 v\u1ec7 sinh ch\u01b0a bao gi\u1edd nh\u1eb9 nh\u00e0ng v\u00e0 \u0111\u01a1n gi\u1ea3n \u0111\u1ebfn th\u1ebf. Aladin s\u1ebd l\u00e0 tuy\u1ec7t ch\u1ecdn tuy\u1ec7t v\u1eddi cho nh\u1eefng ng\u00f4i nh\u00e0 th\u00edch phong c\u00e1ch c\u1ed5 \u0111i\u1ec3n, sang tr\u1ecdng, tinh t\u1ebf v\u00e0 ngh\u1ec7 thu\u1eadt. ALADIN \u2013 N\u00c2NG T\u00c2M KH\u00d4NG GIAN C\u1ee6A B\u1ea0N<\/span><\/span><\/p>","protected":false},"excerpt":{"rendered":"<p>\u2013 Ch\u1ea5t li\u1ec7u: Acrylic &amp; s\u1ee3i PP \u2013 K\u00edch th\u01b0\u1edbc: 160*230cm \u2013 \u0110\u1ed9 d\u00e0y: 10mm \u2013 Tr\u1ecdng l\u01b0\u1ee3ng: 2,5kg\/m2 \u2013 Xu\u1ea5t x\u1ee9: Th\u1ed5 Nh\u0129 K\u1ef3<\/p>","protected":false},"featured_media":504,"comment_status":"closed","ping_status":"open","template":"","meta":{"_acf_changed":false},"product_brand":[],"product_cat":[68],"product_tag":[],"class_list":{"0":"post-1967","1":"product","2":"type-product","3":"status-publish","4":"has-post-thumbnail","6":"product_cat-tham-polypropylen","8":"first","9":"instock","10":"purchasable","11":"product-type-simple"},"acf":[],"_links":{"self":[{"href":"https:\/\/jieyouvietnam.com\/en\/wp-json\/wp\/v2\/product\/1967","targetHints":{"allow":["GET"]}}],"collection":[{"href":"https:\/\/jieyouvietnam.com\/en\/wp-json\/wp\/v2\/product"}],"about":[{"href":"https:\/\/jieyouvietnam.com\/en\/wp-json\/wp\/v2\/types\/product"}],"replies":[{"embeddable":true,"href":"https:\/\/jieyouvietnam.com\/en\/wp-json\/wp\/v2\/comments?post=1967"}],"wp:featuredmedia":[{"embeddable":true,"href":"https:\/\/jieyouvietnam.com\/en\/wp-json\/wp\/v2\/media\/504"}],"wp:attachment":[{"href":"https:\/\/jieyouvietnam.com\/en\/wp-json\/wp\/v2\/media?parent=1967"}],"wp:term":[{"taxonomy":"product_brand","embeddable":true,"href":"https:\/\/jieyouvietnam.com\/en\/wp-json\/wp\/v2\/product_brand?post=1967"},{"taxonomy":"product_cat","embeddable":true,"href":"https:\/\/jieyouvietnam.com\/en\/wp-json\/wp\/v2\/product_cat?post=1967"},{"taxonomy":"product_tag","embeddable":true,"href":"https:\/\/jieyouvietnam.com\/en\/wp-json\/wp\/v2\/product_tag?post=1967"}],"curies":[{"name":"wp","href":"https:\/\/api.w.org\/{rel}","templated":true}]}}