{"id":1970,"date":"2026-01-20T14:42:59","date_gmt":"2026-01-20T07:42:59","guid":{"rendered":"https:\/\/jieyouvietnam.com\/product\/atlantis-series-3\/"},"modified":"2026-01-20T14:43:00","modified_gmt":"2026-01-20T07:43:00","slug":"atlantis-series","status":"publish","type":"product","link":"https:\/\/jieyouvietnam.com\/en\/product\/atlantis-series\/","title":{"rendered":"ATLANTIS SERIES"},"content":{"rendered":"<p><span dir=\"auto\" style=\"vertical-align: inherit;\"><span dir=\"auto\" style=\"vertical-align: inherit;\">Th\u1ea3m k\u1ebft h\u1ee3p t\u1eeb s\u1ee3i len c\u1eebu v\u00e0 acrylic mang l\u1ea1i nhi\u1ec1u \u01b0u \u0111i\u1ec3m, k\u1ebft h\u1ee3p gi\u1eefa \u0111\u1eb7c t\u00ednh t\u1ef1 nhi\u00ean c\u1ee7a len c\u1eebu v\u00e0 c\u00e1c \u0111\u1eb7c t\u00ednh c\u1ee7a s\u1ee3i acrylic. D\u01b0\u1edbi \u0111\u00e2y l\u00e0 m\u1ed9t s\u1ed1 \u01b0u \u0111i\u1ec3m ch\u00ednh: \u0110\u1ed9 b\u1ec1n cao v\u00e0 kh\u1ea3 n\u0103ng ch\u1ed1ng m\u00e0i m\u00f2n: S\u1ee3i acrylic c\u00f3 kh\u1ea3 n\u0103ng ch\u1ed1ng m\u00e0i m\u00f2n t\u1ed1t, khi k\u1ebft h\u1ee3p v\u1edbi len c\u1eebu s\u1ebd t\u1ea1o ra m\u1ed9t t\u1ea5m th\u1ea3m c\u00f3 \u0111\u1ed9 b\u1ec1n cao, k\u00e9o d\u00e0i tu\u1ed5i th\u1ecd s\u1eed d\u1ee5ng v\u00e0 duy tr\u00ec \u0111\u01b0\u1ee3c v\u1ebb \u0111\u1eb9p ban \u0111\u1ea7u trong th\u1eddi gian d\u00e0i. Kh\u1ea3 n\u0103ng gi\u1eef \u1ea5m v\u00e0 c\u00e1ch nhi\u1ec7t: Len c\u1eebu c\u00f3 kh\u1ea3 n\u0103ng c\u00e1ch nhi\u1ec7t t\u1ef1 nhi\u00ean, gi\u1eef cho kh\u00f4ng gian \u1ea5m \u00e1p v\u00e0o m\u00f9a \u0111\u00f4ng v\u00e0 m\u00e1t m\u1ebb v\u00e0o m\u00f9a h\u00e8. Khi k\u1ebft h\u1ee3p v\u1edbi acrylic, t\u00ednh n\u0103ng n\u00e0y v\u1eabn \u0111\u01b0\u1ee3c duy tr\u00ec t\u1ed1t, gi\u00fap t\u1ea1o c\u1ea3m gi\u00e1c tho\u1ea3i m\u00e1i cho ng\u01b0\u1eddi s\u1eed d\u1ee5ng. \u0110\u1ed9 m\u1ec1m m\u1ea1i v\u00e0 \u00eam \u00e1i: S\u1ef1 m\u1ec1m m\u1ea1i c\u1ee7a len c\u1eebu k\u1ebft h\u1ee3p v\u1edbi s\u1ee3i acrylic gi\u00fap th\u1ea3m c\u00f3 b\u1ec1 m\u1eb7t \u00eam \u00e1i, d\u1ec5 ch\u1ecbu khi ti\u1ebfp x\u00fac, t\u1ea1o ra tr\u1ea3i nghi\u1ec7m s\u1eed d\u1ee5ng tho\u1ea3i m\u00e1i. Kh\u1ea3 n\u0103ng ch\u1ed1ng b\u00e1m b\u1ea9n v\u00e0 d\u1ec5 v\u1ec7 sinh: Acrylic c\u00f3 kh\u1ea3 n\u0103ng ch\u1ed1ng b\u00e1m b\u1ea9n t\u1ed1t v\u00e0 d\u1ec5 d\u00e0ng l\u00e0m s\u1ea1ch, \u0111i\u1ec1u n\u00e0y k\u1ebft h\u1ee3p v\u1edbi t\u00ednh n\u0103ng ch\u1ed1ng b\u00e1m b\u1ea9n t\u1ef1 nhi\u00ean c\u1ee7a len c\u1eebu s\u1ebd gi\u00fap th\u1ea3m d\u1ec5 d\u00e0ng v\u1ec7 sinh v\u00e0 duy tr\u00ec \u0111\u01b0\u1ee3c v\u1ebb s\u1ea1ch s\u1ebd. Kh\u1ea3 n\u0103ng gi\u1eef m\u00e0u t\u1ed1t: S\u1ee3i acrylic c\u00f3 kh\u1ea3 n\u0103ng nhu\u1ed9m m\u00e0u t\u1ed1t v\u00e0 kh\u00f4ng b\u1ecb phai m\u00e0u nhanh ch\u00f3ng. Khi k\u1ebft h\u1ee3p v\u1edbi len c\u1eebu, th\u1ea3m s\u1ebd c\u00f3 m\u00e0u s\u1eafc t\u01b0\u01a1i s\u00e1ng v\u00e0 b\u1ec1n m\u00e0u theo th\u1eddi gian. Gi\u00e1 th\u00e0nh h\u1ee3p l\u00fd: So v\u1edbi th\u1ea3m l\u00e0m ho\u00e0n to\u00e0n t\u1eeb len c\u1eebu, th\u1ea3m k\u1ebft h\u1ee3p v\u1edbi s\u1ee3i acrylic th\u01b0\u1eddng c\u00f3 gi\u00e1 th\u00e0nh th\u1ea5p h\u01a1n, gi\u00fap ng\u01b0\u1eddi ti\u00eau d\u00f9ng ti\u1ebft ki\u1ec7m chi ph\u00ed m\u00e0 v\u1eabn c\u00f3 s\u1ea3n ph\u1ea9m ch\u1ea5t l\u01b0\u1ee3ng v\u00e0 \u0111\u1eb9p m\u1eaft. Kh\u1ea3 n\u0103ng ch\u1ed1ng ch\u00e1y: Len c\u1eebu l\u00e0 v\u1eadt li\u1ec7u ch\u1ed1ng ch\u00e1y t\u1ef1 nhi\u00ean. Khi k\u1ebft h\u1ee3p v\u1edbi s\u1ee3i acrylic, th\u1ea3m v\u1eabn duy tr\u00ec \u0111\u01b0\u1ee3c kh\u1ea3 n\u0103ng ch\u1ed1ng ch\u00e1y t\u1ed1t, \u0111\u1ea3m b\u1ea3o an to\u00e0n cho kh\u00f4ng gian s\u1ed1ng. Th\u00e2n thi\u1ec7n v\u1edbi m\u00f4i tr\u01b0\u1eddng: M\u1eb7c d\u00f9 acrylic l\u00e0 s\u1ee3i t\u1ed5ng h\u1ee3p, nh\u01b0ng khi k\u1ebft h\u1ee3p v\u1edbi len c\u1eebu, s\u1ea3n ph\u1ea9m v\u1eabn gi\u1eef \u0111\u01b0\u1ee3c t\u00ednh th\u00e2n thi\u1ec7n v\u1edbi m\u00f4i tr\u01b0\u1eddng h\u01a1n so v\u1edbi c\u00e1c lo\u1ea1i th\u1ea3m ho\u00e0n to\u00e0n t\u1eeb s\u1ee3i t\u1ed5ng h\u1ee3p. Nh\u1eefng \u01b0u \u0111i\u1ec3m n\u00e0y gi\u00fap th\u1ea3m k\u1ebft h\u1ee3p t\u1eeb s\u1ee3i len c\u1eebu v\u00e0 acrylic tr\u1edf th\u00e0nh l\u1ef1a ch\u1ecdn ph\u1ed5 bi\u1ebfn, cung c\u1ea5p s\u1ef1 k\u1ebft h\u1ee3p ho\u00e0n h\u1ea3o gi\u1eefa t\u00ednh th\u1ea9m m\u1ef9, \u0111\u1ed9 b\u1ec1n v\u00e0 gi\u00e1 tr\u1ecb kinh t\u1ebf.<\/span><\/span><\/p>","protected":false},"excerpt":{"rendered":"<p>K\u00edch th\u01b0\u1edbc : 200*300cm Ch\u1ea5t li\u1ec7u : len c\u1eebu v\u00e0 s\u1ee3i acrylic. Chi\u1ec1u cao c\u1ee7a s\u1ee3i : 14mm T\u1ed5ng tr\u1ecdng l\u01b0\u1ee3ng : 3490g \/ m2 Xu\u1ea5t x\u1ee9 : Th\u1ed5 Nh\u0129 K\u1ef3 nh\u1eadp kh\u1ea9u<\/p>","protected":false},"featured_media":1392,"comment_status":"closed","ping_status":"open","template":"","meta":{"_acf_changed":false},"product_brand":[],"product_cat":[72],"product_tag":[],"class_list":{"0":"post-1970","1":"product","2":"type-product","3":"status-publish","4":"has-post-thumbnail","6":"product_cat-tham-det-tu-len-cuu","8":"first","9":"instock","10":"purchasable","11":"product-type-simple"},"acf":[],"_links":{"self":[{"href":"https:\/\/jieyouvietnam.com\/en\/wp-json\/wp\/v2\/product\/1970","targetHints":{"allow":["GET"]}}],"collection":[{"href":"https:\/\/jieyouvietnam.com\/en\/wp-json\/wp\/v2\/product"}],"about":[{"href":"https:\/\/jieyouvietnam.com\/en\/wp-json\/wp\/v2\/types\/product"}],"replies":[{"embeddable":true,"href":"https:\/\/jieyouvietnam.com\/en\/wp-json\/wp\/v2\/comments?post=1970"}],"wp:featuredmedia":[{"embeddable":true,"href":"https:\/\/jieyouvietnam.com\/en\/wp-json\/wp\/v2\/media\/1392"}],"wp:attachment":[{"href":"https:\/\/jieyouvietnam.com\/en\/wp-json\/wp\/v2\/media?parent=1970"}],"wp:term":[{"taxonomy":"product_brand","embeddable":true,"href":"https:\/\/jieyouvietnam.com\/en\/wp-json\/wp\/v2\/product_brand?post=1970"},{"taxonomy":"product_cat","embeddable":true,"href":"https:\/\/jieyouvietnam.com\/en\/wp-json\/wp\/v2\/product_cat?post=1970"},{"taxonomy":"product_tag","embeddable":true,"href":"https:\/\/jieyouvietnam.com\/en\/wp-json\/wp\/v2\/product_tag?post=1970"}],"curies":[{"name":"wp","href":"https:\/\/api.w.org\/{rel}","templated":true}]}}