{"id":1973,"date":"2026-01-20T14:42:59","date_gmt":"2026-01-20T07:42:59","guid":{"rendered":"https:\/\/jieyouvietnam.com\/product\/baroque-series-size-200x290cm-3\/"},"modified":"2026-01-20T14:43:01","modified_gmt":"2026-01-20T07:43:01","slug":"baroque-series-size-200x290cm","status":"publish","type":"product","link":"https:\/\/jieyouvietnam.com\/en\/product\/baroque-series-size-200x290cm\/","title":{"rendered":"BAROQUE SERIES SIZE 200X290CM"},"content":{"rendered":"<p><span dir=\"auto\" style=\"vertical-align: inherit;\"><span dir=\"auto\" style=\"vertical-align: inherit;\">V\u1edbi phong c\u00e1ch ch\u00e2u \u00c2u \u0111\u1eadm n\u00e9t c\u1ed5 \u0111i\u1ec3n, \u0111\u01b0\u1eddng n\u00e9t c\u1eaft x\u1ebb theo c\u00e1c h\u1ecda ti\u1ebft c\u00f9ng v\u1edbi hoa v\u0103n \u0111\u1ed9c \u0111\u00e1o, Baroque mang \u0111\u1ebfn tr\u1ea3i nghi\u1ec7m ho\u00e0n to\u00e0n m\u1edbi v\u1edbi v\u1ebb \u0111\u1eb9p sang tr\u1ecdng v\u00e0 \u0111\u1ea7y quy\u1ec1n l\u1ef1c. M\u1eadt \u0111\u1ed9 d\u1ec7t cao, \u0111\u1ebf th\u1ea3m ch\u1eafc ch\u1eafn, kh\u00f4ng ch\u1ec9 b\u1ea3o v\u1ec7 s\u00e0n nh\u00e0 m\u00e0 c\u00f2n mang l\u1ea1i c\u1ea3m gi\u00e1c \u00eam ch\u00e2n v\u00f4 c\u00f9ng tuy\u1ec7t \u0111\u1ed1i. S\u1ef1 b\u1ec1n b\u1ec9 c\u1ee7a ch\u1ea5t li\u1ec7u poly cao c\u1ea5p gi\u00fap th\u1ea3m s\u1eed d\u1ee5ng xuy\u00ean su\u1ed1t trong th\u1eddi gian d\u00e0i m\u00e0 kh\u00f4ng l\u00e0m \u1ea3nh h\u01b0\u1edfng \u0111\u1ebfn ch\u1ea5t l\u01b0\u1ee3ng c\u1ee7a th\u1ea3m. BAROQUE \u2013 C\u1ed4 \u0110I\u1ec2N V\u01af\u1ee2T TH\u1edcI GIAN<\/span><\/span><\/p>","protected":false},"excerpt":{"rendered":"<p>&#8211; Ch\u1ea5t li\u1ec7u: PP &#8211; K\u00edch th\u01b0\u1edbc: 200x290cm &#8211; \u0110\u1ed9 d\u00e0y: 12mm &#8211; Tr\u1ecdng l\u01b0\u1ee3ng: 2.5kg\/m2 &#8211; Xu\u1ea5t x\u1ee9: Th\u1ed5 Nh\u0129 K\u00ec<\/p>","protected":false},"featured_media":1419,"comment_status":"closed","ping_status":"open","template":"","meta":{"_acf_changed":false},"product_brand":[],"product_cat":[68],"product_tag":[],"class_list":{"0":"post-1973","1":"product","2":"type-product","3":"status-publish","4":"has-post-thumbnail","6":"product_cat-tham-polypropylen","8":"first","9":"instock","10":"purchasable","11":"product-type-simple"},"acf":[],"_links":{"self":[{"href":"https:\/\/jieyouvietnam.com\/en\/wp-json\/wp\/v2\/product\/1973","targetHints":{"allow":["GET"]}}],"collection":[{"href":"https:\/\/jieyouvietnam.com\/en\/wp-json\/wp\/v2\/product"}],"about":[{"href":"https:\/\/jieyouvietnam.com\/en\/wp-json\/wp\/v2\/types\/product"}],"replies":[{"embeddable":true,"href":"https:\/\/jieyouvietnam.com\/en\/wp-json\/wp\/v2\/comments?post=1973"}],"wp:featuredmedia":[{"embeddable":true,"href":"https:\/\/jieyouvietnam.com\/en\/wp-json\/wp\/v2\/media\/1419"}],"wp:attachment":[{"href":"https:\/\/jieyouvietnam.com\/en\/wp-json\/wp\/v2\/media?parent=1973"}],"wp:term":[{"taxonomy":"product_brand","embeddable":true,"href":"https:\/\/jieyouvietnam.com\/en\/wp-json\/wp\/v2\/product_brand?post=1973"},{"taxonomy":"product_cat","embeddable":true,"href":"https:\/\/jieyouvietnam.com\/en\/wp-json\/wp\/v2\/product_cat?post=1973"},{"taxonomy":"product_tag","embeddable":true,"href":"https:\/\/jieyouvietnam.com\/en\/wp-json\/wp\/v2\/product_tag?post=1973"}],"curies":[{"name":"wp","href":"https:\/\/api.w.org\/{rel}","templated":true}]}}