{"id":1977,"date":"2026-01-20T14:42:59","date_gmt":"2026-01-20T07:42:59","guid":{"rendered":"https:\/\/jieyouvietnam.com\/product\/dark-jade-series-3\/"},"modified":"2026-01-20T14:43:02","modified_gmt":"2026-01-20T07:43:02","slug":"dark-jade-series","status":"publish","type":"product","link":"https:\/\/jieyouvietnam.com\/en\/product\/dark-jade-series\/","title":{"rendered":"DARK JADE SERIES"},"content":{"rendered":"<p><span dir=\"auto\" style=\"vertical-align: inherit;\"><span dir=\"auto\" style=\"vertical-align: inherit;\">\u0110\u1eb7c t\u00ednh t\u1eeb s\u1ee3i thi\u00ean nhi\u00ean si\u00eau b\u1ec1n b\u1ec9, kh\u00e1ng khu\u1ea9n v\u00e0 ch\u1ed1ng m\u00e0i m\u00f2n, c\u00f9ng v\u1edbi vi\u1ec7c b\u1ea3o v\u1ec7 m\u00f4i tr\u01b0\u1eddng, th\u1ea3m tr\u1ea3i s\u00e0n Dark Jade kh\u00f4ng ch\u1ec9 to\u00e1t l\u00ean m\u00ecnh v\u1ebb \u0111\u1eb9p sang tr\u1ecdng, \u0111\u1eb3ng c\u1ea5p m\u00e0 c\u00f2n mang phong c\u00e1ch c\u1ee7a ngh\u1ec7 thu\u1eadt th\u1ea9m m\u0129. V\u1edbi c\u00e1ch ph\u1ed1i tone m\u00e0u v\u00e0 h\u1ecda ti\u1ebft c\u1ee7a s\u1ef1 quy\u1ec1n l\u1ef1c v\u00e0 duy nh\u1ea5t, Jade ch\u00ednh l\u00e0 l\u1ef1a ch\u1ecdn kh\u00f4ng th\u1ec3 tuy\u1ec7t v\u1eddi h\u01a1n cho kh\u00f4ng gian ng\u00f4i nh\u00e0 c\u1ee7a b\u1ea1n DARK JADE \u2013 V\u1eba \u0110\u1eb8P T\u00c0I PHI\u1ec6T<\/span><\/span><\/p>","protected":false},"excerpt":{"rendered":"<p>DARK JADE &#8211; Ch\u1ea5t li\u1ec7u: s\u1ee3i thi\u00ean nhi\u00ean &#8211; K\u00edch th\u01b0\u1edbc: 200x290cm &#8211; \u0110\u1ed9 d\u00e0y: 6mm &#8211; Tr\u1ecdng l\u01b0\u1ee3ng: 2.5kg\/m2 &#8211; Xu\u1ea5t x\u1ee9: B\u1ec9<\/p>","protected":false},"featured_media":2042,"comment_status":"closed","ping_status":"open","template":"","meta":{"_acf_changed":false},"product_brand":[],"product_cat":[73],"product_tag":[],"class_list":{"0":"post-1977","1":"product","2":"type-product","3":"status-publish","4":"has-post-thumbnail","6":"product_cat-tham-soi-thien-nhien","8":"first","9":"instock","10":"purchasable","11":"product-type-simple"},"acf":[],"_links":{"self":[{"href":"https:\/\/jieyouvietnam.com\/en\/wp-json\/wp\/v2\/product\/1977","targetHints":{"allow":["GET"]}}],"collection":[{"href":"https:\/\/jieyouvietnam.com\/en\/wp-json\/wp\/v2\/product"}],"about":[{"href":"https:\/\/jieyouvietnam.com\/en\/wp-json\/wp\/v2\/types\/product"}],"replies":[{"embeddable":true,"href":"https:\/\/jieyouvietnam.com\/en\/wp-json\/wp\/v2\/comments?post=1977"}],"wp:featuredmedia":[{"embeddable":true,"href":"https:\/\/jieyouvietnam.com\/en\/wp-json\/wp\/v2\/media\/2042"}],"wp:attachment":[{"href":"https:\/\/jieyouvietnam.com\/en\/wp-json\/wp\/v2\/media?parent=1977"}],"wp:term":[{"taxonomy":"product_brand","embeddable":true,"href":"https:\/\/jieyouvietnam.com\/en\/wp-json\/wp\/v2\/product_brand?post=1977"},{"taxonomy":"product_cat","embeddable":true,"href":"https:\/\/jieyouvietnam.com\/en\/wp-json\/wp\/v2\/product_cat?post=1977"},{"taxonomy":"product_tag","embeddable":true,"href":"https:\/\/jieyouvietnam.com\/en\/wp-json\/wp\/v2\/product_tag?post=1977"}],"curies":[{"name":"wp","href":"https:\/\/api.w.org\/{rel}","templated":true}]}}