{"id":1978,"date":"2026-01-20T14:42:59","date_gmt":"2026-01-20T07:42:59","guid":{"rendered":"https:\/\/jieyouvietnam.com\/product\/davinci-2-series-160x230cm-3\/"},"modified":"2026-01-20T14:43:02","modified_gmt":"2026-01-20T07:43:02","slug":"davinci-2-series-160x230cm","status":"publish","type":"product","link":"https:\/\/jieyouvietnam.com\/en\/product\/davinci-2-series-160x230cm\/","title":{"rendered":"DAVINCI 2 SERIES 160x230cm"},"content":{"rendered":"<p><span dir=\"auto\" style=\"vertical-align: inherit;\"><span dir=\"auto\" style=\"vertical-align: inherit;\">V\u1edbi h\u1ecda ti\u1ebft c\u1ed5 \u0111i\u1ec3n mang \u0111\u1ebfn s\u1ef1 sang tr\u1ecdng cho kh\u00f4ng gian, ch\u1ea5t li\u1ec7u ACRYLIC v\u00e0 POLYPROPYLEN cao c\u1ea5p l\u00e0m n\u00ean s\u1ef1 b\u1ec1n b\u1ec9, kh\u00f4ng b\u1ecb bung s\u1ee3i, \u0111\u1ebf d\u1ec7t ch\u1eafc ch\u1eafn gi\u00fap th\u1ea3m \u0111\u01b0\u1ee3c s\u1eed d\u1ee5ng l\u00e2u d\u00e0i. Th\u1ea3m cao c\u1ea5p v\u1edbi \u0111\u1ed9 ma s\u00e1t cao, ch\u1ed1ng tr\u01a1n, kh\u00f4ng b\u1ecb x\u00ea d\u1ecbch v\u00e0 b\u1ea3o v\u1ec7 s\u00e0n nh\u00e0, gi\u00fap cho \u0111\u00f4i ch\u00e2n c\u1ee7a b\u1ea1n \u0111i l\u1ea1i m\u1ed9t c\u00e1ch nh\u1eb9 nh\u00e0ng tho\u1ea3i m\u00e1i. DAVINCI \u2013 NGH\u1ec6 THU\u1eacT T\u1eea C\u1ed4 \u0110I\u1ec2N<\/span><\/span><\/p>","protected":false},"excerpt":{"rendered":"<p>\u2013 Ch\u1ea5t li\u1ec7u: ACRYLIC &amp; POLYPROPYLEN \u2013 K\u00edch th\u01b0\u1edbc: 160x230cm; \u2013 \u0110\u1ed9 d\u00e0y: 12mm \u2013 Tr\u1ecdng l\u01b0\u1ee3ng: 2.5kg\/m2 \u2013 Xu\u1ea5t x\u1ee9: Th\u1ed5 Nh\u0129 K\u00ec<\/p>","protected":false},"featured_media":1489,"comment_status":"closed","ping_status":"open","template":"","meta":{"_acf_changed":false},"product_brand":[],"product_cat":[68],"product_tag":[],"class_list":{"0":"post-1978","1":"product","2":"type-product","3":"status-publish","4":"has-post-thumbnail","6":"product_cat-tham-polypropylen","8":"first","9":"instock","10":"purchasable","11":"product-type-simple"},"acf":[],"_links":{"self":[{"href":"https:\/\/jieyouvietnam.com\/en\/wp-json\/wp\/v2\/product\/1978","targetHints":{"allow":["GET"]}}],"collection":[{"href":"https:\/\/jieyouvietnam.com\/en\/wp-json\/wp\/v2\/product"}],"about":[{"href":"https:\/\/jieyouvietnam.com\/en\/wp-json\/wp\/v2\/types\/product"}],"replies":[{"embeddable":true,"href":"https:\/\/jieyouvietnam.com\/en\/wp-json\/wp\/v2\/comments?post=1978"}],"wp:featuredmedia":[{"embeddable":true,"href":"https:\/\/jieyouvietnam.com\/en\/wp-json\/wp\/v2\/media\/1489"}],"wp:attachment":[{"href":"https:\/\/jieyouvietnam.com\/en\/wp-json\/wp\/v2\/media?parent=1978"}],"wp:term":[{"taxonomy":"product_brand","embeddable":true,"href":"https:\/\/jieyouvietnam.com\/en\/wp-json\/wp\/v2\/product_brand?post=1978"},{"taxonomy":"product_cat","embeddable":true,"href":"https:\/\/jieyouvietnam.com\/en\/wp-json\/wp\/v2\/product_cat?post=1978"},{"taxonomy":"product_tag","embeddable":true,"href":"https:\/\/jieyouvietnam.com\/en\/wp-json\/wp\/v2\/product_tag?post=1978"}],"curies":[{"name":"wp","href":"https:\/\/api.w.org\/{rel}","templated":true}]}}