{"id":1979,"date":"2026-01-20T14:42:59","date_gmt":"2026-01-20T07:42:59","guid":{"rendered":"https:\/\/jieyouvietnam.com\/product\/davinci-round-rugs-series-d240cm-3\/"},"modified":"2026-01-20T14:43:02","modified_gmt":"2026-01-20T07:43:02","slug":"davinci-round-rugs-series-d240cm","status":"publish","type":"product","link":"https:\/\/jieyouvietnam.com\/en\/product\/davinci-round-rugs-series-d240cm\/","title":{"rendered":"DAVINCI ROUND RUGS SERIES D240CM"},"content":{"rendered":"<p><span dir=\"auto\" style=\"vertical-align: inherit;\"><span dir=\"auto\" style=\"vertical-align: inherit;\">V\u1edbi nh\u1eefng ai y\u00eau th\u00edch phong c\u00e1ch c\u1ed5 \u0111i\u1ec3n ch\u1eafc ch\u1eafn kh\u00f4ng th\u1ec3 b\u1ecf qua th\u1ea3m tr\u00f2n Davinci, hoa v\u0103n c\u1ed5 \u0111i\u1ec3n \u0111\u01b0\u1ee3c d\u1ec7t chi ti\u1ebft tr\u00ean t\u1eebng s\u1ee3i t\u01a1 k\u1ebft h\u1ee3p ch\u1ea5t li\u1ec7u s\u1ee3i pp + s\u1ee3i acrylic mang \u0111\u1ebfn s\u1ef1 b\u1ec1n b\u1ec9, c\u1ea3m gi\u00e1c r\u1ea5t n\u1ecbnh ch\u00e2n. H\u01a1n th\u1ebf, \u0111\u00e9 d\u1ec7t \u0111\u01b0\u1ee3c d\u1ec7t ch\u1eafc ch\u1eafn ch\u1ed1ng x\u00ea d\u1ecbch v\u00e0 tr\u01a1n tr\u01b0\u1ee3t r\u1ea5t an to\u00e0n cho ng\u01b0\u1eddi l\u1edbn tu\u1ed5i v\u00e0 tr\u1ebb nh\u1ecf.<\/span><\/span><\/p>","protected":false},"excerpt":{"rendered":"<p>TH\u1ea2M TR\u00d2N DAVINCI Ch\u1ea5t li\u1ec7u: acrylic + pp K\u00edch th\u01b0\u1edbc: D240 \u0110\u1ed9 d\u00e0y: 10mm Tr\u1ecdng l\u01b0\u1ee3ng: 2.5kg\/m2 Xu\u1ea5t x\u1ee9: Th\u1ed5 Nh\u0129 K\u00ec<\/p>","protected":false},"featured_media":1501,"comment_status":"closed","ping_status":"open","template":"","meta":{"_acf_changed":false},"product_brand":[],"product_cat":[68],"product_tag":[],"class_list":{"0":"post-1979","1":"product","2":"type-product","3":"status-publish","4":"has-post-thumbnail","6":"product_cat-tham-polypropylen","8":"first","9":"instock","10":"purchasable","11":"product-type-simple"},"acf":[],"_links":{"self":[{"href":"https:\/\/jieyouvietnam.com\/en\/wp-json\/wp\/v2\/product\/1979","targetHints":{"allow":["GET"]}}],"collection":[{"href":"https:\/\/jieyouvietnam.com\/en\/wp-json\/wp\/v2\/product"}],"about":[{"href":"https:\/\/jieyouvietnam.com\/en\/wp-json\/wp\/v2\/types\/product"}],"replies":[{"embeddable":true,"href":"https:\/\/jieyouvietnam.com\/en\/wp-json\/wp\/v2\/comments?post=1979"}],"wp:featuredmedia":[{"embeddable":true,"href":"https:\/\/jieyouvietnam.com\/en\/wp-json\/wp\/v2\/media\/1501"}],"wp:attachment":[{"href":"https:\/\/jieyouvietnam.com\/en\/wp-json\/wp\/v2\/media?parent=1979"}],"wp:term":[{"taxonomy":"product_brand","embeddable":true,"href":"https:\/\/jieyouvietnam.com\/en\/wp-json\/wp\/v2\/product_brand?post=1979"},{"taxonomy":"product_cat","embeddable":true,"href":"https:\/\/jieyouvietnam.com\/en\/wp-json\/wp\/v2\/product_cat?post=1979"},{"taxonomy":"product_tag","embeddable":true,"href":"https:\/\/jieyouvietnam.com\/en\/wp-json\/wp\/v2\/product_tag?post=1979"}],"curies":[{"name":"wp","href":"https:\/\/api.w.org\/{rel}","templated":true}]}}