{"id":1981,"date":"2026-01-20T14:42:59","date_gmt":"2026-01-20T07:42:59","guid":{"rendered":"https:\/\/jieyouvietnam.com\/product\/diamond-series-3\/"},"modified":"2026-01-20T14:43:03","modified_gmt":"2026-01-20T07:43:03","slug":"diamond-series","status":"publish","type":"product","link":"https:\/\/jieyouvietnam.com\/en\/product\/diamond-series\/","title":{"rendered":"DIAMOND SERIES"},"content":{"rendered":"<p><span dir=\"auto\" style=\"vertical-align: inherit;\"><span dir=\"auto\" style=\"vertical-align: inherit;\">M\u1ed9t t\u1ea5m th\u1ea3m ph\u00f9 h\u1ee3p, kh\u00f4ng ch\u1ec9 l\u00e0m \u0111\u1eb9p cho kh\u00f4ng gian nh\u00e0, m\u00e0 c\u00f2n n\u00f3i l\u00ean phong c\u00e1ch c\u00e1 nh\u00e2n. B\u1ea0N MU\u1ed0N DECOR V\u00c0 L\u00c0M M\u1edaI L\u1ea0I KH\u00d4NG GIAN S\u1ed0NG? B\u1ea0N MU\u1ed0N MUA M\u1ed8T T\u1ea4M TH\u1ea2M TR\u1ea2I S\u00c0N NH\u01afNG LO NG\u1ea0I V\u1ec0 K\u00cdCH TH\u01af\u1edaC V\u00c0 CH\u01afA C\u00d3 M\u1eaaU \u01afNG \u00dd? H\u00e3y li\u00ean h\u1ec7 ngay cho JIEYOU CARPET v\u00ec ch\u00fang t\u00f4i c\u00f3 : \u2013 T\u01b0 v\u1ea5n h\u1ed7 tr\u1ee3 free th\u1ea3m h\u1ee3p tone kh\u00f4ng gian c\u1ee7a b\u1ea1n \u2013 \u0110\u1eb7t ch\u1ebf th\u1ea3m theo y\u00eau c\u1ea7u: k\u00edch th\u01b0\u1edbc, m\u00e0u s\u1eafc, hoa v\u0103n, h\u1ecda ti\u1ebft. \u2013 Th\u1eddi gian \u0111\u1eb7t ch\u1ebf ch\u1ec9 30-40 ng\u00e0y v\u1edbi th\u1ea3m d\u1ec7t tay th\u1ee7 c\u00f4ng.<\/span><\/span><\/p>","protected":false},"excerpt":{"rendered":"<p>&#8211; Ch\u1ea5t li\u1ec7u: PP &#8211; K\u00edch th\u01b0\u1edbc: 200x290cm &#8211; \u0110\u1ed9 d\u00e0y: 10mm &#8211; Tr\u1ecdng l\u01b0\u1ee3ng: 2.5kg\/m2 &#8211; Xu\u1ea5t x\u1ee9: Th\u1ed5 Nh\u0129 K\u1ef3<\/p>","protected":false},"featured_media":2060,"comment_status":"closed","ping_status":"open","template":"","meta":{"_acf_changed":false},"product_brand":[],"product_cat":[68],"product_tag":[],"class_list":{"0":"post-1981","1":"product","2":"type-product","3":"status-publish","4":"has-post-thumbnail","6":"product_cat-tham-polypropylen","8":"first","9":"instock","10":"purchasable","11":"product-type-simple"},"acf":[],"_links":{"self":[{"href":"https:\/\/jieyouvietnam.com\/en\/wp-json\/wp\/v2\/product\/1981","targetHints":{"allow":["GET"]}}],"collection":[{"href":"https:\/\/jieyouvietnam.com\/en\/wp-json\/wp\/v2\/product"}],"about":[{"href":"https:\/\/jieyouvietnam.com\/en\/wp-json\/wp\/v2\/types\/product"}],"replies":[{"embeddable":true,"href":"https:\/\/jieyouvietnam.com\/en\/wp-json\/wp\/v2\/comments?post=1981"}],"wp:featuredmedia":[{"embeddable":true,"href":"https:\/\/jieyouvietnam.com\/en\/wp-json\/wp\/v2\/media\/2060"}],"wp:attachment":[{"href":"https:\/\/jieyouvietnam.com\/en\/wp-json\/wp\/v2\/media?parent=1981"}],"wp:term":[{"taxonomy":"product_brand","embeddable":true,"href":"https:\/\/jieyouvietnam.com\/en\/wp-json\/wp\/v2\/product_brand?post=1981"},{"taxonomy":"product_cat","embeddable":true,"href":"https:\/\/jieyouvietnam.com\/en\/wp-json\/wp\/v2\/product_cat?post=1981"},{"taxonomy":"product_tag","embeddable":true,"href":"https:\/\/jieyouvietnam.com\/en\/wp-json\/wp\/v2\/product_tag?post=1981"}],"curies":[{"name":"wp","href":"https:\/\/api.w.org\/{rel}","templated":true}]}}