{"id":1982,"date":"2026-01-20T14:42:59","date_gmt":"2026-01-20T07:42:59","guid":{"rendered":"https:\/\/jieyouvietnam.com\/product\/dicas-series-3\/"},"modified":"2026-01-20T14:43:03","modified_gmt":"2026-01-20T07:43:03","slug":"dicas-series","status":"publish","type":"product","link":"https:\/\/jieyouvietnam.com\/en\/product\/dicas-series\/","title":{"rendered":"DICAS SERIES"},"content":{"rendered":"<p><span dir=\"auto\" style=\"vertical-align: inherit;\"><span dir=\"auto\" style=\"vertical-align: inherit;\">Dicas l\u00e0 m\u1ed9t trong nh\u1eefng si\u00eau ph\u1ea9m nh\u00e0 Jieyou cho ra m\u1eaft v\u1edbi kh\u00e1ch h\u00e0ng t\u1eeb s\u1ef1 ch\u1ea5t l\u01b0\u1ee3ng tr\u00ean t\u1eebng s\u1ee3i t\u01a1, m\u00e0u s\u1eafc r\u1ef1c r\u1ee1, h\u1ecda ti\u1ebft s\u1ed1ng \u0111\u1ed9ng, \u0111\u1ed9c \u0111\u00e1o nh\u01b0 m\u1ed9t b\u1ee9c tranh \u0111\u1ea7y cu\u1ed1n h\u00fat. T\u1eebng \u0111\u01b0\u1eddng n\u00e9t \u0111\u01b0\u1ee3c c\u00e1c ngh\u1ec7 nh\u00e2n t\u1ec9 m\u0129 d\u1ec7t ho\u00e0n to\u00e0n b\u1eb1ng th\u1ee7 c\u00f4ng, c\u00e1c chi ti\u1ebft ph\u1ed1i m\u00e0u \u0111\u1ec1u \u0111\u01b0\u1ee3c s\u1eafp x\u1ebfp \u0111\u00fang t\u1eebng v\u1ecb tr\u00ed, m\u1eadt \u0111\u1ed9 d\u1ec7t cao c\u00f9ng \u0111\u1ebf d\u1ec7t ch\u1eafc ch\u1eafn, Dicas kh\u00f4ng ch\u1ec9 gi\u00fap b\u1ea3o v\u1ec7 s\u00e0n nh\u00e0, trang tr\u00ed nh\u00e0 c\u1eeda, m\u00e0 c\u00f2n gi\u00fap \u0111i l\u1ea1i tho\u1ea3i m\u00e1i, gi\u1ea3m ti\u1ebfng \u1ed3n. DICAS \u2013 B\u1ee8C TRANH S\u1ed0NG \u0110\u1ed8NG<\/span><\/span><\/p>","protected":false},"excerpt":{"rendered":"<p>DICAS &#8211; Ch\u1ea5t li\u1ec7u: s\u1ee3i wool + s\u1ee3i t\u1ef1 nhi\u00ean &#8211; K\u00edch th\u01b0\u1edbc: 200x300cm &#8211; \u0110\u1ed9 d\u00e0y: 12mm &#8211; Tr\u1ecdng l\u01b0\u1ee3ng: 3.5kg\/m2 &#8211; Xu\u1ea5t x\u1ee9: Trung Qu\u1ed1c<\/p>","protected":false},"featured_media":1531,"comment_status":"closed","ping_status":"open","template":"","meta":{"_acf_changed":false},"product_brand":[],"product_cat":[73],"product_tag":[],"class_list":{"0":"post-1982","1":"product","2":"type-product","3":"status-publish","4":"has-post-thumbnail","6":"product_cat-tham-soi-thien-nhien","8":"first","9":"instock","10":"purchasable","11":"product-type-simple"},"acf":[],"_links":{"self":[{"href":"https:\/\/jieyouvietnam.com\/en\/wp-json\/wp\/v2\/product\/1982","targetHints":{"allow":["GET"]}}],"collection":[{"href":"https:\/\/jieyouvietnam.com\/en\/wp-json\/wp\/v2\/product"}],"about":[{"href":"https:\/\/jieyouvietnam.com\/en\/wp-json\/wp\/v2\/types\/product"}],"replies":[{"embeddable":true,"href":"https:\/\/jieyouvietnam.com\/en\/wp-json\/wp\/v2\/comments?post=1982"}],"wp:featuredmedia":[{"embeddable":true,"href":"https:\/\/jieyouvietnam.com\/en\/wp-json\/wp\/v2\/media\/1531"}],"wp:attachment":[{"href":"https:\/\/jieyouvietnam.com\/en\/wp-json\/wp\/v2\/media?parent=1982"}],"wp:term":[{"taxonomy":"product_brand","embeddable":true,"href":"https:\/\/jieyouvietnam.com\/en\/wp-json\/wp\/v2\/product_brand?post=1982"},{"taxonomy":"product_cat","embeddable":true,"href":"https:\/\/jieyouvietnam.com\/en\/wp-json\/wp\/v2\/product_cat?post=1982"},{"taxonomy":"product_tag","embeddable":true,"href":"https:\/\/jieyouvietnam.com\/en\/wp-json\/wp\/v2\/product_tag?post=1982"}],"curies":[{"name":"wp","href":"https:\/\/api.w.org\/{rel}","templated":true}]}}