{"id":1983,"date":"2026-01-20T14:42:59","date_gmt":"2026-01-20T07:42:59","guid":{"rendered":"https:\/\/jieyouvietnam.com\/product\/didi-series-3\/"},"modified":"2026-01-20T14:43:03","modified_gmt":"2026-01-20T07:43:03","slug":"didi-series","status":"publish","type":"product","link":"https:\/\/jieyouvietnam.com\/en\/product\/didi-series\/","title":{"rendered":"DIDI SERIES"},"content":{"rendered":"<p><span dir=\"auto\" style=\"vertical-align: inherit;\"><span dir=\"auto\" style=\"vertical-align: inherit;\">L\u1ea5y c\u1ea3m h\u1ee9ng t\u1eeb nh\u1eefng b\u1ee9c tranh tr\u1eebu t\u01b0\u1ee3ng c\u1ee7a c\u00e1c h\u1ecda s\u0129 t\u00e0i ba, DIDI kho\u00e1c l\u00ean m\u00ecnh v\u1ebb \u0111\u1eb9p huy\u1ec1n b\u00ed, ki\u00eau sa v\u00e0 \u0111\u1ea7y cu\u1ed1n h\u00fat m\u1ecdi \u00e1nh nh\u00ecn, ch\u00fang ta s\u1ebd m\u00e3n nh\u00e3n v\u1edbi DIDI t\u1eeb ch\u1ea5t li\u1ec7u cho \u0111\u1ebfn m\u00e0u s\u1eafc \u0111\u01b0\u1ee3c ph\u1ed1i h\u1ee3p \u0111an xen v\u00f4 c\u00f9ng tinh t\u1ebf. V\u1edbi s\u1ef1 k\u1ebft h\u1ee3p gi\u1eefa s\u1ee3i len c\u1eebu, s\u1ee3i t\u1ef1 nhi\u00ean v\u00e0 s\u1ee3i t\u01a1 t\u1eb1m( th\u01b0\u1ee3ng ph\u1ea9m trong c\u00e1c lo\u1ea1i t\u01a1), DIDi h\u1ed9i t\u1ee5 \u0111\u1ea7y \u0111\u1ee7 c\u00e1c \u0111\u1eb7c t\u00ednh c\u1ea7n thi\u1ebft nh\u01b0 s\u1ef1 b\u1ec1n b\u1ec9, c\u1ee9ng c\u00e1p v\u00e0 kh\u00f4ng phai m\u00e0u c\u1ee7a len c\u1eebu, kh\u00e1ng khu\u1ea9n ch\u1ed1ng th\u1ea5m b\u1ee5i v\u00e0 d\u1ebbo dai c\u1ee7a s\u1ee3i t\u1ef1 nhi\u00ean, kh\u00f4ng th\u1ec3 thi\u1ebfu \u0111i s\u1ef1 m\u1ec1m m\u1ea1i v\u00e0 h\u00e8 m\u00e1t \u0111\u00f4ng \u1ea5m c\u1ee7a t\u01a1 t\u1eb1m, c\u00e1c nguy\u00ean li\u1ec7u v\u00f4 c\u00f9ng t\u1ef1 nhi\u00ean \u0111\u01b0\u1ee3c c\u00e1c ngh\u1ec7 nh\u00e2n l\u00e0nh ngh\u1ec1 d\u1ec7t xuy\u00ean su\u1ed1t trong th\u1eddi gian 6 th\u00e1ng li\u00ean t\u1ee5c ho\u00e0n to\u00e0n b\u1eb1ng th\u1ee7 c\u00f4ng, DIDI ch\u00ednh l\u00e0 si\u00eau ph\u1ea9m t\u1ea5m \u0111\u1eaft nh\u1ea5t m\u00e0 Jieyou mang \u0111\u1ebfn cho qu\u00fd kh\u00e1ch h\u00e0ng. DIDI \u2013 C\u1ea2M NH\u1eacN S\u1ef0 KH\u00c1C BI\u1ec6T<\/span><\/span><\/p>","protected":false},"excerpt":{"rendered":"<p>&#8211; Ch\u1ea5t li\u1ec7u: s\u1ee3i wool + s\u1ee3i t\u1ef1 nhi\u00ean + t\u01a1 t\u1eb1m &#8211; K\u00edch th\u01b0\u1edbc : 250x300cm &#8211; \u0110\u1ed9 d\u00e0y: 8mm &#8211; Tr\u1ecdng l\u01b0\u1ee3ng: 4kg\/m2 &#8211; Xu\u1ea5t x\u1ee9: Th\u1ed5 Nh\u0129 K\u00ec<\/p>","protected":false},"featured_media":1557,"comment_status":"closed","ping_status":"open","template":"","meta":{"_acf_changed":false},"product_brand":[],"product_cat":[73],"product_tag":[],"class_list":{"0":"post-1983","1":"product","2":"type-product","3":"status-publish","4":"has-post-thumbnail","6":"product_cat-tham-soi-thien-nhien","8":"first","9":"instock","10":"purchasable","11":"product-type-simple"},"acf":[],"_links":{"self":[{"href":"https:\/\/jieyouvietnam.com\/en\/wp-json\/wp\/v2\/product\/1983","targetHints":{"allow":["GET"]}}],"collection":[{"href":"https:\/\/jieyouvietnam.com\/en\/wp-json\/wp\/v2\/product"}],"about":[{"href":"https:\/\/jieyouvietnam.com\/en\/wp-json\/wp\/v2\/types\/product"}],"replies":[{"embeddable":true,"href":"https:\/\/jieyouvietnam.com\/en\/wp-json\/wp\/v2\/comments?post=1983"}],"wp:featuredmedia":[{"embeddable":true,"href":"https:\/\/jieyouvietnam.com\/en\/wp-json\/wp\/v2\/media\/1557"}],"wp:attachment":[{"href":"https:\/\/jieyouvietnam.com\/en\/wp-json\/wp\/v2\/media?parent=1983"}],"wp:term":[{"taxonomy":"product_brand","embeddable":true,"href":"https:\/\/jieyouvietnam.com\/en\/wp-json\/wp\/v2\/product_brand?post=1983"},{"taxonomy":"product_cat","embeddable":true,"href":"https:\/\/jieyouvietnam.com\/en\/wp-json\/wp\/v2\/product_cat?post=1983"},{"taxonomy":"product_tag","embeddable":true,"href":"https:\/\/jieyouvietnam.com\/en\/wp-json\/wp\/v2\/product_tag?post=1983"}],"curies":[{"name":"wp","href":"https:\/\/api.w.org\/{rel}","templated":true}]}}