{"id":1984,"date":"2026-01-20T14:43:03","date_gmt":"2026-01-20T07:43:03","guid":{"rendered":"https:\/\/jieyouvietnam.com\/product\/donier-series-3\/"},"modified":"2026-01-20T14:43:04","modified_gmt":"2026-01-20T07:43:04","slug":"donier-series","status":"publish","type":"product","link":"https:\/\/jieyouvietnam.com\/en\/product\/donier-series\/","title":{"rendered":"DONIER SERIES"},"content":{"rendered":"<p><span dir=\"auto\" style=\"vertical-align: inherit;\"><span dir=\"auto\" style=\"vertical-align: inherit;\">H\u00f2a m\u00ecnh v\u00e0o thi\u00ean nhi\u00ean v\u1edbi v\u1ebb \u0111\u1eb9p nh\u00e3 nh\u1eb7n, thu\u1ea7n khi\u1ebft nh\u01b0ng kh\u00f4ng k\u00e9m ph\u1ea7n r\u1ea1ng r\u1ee1 v\u1edbi h\u1ecda ti\u1ebft hoa t\u01b0\u01a1i s\u00e1ng, sang tr\u1ecdng. V\u1edbi ch\u1ea5t li\u1ec7u poly \u01b0u th\u1ebf b\u1ec1n b\u1ec9 theo th\u1eddi gian, gi\u00e1 th\u00e0nh r\u1ebb v\u00e0 vi\u1ec7c v\u1ec7 sinh s\u1ebd d\u1ec5 d\u00e0ng h\u01a1n bao gi\u1edd, b\u1ea1n ch\u1ec9 c\u1ea7n h\u00fat b\u1ee5i th\u01b0\u1eddng xuy\u00ean \u0111\u1ec3 gi\u1eef cho th\u1ea3m lu\u00f4n t\u01b0\u01a1i m\u1edbi.<\/span><\/span><\/p>","protected":false},"excerpt":{"rendered":"<p>&#8211; Ch\u1ea5t li\u1ec7u: pp &#8211; K\u00edch th\u01b0\u1edbc: 160x230cm &#8211; \u0110\u1ed9 d\u00e0y: 5mm &#8211; Tr\u1ecdng l\u01b0\u1ee3ng: 1.5kg\/m2 &#8211; Xu\u1ea5t x\u1ee9: Trung Qu\u1ed1c<\/p>","protected":false},"featured_media":1581,"comment_status":"closed","ping_status":"open","template":"","meta":{"_acf_changed":false},"product_brand":[],"product_cat":[68],"product_tag":[],"class_list":{"0":"post-1984","1":"product","2":"type-product","3":"status-publish","4":"has-post-thumbnail","6":"product_cat-tham-polypropylen","8":"first","9":"instock","10":"purchasable","11":"product-type-simple"},"acf":[],"_links":{"self":[{"href":"https:\/\/jieyouvietnam.com\/en\/wp-json\/wp\/v2\/product\/1984","targetHints":{"allow":["GET"]}}],"collection":[{"href":"https:\/\/jieyouvietnam.com\/en\/wp-json\/wp\/v2\/product"}],"about":[{"href":"https:\/\/jieyouvietnam.com\/en\/wp-json\/wp\/v2\/types\/product"}],"replies":[{"embeddable":true,"href":"https:\/\/jieyouvietnam.com\/en\/wp-json\/wp\/v2\/comments?post=1984"}],"wp:featuredmedia":[{"embeddable":true,"href":"https:\/\/jieyouvietnam.com\/en\/wp-json\/wp\/v2\/media\/1581"}],"wp:attachment":[{"href":"https:\/\/jieyouvietnam.com\/en\/wp-json\/wp\/v2\/media?parent=1984"}],"wp:term":[{"taxonomy":"product_brand","embeddable":true,"href":"https:\/\/jieyouvietnam.com\/en\/wp-json\/wp\/v2\/product_brand?post=1984"},{"taxonomy":"product_cat","embeddable":true,"href":"https:\/\/jieyouvietnam.com\/en\/wp-json\/wp\/v2\/product_cat?post=1984"},{"taxonomy":"product_tag","embeddable":true,"href":"https:\/\/jieyouvietnam.com\/en\/wp-json\/wp\/v2\/product_tag?post=1984"}],"curies":[{"name":"wp","href":"https:\/\/api.w.org\/{rel}","templated":true}]}}