{"id":1985,"date":"2026-01-20T14:43:03","date_gmt":"2026-01-20T07:43:03","guid":{"rendered":"https:\/\/jieyouvietnam.com\/product\/emily-series-3\/"},"modified":"2026-01-20T14:43:04","modified_gmt":"2026-01-20T07:43:04","slug":"emily-series","status":"publish","type":"product","link":"https:\/\/jieyouvietnam.com\/en\/product\/emily-series\/","title":{"rendered":"EMILY SERIES"},"content":{"rendered":"<p><span dir=\"auto\" style=\"vertical-align: inherit;\"><span dir=\"auto\" style=\"vertical-align: inherit;\">Th\u1ea3m \u1ea4n \u0110\u1ed9- Ngh\u1ec7 Thu\u1eadt H\u00ecnh H\u1ecdc- Ch\u1ee7 Ngh\u0129a T\u1ed1i Gi\u1ea3n Hi\u1ec7n \u0110\u1ea1i. Ngh\u1ec7 thu\u1eadt c\u1ee7a h\u00ecnh h\u1ecdc th\u1ea3m \u1ea4n \u0110\u1ed9 m\u1ed9t l\u1ea7n n\u1eefa \u0111\u01b0\u1ee3c pha tr\u1ed9n v\u1edbi m\u1ed9t h\u01b0\u01a1ng v\u1ecb gradient v\u1eeba hi\u1ec7n \u0111\u1ea1i v\u1eeba \u0111\u01a1n gi\u1ea3n. M\u00e0u s\u1eafc t\u01b0\u01a1ng t\u1ef1 lu\u00f4n c\u00f3 th\u1ec3 mang l\u1ea1i cho m\u1ecdi ng\u01b0\u1eddi m\u1ed9t c\u1ea3m gi\u00e1c d\u1ec5 ch\u1ecbu, m\u1ed9t ph\u00f2ng kh\u00e1ch r\u1ed9ng r\u00e3i, m\u1ed9t t\u1ea5m th\u1ea3m tho\u1ea3i m\u00e1i. Vi\u1ec7c ph\u00e2n chia kh\u00e1c khu v\u1ef1c m\u00e0u s\u1eafc kh\u00e1c nhau c\u00f3 th\u1ec3 th\u1ea5y s\u1ef1 quy t\u1eafc c\u1ee7a ph\u00f2ng kh\u00e1ch, ch\u1ea1m v\u00e0o v\u1ebb \u0111\u1eb9p b\u1eb1ng ng\u00f3n tay, th\u1eddi gian g\u1eb7p s\u1ef1 y\u00ean t\u0129nh Mang l\u1ea1i cho m\u1ecdi ng\u01b0\u1eddi c\u1ea3m gi\u00e1c tho\u1ea3i m\u00e1i v\u00e0 y\u00ean t\u0129nh trong t\u00e2m h\u1ed3n, th\u00eam m\u1ed9t c\u1ea3m gi\u00e1c m\u00e1t m\u1ebb nh\u1eb9 nh\u00e0ng cho ng\u00f4i nh\u00e0. V\u1edbi ch\u1ea5t li\u1ec7u t\u1eeb s\u1ee3i thi\u00ean nhi\u00ean \u0111\u01b0\u1ee3c x\u1eed l\u00fd k\u1ef9 l\u01b0\u1ee1ng, k\u1ef3 c\u00f4ng t\u1eeb kh\u00e2u x\u1eed l\u00fd s\u1ee3i, m\u00e0u s\u1eafc v\u00e0 h\u1ecda ti\u1ebft, d\u1ec7t ho\u00e0n to\u00e0n th\u1ee7 c\u00f4ng b\u1edfi nh\u1eefng ngh\u1ec7 nh\u00e2n l\u00e2u \u0111\u1eddi, m\u1eadt \u0111\u1ed9 d\u1ec7t cao khi\u1ebfn cho hoa v\u0103n s\u1eafc n\u00e9t t\u1edbi t\u1eebng chi ti\u1ebft nh\u1ecf. S\u1ee3i thi\u00ean nhi\u00ean th\u00e2n thi\u1ec7n v\u1edbi m\u1ed9i tr\u01b0\u1eddng, mang l\u1ea1i c\u1ea3m gi\u00e1c m\u1ec1m m\u1ecbn, \u00eam v\u00e0 m\u00e1t khi \u0111i tr\u00ean th\u1ea3m. N\u1ebfu b\u1ea1n \u0111ang mu\u1ed1n t\u00ecm m\u1ed9t t\u1ea5m th\u1ea3m \u0111\u1ec3 trang tr\u00ed, t\u1ea1o m\u1ed9t phong c\u00e1ch ri\u00eang cho ng\u00f4i nh\u00e0 c\u1ee7a m\u00ecnh th\u00ec th\u1ea3m Emily ch\u00ednh l\u00e0 l\u1ef1a ch\u1ecdn h\u00e0ng \u0111\u1ea7u cho b\u1ea1n<\/span><\/span><\/p>","protected":false},"excerpt":{"rendered":"<p>EMILY &#8211; Ch\u1ea5t li\u1ec7u: s\u1ee3i thi\u00ean nhi\u00ean d\u1ec7t th\u1ee7 c\u00f4ng. &#8211; K\u00edch th\u01b0\u1edbc:200x290cm &#8211; \u0110\u1ed9 d\u00e0y: 8mm &#8211; Tr\u1ecdng l\u01b0\u1ee3ng: 3.5kg\/m2 &#8211; Xu\u1ea5t x\u1ee9: \u1ea4n \u0110\u1ed9<\/p>","protected":false},"featured_media":1594,"comment_status":"closed","ping_status":"open","template":"","meta":{"_acf_changed":false},"product_brand":[],"product_cat":[69],"product_tag":[],"class_list":{"0":"post-1985","1":"product","2":"type-product","3":"status-publish","4":"has-post-thumbnail","6":"product_cat-tham-det-tay-thu-cong","8":"first","9":"instock","10":"purchasable","11":"product-type-simple"},"acf":[],"_links":{"self":[{"href":"https:\/\/jieyouvietnam.com\/en\/wp-json\/wp\/v2\/product\/1985","targetHints":{"allow":["GET"]}}],"collection":[{"href":"https:\/\/jieyouvietnam.com\/en\/wp-json\/wp\/v2\/product"}],"about":[{"href":"https:\/\/jieyouvietnam.com\/en\/wp-json\/wp\/v2\/types\/product"}],"replies":[{"embeddable":true,"href":"https:\/\/jieyouvietnam.com\/en\/wp-json\/wp\/v2\/comments?post=1985"}],"wp:featuredmedia":[{"embeddable":true,"href":"https:\/\/jieyouvietnam.com\/en\/wp-json\/wp\/v2\/media\/1594"}],"wp:attachment":[{"href":"https:\/\/jieyouvietnam.com\/en\/wp-json\/wp\/v2\/media?parent=1985"}],"wp:term":[{"taxonomy":"product_brand","embeddable":true,"href":"https:\/\/jieyouvietnam.com\/en\/wp-json\/wp\/v2\/product_brand?post=1985"},{"taxonomy":"product_cat","embeddable":true,"href":"https:\/\/jieyouvietnam.com\/en\/wp-json\/wp\/v2\/product_cat?post=1985"},{"taxonomy":"product_tag","embeddable":true,"href":"https:\/\/jieyouvietnam.com\/en\/wp-json\/wp\/v2\/product_tag?post=1985"}],"curies":[{"name":"wp","href":"https:\/\/api.w.org\/{rel}","templated":true}]}}