{"id":1986,"date":"2026-01-20T14:43:03","date_gmt":"2026-01-20T07:43:03","guid":{"rendered":"https:\/\/jieyouvietnam.com\/product\/feilin-series-3\/"},"modified":"2026-01-20T14:43:04","modified_gmt":"2026-01-20T07:43:04","slug":"feilin-series","status":"publish","type":"product","link":"https:\/\/jieyouvietnam.com\/en\/product\/feilin-series\/","title":{"rendered":"FEILIN SERIES"},"content":{"rendered":"<p><span dir=\"auto\" style=\"vertical-align: inherit;\"><span dir=\"auto\" style=\"vertical-align: inherit;\">Th\u1ea3m FEILIN m\u1eadt \u0111\u1ed9 cao c\u00f3 kh\u1ea3 n\u0103ng ch\u1ed1ng m\u00e0i m\u00f2n, ph\u00f9 h\u1ee3p v\u1edbi c\u00e1c tr\u01b0\u1eddng h\u1ee3p s\u1eed d\u1ee5ng t\u1ea7n s\u1ed1 cao, ch\u1eb3ng h\u1ea1n nh\u01b0 ph\u00f2ng kh\u00e1ch, nh\u00e0 h\u00e0ng v\u00e0 \u0111\u1ecba \u0111i\u1ec3m th\u01b0\u01a1ng m\u1ea1i, c\u00f3 th\u1ec3 duy tr\u00ec v\u1ebb \u0111\u1eb9p v\u00e0 ch\u1ea5t l\u01b0\u1ee3ng th\u1ea3m trong m\u1ed9t th\u1eddi gian d\u00e0i, m\u00e0u s\u1eafc thanh l\u1ecbch \u0111\u01b0\u1ee3c \u0111\u1eb7t trong b\u1ea5t k\u1ef3 c\u1ea3nh n\u00e0o s\u1ebd r\u1ea5t ph\u1ed1i h\u1ee3p. \u0110\u1eb7c t\u00ednh ch\u1ed1ng th\u1ea5m n\u01b0\u1edbc v\u01b0\u1ee3t tr\u1ed9i, d\u1ec5 d\u00e0ng v\u1ec7 sinh, th\u00edch h\u1ee3p v\u1edbi nh\u00e0 c\u00f3 tr\u1ebb nh\u1ecf.<\/span><\/span><\/p>","protected":false},"excerpt":{"rendered":"<p>FEILIN &#8211; Ch\u1ea5t li\u1ec7u: acrylic + s\u1ee3i PP &#8211; K\u00edch th\u01b0\u1edbc:200X290cm ; 300x400cm; c\u00f3 th\u1ec3 t\u00f9y ch\u1ec9nh k\u00edch th\u01b0\u1edbc &#8211; \u0110\u1ed9 d\u00e0y:14mm &#8211; Tr\u1ecdng l\u01b0\u1ee3ng:2,5kg\/m2<\/p>","protected":false},"featured_media":1605,"comment_status":"closed","ping_status":"open","template":"","meta":{"_acf_changed":false},"product_brand":[],"product_cat":[68],"product_tag":[],"class_list":{"0":"post-1986","1":"product","2":"type-product","3":"status-publish","4":"has-post-thumbnail","6":"product_cat-tham-polypropylen","8":"first","9":"instock","10":"purchasable","11":"product-type-simple"},"acf":[],"_links":{"self":[{"href":"https:\/\/jieyouvietnam.com\/en\/wp-json\/wp\/v2\/product\/1986","targetHints":{"allow":["GET"]}}],"collection":[{"href":"https:\/\/jieyouvietnam.com\/en\/wp-json\/wp\/v2\/product"}],"about":[{"href":"https:\/\/jieyouvietnam.com\/en\/wp-json\/wp\/v2\/types\/product"}],"replies":[{"embeddable":true,"href":"https:\/\/jieyouvietnam.com\/en\/wp-json\/wp\/v2\/comments?post=1986"}],"wp:featuredmedia":[{"embeddable":true,"href":"https:\/\/jieyouvietnam.com\/en\/wp-json\/wp\/v2\/media\/1605"}],"wp:attachment":[{"href":"https:\/\/jieyouvietnam.com\/en\/wp-json\/wp\/v2\/media?parent=1986"}],"wp:term":[{"taxonomy":"product_brand","embeddable":true,"href":"https:\/\/jieyouvietnam.com\/en\/wp-json\/wp\/v2\/product_brand?post=1986"},{"taxonomy":"product_cat","embeddable":true,"href":"https:\/\/jieyouvietnam.com\/en\/wp-json\/wp\/v2\/product_cat?post=1986"},{"taxonomy":"product_tag","embeddable":true,"href":"https:\/\/jieyouvietnam.com\/en\/wp-json\/wp\/v2\/product_tag?post=1986"}],"curies":[{"name":"wp","href":"https:\/\/api.w.org\/{rel}","templated":true}]}}