{"id":1987,"date":"2026-01-20T14:43:03","date_gmt":"2026-01-20T07:43:03","guid":{"rendered":"https:\/\/jieyouvietnam.com\/product\/feina-series-3\/"},"modified":"2026-01-20T14:43:04","modified_gmt":"2026-01-20T07:43:04","slug":"feina-series","status":"publish","type":"product","link":"https:\/\/jieyouvietnam.com\/en\/product\/feina-series\/","title":{"rendered":"FEINA SERIES"},"content":{"rendered":"<p><span dir=\"auto\" style=\"vertical-align: inherit;\"><span dir=\"auto\" style=\"vertical-align: inherit;\">C\u00f9ng v\u1edbi s\u1ef1 k\u1ebft h\u1ee3p gi\u1eefa s\u1ee3i poly cao c\u1ea5p v\u00e0 s\u1ee3i pp, Feina \u0111\u00e3 t\u1ea1o ra nh\u1eefng s\u1ea3n ph\u1ea9m v\u1edbi c\u00e1c \u0111\u01b0\u1eddng n\u00e9t \u0111\u1ed9c \u0111\u00e1o, k\u1ebft h\u1ee3p m\u1eadt \u0111\u1ed9 d\u1ec7t cao mang l\u1ea1i c\u1ea3m gi\u00e1c \u00eam \u00e1i v\u00e0 tinh t\u1ebf cho ng\u00f4i nh\u00e0 c\u1ee7a b\u1ea1n. H\u01a1n th\u1ebf, s\u1ef1 k\u1ebft h\u1ee3p c\u1ee7a hai ch\u1ea5t li\u1ec7u c\u1ea5u t\u1ea1o n\u00ean s\u1ef1 b\u1ec1n b\u1ec9, \u0111\u1ebf d\u1ec7t ch\u1eafc ch\u1eafn, ch\u1ed1ng tr\u01a1n v\u00e0 x\u00ea d\u1ecbch trong qu\u00e1 tr\u00ecnh s\u1eed d\u1ee5ng, vi\u1ec7c v\u1ec7 sinh th\u1ea3m c\u0169ng r\u1ea5t \u0111\u01a1n gi\u1ea3n khi b\u1ea1n ch\u1ec9 c\u1ea7n h\u00fat b\u1ee5i th\u01b0\u1eddng xuy\u00ean v\u00e0 6 th\u00e1ng gi\u1eb7c th\u1ea3m 1 l\u1ea7n \u0111\u1ec3 gi\u1eef cho th\u1ea3m lu\u00f4n t\u01b0\u01a1i m\u1edbi\u3002 V\u1edbi tone m\u00e0u v\u00e0 h\u1ecda ti\u1ebft \u0111\u01b0\u1ee3c t\u1ed1i gi\u1ea3n, Feina h\u1ea7u nh\u01b0 ph\u00f9 h\u1ee3p v\u1edbi m\u1ecdi kh\u00f4ng gian cho ng\u00f4i nh\u00e0 c\u1ee7a b\u1ea1n.<\/span><\/span><\/p>","protected":false},"excerpt":{"rendered":"<p>&#8211; Ch\u1ea5t li\u1ec7u: polypropylen &amp; polyeste &#8211; K\u00edch th\u01b0\u1edbc : 190x290cm : c\u00f3 th\u1ec3 t\u00f9y ch\u1ec9nh k\u00edch th\u01b0\u1edbc &#8211; \u0110\u1ed9 cao s\u1ee3i : 10mm &#8211; Tr\u1ecdng l\u01b0\u1ee3ng: 2kg\/m2 &#8211; Xu\u1ea5t x\u1ee9: Th\u1ed5 Nh\u0129 K\u00ec<\/p>","protected":false},"featured_media":1613,"comment_status":"closed","ping_status":"open","template":"","meta":{"_acf_changed":false},"product_brand":[],"product_cat":[68],"product_tag":[],"class_list":{"0":"post-1987","1":"product","2":"type-product","3":"status-publish","4":"has-post-thumbnail","6":"product_cat-tham-polypropylen","8":"first","9":"instock","10":"purchasable","11":"product-type-simple"},"acf":[],"_links":{"self":[{"href":"https:\/\/jieyouvietnam.com\/en\/wp-json\/wp\/v2\/product\/1987","targetHints":{"allow":["GET"]}}],"collection":[{"href":"https:\/\/jieyouvietnam.com\/en\/wp-json\/wp\/v2\/product"}],"about":[{"href":"https:\/\/jieyouvietnam.com\/en\/wp-json\/wp\/v2\/types\/product"}],"replies":[{"embeddable":true,"href":"https:\/\/jieyouvietnam.com\/en\/wp-json\/wp\/v2\/comments?post=1987"}],"wp:featuredmedia":[{"embeddable":true,"href":"https:\/\/jieyouvietnam.com\/en\/wp-json\/wp\/v2\/media\/1613"}],"wp:attachment":[{"href":"https:\/\/jieyouvietnam.com\/en\/wp-json\/wp\/v2\/media?parent=1987"}],"wp:term":[{"taxonomy":"product_brand","embeddable":true,"href":"https:\/\/jieyouvietnam.com\/en\/wp-json\/wp\/v2\/product_brand?post=1987"},{"taxonomy":"product_cat","embeddable":true,"href":"https:\/\/jieyouvietnam.com\/en\/wp-json\/wp\/v2\/product_cat?post=1987"},{"taxonomy":"product_tag","embeddable":true,"href":"https:\/\/jieyouvietnam.com\/en\/wp-json\/wp\/v2\/product_tag?post=1987"}],"curies":[{"name":"wp","href":"https:\/\/api.w.org\/{rel}","templated":true}]}}