{"id":1988,"date":"2026-01-20T14:43:03","date_gmt":"2026-01-20T07:43:03","guid":{"rendered":"https:\/\/jieyouvietnam.com\/product\/grammy-series-3\/"},"modified":"2026-01-20T14:43:04","modified_gmt":"2026-01-20T07:43:04","slug":"grammy-series","status":"publish","type":"product","link":"https:\/\/jieyouvietnam.com\/en\/product\/grammy-series\/","title":{"rendered":"GRAMMY SERIES"},"content":{"rendered":"<p><span dir=\"auto\" style=\"vertical-align: inherit;\"><span dir=\"auto\" style=\"vertical-align: inherit;\">Si\u00eau ph\u1ea9m Grammy l\u00e0 m\u1ed9t trong nh\u1eefng tuy\u1ec7t t\u00e1c nh\u00e0 Jieyou cho ra m\u1eaft v\u1edbi nh\u1eefng d\u00f2ng th\u1ea3m v\u00f4 c\u00f9ng \u0111\u1ed9c \u0111\u00e1o, c\u00e1c h\u1ecda ti\u1ebft \u0111a d\u1ea1ng, t\u1eebng s\u1ee3i t\u01a1 \u0111\u01b0\u1ee3c \u0111an xen t\u1ec9 m\u0129 t\u1ea1o ra c\u00e1c b\u1ee9c tranh m\u00e3n nh\u00e3n ng\u01b0\u1eddi ti\u00eau d\u00f9ng. \u0110\u01b0\u1ee3c k\u1ebft h\u1ee3p t\u1eeb s\u01a1i poly v\u00e0 s\u1ee3i acrylic cao c\u1ea5p, Grammy kh\u00f4ng ch\u1ec9 to\u00e1t l\u00ean v\u1ebb \u0111\u1eb9p ki\u00eau sa m\u00e0 c\u00f2n si\u00eau b\u1ec1n b\u1ec9, kh\u00e1ng b\u1ee5i, ch\u1ed1ng tr\u01a1n, ch\u1ed1ng x\u00ea d\u1ecbch trong qu\u00e1 tr\u00ecnh s\u1eed d\u1ee5ng th\u1ea3m, v\u1edbi \u0111\u1ebf d\u1ec7t ch\u1eafc ch\u1eafn v\u00e0 m\u1eadt \u0111\u1ed9 d\u1ec7t s\u1ee3i cao, v\u1eeba b\u1ea3o v\u1ec7 s\u00e0n nh\u00e0 v\u1eeba l\u00e0m gi\u1ea3m ti\u1ebfng \u1ed3n cho kh\u00f4ng gian c\u1ee7a b\u1ea1n. GRAMMY \u2013 NGH\u1ec6 THU\u1eacT S\u1eaeC M\u00c0U<\/span><\/span><\/p>","protected":false},"excerpt":{"rendered":"<p>GRAMMY &#8211; Ch\u1ea5t li\u1ec7u: s\u1ee3i poly + s\u1ee3i acrylic &#8211; K\u00edch th\u01b0\u1edbc: 160x230cm; 200x290cm &#8211; \u0110\u1ed9 d\u00e0y: 12 mm &#8211; Tr\u1ecdng l\u01b0\u1ee3ng: 2kg\/m2 &#8211; Xu\u1ea5t x\u1ee9: Th\u1ed5 Nh\u0129 K\u1ef3<\/p>","protected":false},"featured_media":1621,"comment_status":"closed","ping_status":"open","template":"","meta":{"_acf_changed":false},"product_brand":[],"product_cat":[71],"product_tag":[],"class_list":{"0":"post-1988","1":"product","2":"type-product","3":"status-publish","4":"has-post-thumbnail","6":"product_cat-tham-det-tu-soi-acylic","8":"first","9":"instock","10":"purchasable","11":"product-type-simple"},"acf":[],"_links":{"self":[{"href":"https:\/\/jieyouvietnam.com\/en\/wp-json\/wp\/v2\/product\/1988","targetHints":{"allow":["GET"]}}],"collection":[{"href":"https:\/\/jieyouvietnam.com\/en\/wp-json\/wp\/v2\/product"}],"about":[{"href":"https:\/\/jieyouvietnam.com\/en\/wp-json\/wp\/v2\/types\/product"}],"replies":[{"embeddable":true,"href":"https:\/\/jieyouvietnam.com\/en\/wp-json\/wp\/v2\/comments?post=1988"}],"wp:featuredmedia":[{"embeddable":true,"href":"https:\/\/jieyouvietnam.com\/en\/wp-json\/wp\/v2\/media\/1621"}],"wp:attachment":[{"href":"https:\/\/jieyouvietnam.com\/en\/wp-json\/wp\/v2\/media?parent=1988"}],"wp:term":[{"taxonomy":"product_brand","embeddable":true,"href":"https:\/\/jieyouvietnam.com\/en\/wp-json\/wp\/v2\/product_brand?post=1988"},{"taxonomy":"product_cat","embeddable":true,"href":"https:\/\/jieyouvietnam.com\/en\/wp-json\/wp\/v2\/product_cat?post=1988"},{"taxonomy":"product_tag","embeddable":true,"href":"https:\/\/jieyouvietnam.com\/en\/wp-json\/wp\/v2\/product_tag?post=1988"}],"curies":[{"name":"wp","href":"https:\/\/api.w.org\/{rel}","templated":true}]}}