{"id":1989,"date":"2026-01-20T14:43:03","date_gmt":"2026-01-20T07:43:03","guid":{"rendered":"https:\/\/jieyouvietnam.com\/product\/ibiza-series-3\/"},"modified":"2026-01-20T14:43:05","modified_gmt":"2026-01-20T07:43:05","slug":"ibiza-series","status":"publish","type":"product","link":"https:\/\/jieyouvietnam.com\/en\/product\/ibiza-series\/","title":{"rendered":"IBIZA SERIES"},"content":{"rendered":"<p><span dir=\"auto\" style=\"vertical-align: inherit;\"><span dir=\"auto\" style=\"vertical-align: inherit;\">L\u1ea5y c\u1ea3m h\u1ee9ng t\u1eeb nh\u1eefng b\u1ee9c tranh tr\u1eebu t\u01b0\u1ee3ng c\u1ee7a nh\u1eefng h\u1ecda s\u0129 t\u00e0i ba, c\u00e1c th\u1ee3 d\u1ec7t c\u1ee7a Jieyou \u0111\u00e3 mang \u0111\u1ebfn nh\u1eefng chi\u1ebfc th\u1ea3m tr\u1ea3i s\u00e0n \u0111\u1ed9c \u0111\u00e1o v\u00e0 c\u00e1 t\u00ednh nh\u01b0ng kh\u00f4ng k\u00e9m \u0111i ph\u1ea7n tinh t\u1ebf v\u00e0 sang tr\u1ecdng. H\u1ecda ti\u1ebft \u0111\u1ed9c \u0111\u00e1o, d\u01b0\u1eddng n\u00e9t ri\u00eang bi\u1ec7t, v\u1edbi s\u1ee3i poly cao c\u1ea5p \u00e1nh kim, Ibiza s\u1ebd mang l\u1ea1i l\u00e0n gi\u00f3 m\u1edbi cho kh\u00f4ng gian ng\u00f4i nh\u00e0 c\u1ee7a b\u1ea1n.<\/span><\/span><\/p>","protected":false},"excerpt":{"rendered":"<p>IBIZA &#8211; Ch\u1ea5t li\u1ec7u: polypropylen &#8211; K\u00edch th\u01b0\u1edbc: 200x290cm &#8211; \u0110\u1ed9 d\u00e0y:13mm &#8211; Tr\u1ecdng l\u01b0\u1ee3ng: 2,7kg\/m2 &#8211; Xu\u1ea5t x\u1ee9: Th\u1ed5 Nh\u0129 K\u1ef3<\/p>","protected":false},"featured_media":1631,"comment_status":"closed","ping_status":"open","template":"","meta":{"_acf_changed":false},"product_brand":[],"product_cat":[68],"product_tag":[],"class_list":{"0":"post-1989","1":"product","2":"type-product","3":"status-publish","4":"has-post-thumbnail","6":"product_cat-tham-polypropylen","8":"first","9":"instock","10":"purchasable","11":"product-type-simple"},"acf":[],"_links":{"self":[{"href":"https:\/\/jieyouvietnam.com\/en\/wp-json\/wp\/v2\/product\/1989","targetHints":{"allow":["GET"]}}],"collection":[{"href":"https:\/\/jieyouvietnam.com\/en\/wp-json\/wp\/v2\/product"}],"about":[{"href":"https:\/\/jieyouvietnam.com\/en\/wp-json\/wp\/v2\/types\/product"}],"replies":[{"embeddable":true,"href":"https:\/\/jieyouvietnam.com\/en\/wp-json\/wp\/v2\/comments?post=1989"}],"wp:featuredmedia":[{"embeddable":true,"href":"https:\/\/jieyouvietnam.com\/en\/wp-json\/wp\/v2\/media\/1631"}],"wp:attachment":[{"href":"https:\/\/jieyouvietnam.com\/en\/wp-json\/wp\/v2\/media?parent=1989"}],"wp:term":[{"taxonomy":"product_brand","embeddable":true,"href":"https:\/\/jieyouvietnam.com\/en\/wp-json\/wp\/v2\/product_brand?post=1989"},{"taxonomy":"product_cat","embeddable":true,"href":"https:\/\/jieyouvietnam.com\/en\/wp-json\/wp\/v2\/product_cat?post=1989"},{"taxonomy":"product_tag","embeddable":true,"href":"https:\/\/jieyouvietnam.com\/en\/wp-json\/wp\/v2\/product_tag?post=1989"}],"curies":[{"name":"wp","href":"https:\/\/api.w.org\/{rel}","templated":true}]}}