{"id":1990,"date":"2026-01-20T14:43:03","date_gmt":"2026-01-20T07:43:03","guid":{"rendered":"https:\/\/jieyouvietnam.com\/product\/kum-series-3\/"},"modified":"2026-01-20T14:43:05","modified_gmt":"2026-01-20T07:43:05","slug":"kum-series","status":"publish","type":"product","link":"https:\/\/jieyouvietnam.com\/en\/product\/kum-series\/","title":{"rendered":"KUM SERIES"},"content":{"rendered":"<p><span dir=\"auto\" style=\"vertical-align: inherit;\"><span dir=\"auto\" style=\"vertical-align: inherit;\">S\u1ee3i t\u1ea3o bi\u1ec3n Kum \u0111\u01b0\u1ee3c thu ho\u1ea1ch t\u1eeb c\u00e1c v\u00f9ng bi\u1ec3n s\u1ea1ch, n\u01a1i t\u1ea3o bi\u1ec3n ph\u00e1t tri\u1ec3n t\u1ef1 nhi\u00ean trong m\u00f4i tr\u01b0\u1eddng kh\u00f4ng b\u1ecb \u00f4 nhi\u1ec5m. Qu\u00e1 tr\u00ecnh thu ho\u1ea1ch t\u1ea3o bi\u1ec3n \u0111\u01b0\u1ee3c th\u1ef1c hi\u1ec7n m\u1ed9t c\u00e1ch c\u1ea9n th\u1eadn \u0111\u1ec3 \u0111\u1ea3m b\u1ea3o kh\u00f4ng g\u00e2y h\u1ea1i cho h\u1ec7 sinh th\u00e1i bi\u1ec3n. Sau khi thu ho\u1ea1ch, t\u1ea3o bi\u1ec3n \u0111\u01b0\u1ee3c x\u1eed l\u00fd v\u00e0 chuy\u1ec3n h\u00f3a th\u00e0nh s\u1ee3i, s\u1eb5n s\u00e0ng cho qu\u00e1 tr\u00ecnh d\u1ec7t th\u1ee7 c\u00f4ng. Quy tr\u00ecnh d\u1ec7t th\u1ea3m Kum ho\u00e0n to\u00e0n th\u1ee7 c\u00f4ng, t\u1eeb vi\u1ec7c x\u1eed l\u00fd s\u1ee3i t\u1ea3o bi\u1ec3n \u0111\u1ebfn vi\u1ec7c d\u1ec7t t\u1eebng \u0111\u01b0\u1eddng n\u00e9t hoa v\u0103n. C\u00e1c ngh\u1ec7 nh\u00e2n l\u00e0nh ngh\u1ec1 s\u1eed d\u1ee5ng k\u1ef9 thu\u1eadt truy\u1ec1n th\u1ed1ng k\u1ebft h\u1ee3p v\u1edbi s\u1ef1 s\u00e1ng t\u1ea1o hi\u1ec7n \u0111\u1ea1i \u0111\u1ec3 t\u1ea1o ra nh\u1eefng t\u1ea5m th\u1ea3m \u0111\u1ed9c \u0111\u00e1o v\u00e0 tinh x\u1ea3o. M\u1ed7i t\u1ea5m th\u1ea3m \u0111\u1ec1u mang d\u1ea5u \u1ea5n ri\u00eang, ph\u1ea3n \u00e1nh s\u1ef1 kh\u00e9o l\u00e9o v\u00e0 t\u00e0i hoa c\u1ee7a ng\u01b0\u1eddi th\u1ee3 d\u1ec7t. \u0110\u1eb7c t\u00ednh n\u1ed5i b\u1eadt Th\u00e2n thi\u1ec7n v\u1edbi m\u00f4i tr\u01b0\u1eddng: Th\u1ea3m Kum \u0111\u01b0\u1ee3c l\u00e0m t\u1eeb s\u1ee3i t\u1ea3o bi\u1ec3n t\u1ef1 nhi\u00ean, kh\u00f4ng ch\u1ee9a c\u00e1c ch\u1ea5t h\u00f3a h\u1ecdc \u0111\u1ed9c h\u1ea1i, g\u00f3p ph\u1ea7n gi\u1ea3m thi\u1ec3u t\u00e1c \u0111\u1ed9ng ti\u00eau c\u1ef1c \u0111\u1ebfn m\u00f4i tr\u01b0\u1eddng. Qu\u00e1 tr\u00ecnh s\u1ea3n xu\u1ea5t b\u1ec1n v\u1eefng gi\u00fap b\u1ea3o v\u1ec7 h\u1ec7 sinh th\u00e1i bi\u1ec3n v\u00e0 duy tr\u00ec ngu\u1ed3n t\u00e0i nguy\u00ean t\u1ef1 nhi\u00ean. \u0110\u1ed9 b\u1ec1n cao: S\u1ee3i t\u1ea3o bi\u1ec3n c\u00f3 \u0111\u1ed9 b\u1ec1n v\u01b0\u1ee3t tr\u1ed9i, ch\u1ecbu \u0111\u01b0\u1ee3c m\u00e0i m\u00f2n v\u00e0 s\u1eed d\u1ee5ng l\u00e2u d\u00e0i. Th\u1ea3m Kum gi\u1eef \u0111\u01b0\u1ee3c \u0111\u1ed9 b\u1ec1n v\u00e0 c\u1ea5u tr\u00fac nguy\u00ean v\u1eb9n qua nhi\u1ec1u n\u0103m s\u1eed d\u1ee5ng, \u0111\u1ea3m b\u1ea3o gi\u00e1 tr\u1ecb \u0111\u1ea7u t\u01b0 cho ng\u01b0\u1eddi ti\u00eau d\u00f9ng. Kh\u1ea3 n\u0103ng ch\u1ed1ng \u1ea9m v\u00e0 kh\u00e1ng khu\u1ea9n: S\u1ee3i t\u1ea3o bi\u1ec3n c\u00f3 kh\u1ea3 n\u0103ng ch\u1ed1ng \u1ea9m t\u1ef1 nhi\u00ean, gi\u00fap th\u1ea3m Kum kh\u00f4ng b\u1ecb m\u1ed1c hay h\u1ecfng khi ti\u1ebfp x\u00fac v\u1edbi \u0111\u1ed9 \u1ea9m cao. \u0110\u1eb7c t\u00ednh kh\u00e1ng khu\u1ea9n c\u1ee7a t\u1ea3o bi\u1ec3n c\u0169ng gi\u00fap th\u1ea3m duy tr\u00ec \u0111\u01b0\u1ee3c s\u1ef1 s\u1ea1ch s\u1ebd v\u00e0 v\u1ec7 sinh. M\u00e0u s\u1eafc v\u00e0 hoa v\u0103n t\u1ef1 nhi\u00ean: Th\u1ea3m Kum mang m\u00e0u s\u1eafc t\u1ef1 nhi\u00ean c\u1ee7a t\u1ea3o bi\u1ec3n, t\u1ea1o n\u00ean v\u1ebb \u0111\u1eb9p m\u1ed9c m\u1ea1c v\u00e0 g\u1ea7n g\u0169i v\u1edbi thi\u00ean nhi\u00ean. Hoa v\u0103n tr\u00ean th\u1ea3m \u0111\u01b0\u1ee3c d\u1ec7t th\u1ee7 c\u00f4ng, tinh x\u1ea3o v\u00e0 phong ph\u00fa, th\u1ec3 hi\u1ec7n s\u1ef1 s\u00e1ng t\u1ea1o v\u00e0 ngh\u1ec7 thu\u1eadt c\u1ee7a ng\u01b0\u1eddi th\u1ee3 d\u1ec7t. C\u1ea3m gi\u00e1c tho\u1ea3i m\u00e1i v\u00e0 d\u1ec5 ch\u1ecbu: S\u1ee3i t\u1ea3o bi\u1ec3n m\u1ec1m m\u1ea1i v\u00e0 tho\u1ea3i m\u00e1i khi ti\u1ebfp x\u00fac, mang l\u1ea1i c\u1ea3m gi\u00e1c d\u1ec5 ch\u1ecbu cho ng\u01b0\u1eddi s\u1eed d\u1ee5ng. Th\u1ea3m Kum kh\u00f4ng ch\u1ec9 l\u00e0 m\u1ed9t s\u1ea3n ph\u1ea9m trang tr\u00ed m\u00e0 c\u00f2n g\u00f3p ph\u1ea7n t\u1ea1o n\u00ean kh\u00f4ng gian s\u1ed1ng th\u01b0 gi\u00e3n v\u00e0 \u1ea5m c\u00fang. \u1ee8ng d\u1ee5ng v\u00e0 phong c\u00e1ch trang tr\u00ed Th\u1ea3m Kum ph\u00f9 h\u1ee3p v\u1edbi nhi\u1ec1u phong c\u00e1ch trang tr\u00ed n\u1ed9i th\u1ea5t, t\u1eeb c\u1ed5 \u0111i\u1ec3n \u0111\u1ebfn hi\u1ec7n \u0111\u1ea1i. V\u1edbi v\u1ebb \u0111\u1eb9p t\u1ef1 nhi\u00ean v\u00e0 \u0111\u1ed9c \u0111\u00e1o, th\u1ea3m Kum c\u00f3 th\u1ec3 s\u1eed d\u1ee5ng trong ph\u00f2ng kh\u00e1ch, ph\u00f2ng ng\u1ee7, ph\u00f2ng l\u00e0m vi\u1ec7c ho\u1eb7c b\u1ea5t k\u1ef3 kh\u00f4ng gian n\u00e0o c\u1ea7n th\u00eam s\u1ef1 \u1ea5m \u00e1p v\u00e0 ngh\u1ec7 thu\u1eadt. Th\u1ea3m Kum kh\u00f4ng ch\u1ec9 l\u00e0 m\u1ed9t s\u1ea3n ph\u1ea9m n\u1ed9i th\u1ea5t m\u00e0 c\u00f2n l\u00e0 m\u1ed9t th\u00f4ng \u0111i\u1ec7p v\u1ec1 t\u00ecnh y\u00eau thi\u00ean nhi\u00ean v\u00e0 s\u1ef1 cam k\u1ebft v\u1edbi phong c\u00e1ch s\u1ed1ng b\u1ec1n v\u1eefng. M\u1ed7i t\u1ea5m th\u1ea3m l\u00e0 m\u1ed9t t\u00e1c ph\u1ea9m ngh\u1ec7 thu\u1eadt, mang trong m\u00ecnh c\u00e2u chuy\u1ec7n v\u1ec1 s\u1ef1 h\u00f2a quy\u1ec7n gi\u1eefa con ng\u01b0\u1eddi v\u00e0 thi\u00ean nhi\u00ean.<\/span><\/span><\/p>","protected":false},"excerpt":{"rendered":"<p>KUM &#8211; Ch\u1ea5t li\u1ec7u: s\u1ee3i thi\u00ean nhi\u00ean t\u1ea3o bi\u1ec3n d\u1ec7t th\u1ee7 c\u00f4ng &#8211; K\u00edch th\u01b0\u1edbc: 300x400cm &#8211; \u0110\u1ed9 d\u00e0y: 6mm &#8211; Tr\u1ecdng l\u01b0\u1ee3ng: 2.8kg\/m2 &#8211; Xu\u1ea5t x\u1ee9: B\u1ec9<\/p>","protected":false},"featured_media":1668,"comment_status":"closed","ping_status":"open","template":"","meta":{"_acf_changed":false},"product_brand":[],"product_cat":[69],"product_tag":[],"class_list":{"0":"post-1990","1":"product","2":"type-product","3":"status-publish","4":"has-post-thumbnail","6":"product_cat-tham-det-tay-thu-cong","8":"first","9":"instock","10":"purchasable","11":"product-type-simple"},"acf":[],"_links":{"self":[{"href":"https:\/\/jieyouvietnam.com\/en\/wp-json\/wp\/v2\/product\/1990","targetHints":{"allow":["GET"]}}],"collection":[{"href":"https:\/\/jieyouvietnam.com\/en\/wp-json\/wp\/v2\/product"}],"about":[{"href":"https:\/\/jieyouvietnam.com\/en\/wp-json\/wp\/v2\/types\/product"}],"replies":[{"embeddable":true,"href":"https:\/\/jieyouvietnam.com\/en\/wp-json\/wp\/v2\/comments?post=1990"}],"wp:featuredmedia":[{"embeddable":true,"href":"https:\/\/jieyouvietnam.com\/en\/wp-json\/wp\/v2\/media\/1668"}],"wp:attachment":[{"href":"https:\/\/jieyouvietnam.com\/en\/wp-json\/wp\/v2\/media?parent=1990"}],"wp:term":[{"taxonomy":"product_brand","embeddable":true,"href":"https:\/\/jieyouvietnam.com\/en\/wp-json\/wp\/v2\/product_brand?post=1990"},{"taxonomy":"product_cat","embeddable":true,"href":"https:\/\/jieyouvietnam.com\/en\/wp-json\/wp\/v2\/product_cat?post=1990"},{"taxonomy":"product_tag","embeddable":true,"href":"https:\/\/jieyouvietnam.com\/en\/wp-json\/wp\/v2\/product_tag?post=1990"}],"curies":[{"name":"wp","href":"https:\/\/api.w.org\/{rel}","templated":true}]}}