{"id":1991,"date":"2026-01-20T14:43:03","date_gmt":"2026-01-20T07:43:03","guid":{"rendered":"https:\/\/jieyouvietnam.com\/product\/lolis-series-3\/"},"modified":"2026-01-20T14:43:05","modified_gmt":"2026-01-20T07:43:05","slug":"lolis-series","status":"publish","type":"product","link":"https:\/\/jieyouvietnam.com\/en\/product\/lolis-series\/","title":{"rendered":"LOLIS SERIES"},"content":{"rendered":"<p><span dir=\"auto\" style=\"vertical-align: inherit;\"><span dir=\"auto\" style=\"vertical-align: inherit;\">Th\u1ea9m m\u0129, ri\u00eang bi\u1ec7t, b\u1ec1n b\u1ec9, v\u00e0 k\u00edch th\u00edch th\u1ecb gi\u00e1c l\u00e0 d\u00f9ng \u0111\u1ec3 mi\u00eau t\u1ea3 Lolis. T\u1eebng s\u1ee3i d\u1ec7t \u0111\u01b0\u1ee3c \u0111an xe m\u00f3c n\u1ed1i v\u1edbi nhau ch\u00ednh x\u00e1c t\u1edbi t\u1eebng chi ti\u1ebft, c\u00e1c m\u00e0u s\u1eafc h\u00f2a tr\u1ed9n v\u1edbi nhau \u0111\u1eb9p t\u1ef1a nh\u01b0 tranh. H\u1ecda ti\u1ebft \u0111\u1ed9c \u0111\u00e1o n\u00f3i l\u00ean c\u00e1 t\u00ednh c\u1ee7a b\u1ea1n \u2013 n\u00e2ng t\u1ea7m kh\u00f4ng gian n\u00f3i thay phong c\u00e1ch c\u1ee7a b\u1ea1n.<\/span><\/span><\/p>","protected":false},"excerpt":{"rendered":"<p>&#8211; Ch\u1ea5t li\u1ec7u: len c\u1eebu + s\u1ee3i t\u1ef1 nhi\u00ean &#8211; K\u00edch th\u01b0\u1edbc: 200x300cm &#8211; \u0110\u1ed9 d\u00e0y: 12mm &#8211; Tr\u1ecdng l\u01b0\u1ee3ng: 3.8kg\/m2 &#8211; Xu\u1ea5t x\u1ee9: Jieyou- Trung Qu\u1ed1c<\/p>","protected":false},"featured_media":1678,"comment_status":"closed","ping_status":"open","template":"","meta":{"_acf_changed":false},"product_brand":[],"product_cat":[72],"product_tag":[],"class_list":{"0":"post-1991","1":"product","2":"type-product","3":"status-publish","4":"has-post-thumbnail","6":"product_cat-tham-det-tu-len-cuu","8":"first","9":"instock","10":"purchasable","11":"product-type-simple"},"acf":[],"_links":{"self":[{"href":"https:\/\/jieyouvietnam.com\/en\/wp-json\/wp\/v2\/product\/1991","targetHints":{"allow":["GET"]}}],"collection":[{"href":"https:\/\/jieyouvietnam.com\/en\/wp-json\/wp\/v2\/product"}],"about":[{"href":"https:\/\/jieyouvietnam.com\/en\/wp-json\/wp\/v2\/types\/product"}],"replies":[{"embeddable":true,"href":"https:\/\/jieyouvietnam.com\/en\/wp-json\/wp\/v2\/comments?post=1991"}],"wp:featuredmedia":[{"embeddable":true,"href":"https:\/\/jieyouvietnam.com\/en\/wp-json\/wp\/v2\/media\/1678"}],"wp:attachment":[{"href":"https:\/\/jieyouvietnam.com\/en\/wp-json\/wp\/v2\/media?parent=1991"}],"wp:term":[{"taxonomy":"product_brand","embeddable":true,"href":"https:\/\/jieyouvietnam.com\/en\/wp-json\/wp\/v2\/product_brand?post=1991"},{"taxonomy":"product_cat","embeddable":true,"href":"https:\/\/jieyouvietnam.com\/en\/wp-json\/wp\/v2\/product_cat?post=1991"},{"taxonomy":"product_tag","embeddable":true,"href":"https:\/\/jieyouvietnam.com\/en\/wp-json\/wp\/v2\/product_tag?post=1991"}],"curies":[{"name":"wp","href":"https:\/\/api.w.org\/{rel}","templated":true}]}}