{"id":1993,"date":"2026-01-20T14:43:03","date_gmt":"2026-01-20T07:43:03","guid":{"rendered":"https:\/\/jieyouvietnam.com\/product\/mosena-series-3\/"},"modified":"2026-01-20T14:43:06","modified_gmt":"2026-01-20T07:43:06","slug":"mosena-series","status":"publish","type":"product","link":"https:\/\/jieyouvietnam.com\/en\/product\/mosena-series\/","title":{"rendered":"MOSENA SERIES"},"content":{"rendered":"<p><span dir=\"auto\" style=\"vertical-align: inherit;\"><span dir=\"auto\" style=\"vertical-align: inherit;\">V\u1edbi ch\u1ea5t li\u1ec7u t\u1eeb s\u1ee3i thi\u00ean nhi\u00ean, m\u1ec1m m\u1ecbn, b\u1ec1n b\u1ec9, Mosena cho kh\u00e1ch h\u00e0ng tr\u1ea3i nghi\u1ec7m \u0111\u1ea7u ti\u00ean ch\u00ednh l\u00e0 sang tr\u1ecdng nh\u00e3 nh\u1eb7n \u0111\u01b0\u1ee3c mi\u00eau t\u1ea3 ch\u00e2n th\u1ef1c nh\u1ea5t tr\u00ean t\u1eebng s\u1ee3i t\u01a1 v\u00e0 m\u00e0u s\u1eafc. H\u1ecda ti\u1ebft \u0111\u01a1n gi\u1ea3n, m\u00e0u s\u1eafc kh\u00f4ng qu\u00e1 l\u00e0 n\u1ed5i b\u1eadt, nh\u01b0ng to\u00e1t l\u00ean m\u00ecnh v\u1ebb ki\u00eau sa, b\u00ed \u1ea9n v\u00e0 cao c\u1ea5p m\u00e0 kh\u00f4ng ph\u1ea3i d\u00f2ng th\u1ea3m n\u00e0o c\u0169ng c\u00f3 th\u1ec3 so s\u00e1nh. MOSENA \u2013 TUY\u1ec6T T\u00c1C T\u1eea S\u1ee2I T\u01a0 THI\u00caN NHI\u00caN.<\/span><\/span><\/p>","protected":false},"excerpt":{"rendered":"<p>MOSENA &#8211; Ch\u1ea5t li\u1ec7u: s\u1ee3i thi\u00ean nhi\u00ean &#8211; K\u00edch th\u01b0\u1edbc: 200x290cm &#8211; \u0110\u1ed9 d\u00e0y: 6 mm &#8211; Tr\u1ecdng l\u01b0\u1ee3ng: 2.5kg\/m2 &#8211; Xu\u1ea5t x\u1ee9: Th\u1ed5 Nh\u0129 K\u1ef3<\/p>","protected":false},"featured_media":2093,"comment_status":"closed","ping_status":"open","template":"","meta":{"_acf_changed":false},"product_brand":[],"product_cat":[73],"product_tag":[],"class_list":{"0":"post-1993","1":"product","2":"type-product","3":"status-publish","4":"has-post-thumbnail","6":"product_cat-tham-soi-thien-nhien","8":"first","9":"instock","10":"purchasable","11":"product-type-simple"},"acf":[],"_links":{"self":[{"href":"https:\/\/jieyouvietnam.com\/en\/wp-json\/wp\/v2\/product\/1993","targetHints":{"allow":["GET"]}}],"collection":[{"href":"https:\/\/jieyouvietnam.com\/en\/wp-json\/wp\/v2\/product"}],"about":[{"href":"https:\/\/jieyouvietnam.com\/en\/wp-json\/wp\/v2\/types\/product"}],"replies":[{"embeddable":true,"href":"https:\/\/jieyouvietnam.com\/en\/wp-json\/wp\/v2\/comments?post=1993"}],"wp:featuredmedia":[{"embeddable":true,"href":"https:\/\/jieyouvietnam.com\/en\/wp-json\/wp\/v2\/media\/2093"}],"wp:attachment":[{"href":"https:\/\/jieyouvietnam.com\/en\/wp-json\/wp\/v2\/media?parent=1993"}],"wp:term":[{"taxonomy":"product_brand","embeddable":true,"href":"https:\/\/jieyouvietnam.com\/en\/wp-json\/wp\/v2\/product_brand?post=1993"},{"taxonomy":"product_cat","embeddable":true,"href":"https:\/\/jieyouvietnam.com\/en\/wp-json\/wp\/v2\/product_cat?post=1993"},{"taxonomy":"product_tag","embeddable":true,"href":"https:\/\/jieyouvietnam.com\/en\/wp-json\/wp\/v2\/product_tag?post=1993"}],"curies":[{"name":"wp","href":"https:\/\/api.w.org\/{rel}","templated":true}]}}