{"id":1994,"date":"2026-01-20T14:43:03","date_gmt":"2026-01-20T07:43:03","guid":{"rendered":"https:\/\/jieyouvietnam.com\/product\/naige-series-3\/"},"modified":"2026-01-20T14:43:07","modified_gmt":"2026-01-20T07:43:07","slug":"naige-series","status":"publish","type":"product","link":"https:\/\/jieyouvietnam.com\/en\/product\/naige-series\/","title":{"rendered":"NAIGE SERIES"},"content":{"rendered":"<p><span dir=\"auto\" style=\"vertical-align: inherit;\"><span dir=\"auto\" style=\"vertical-align: inherit;\">\u0110\u01b0\u1ee3c k\u1ebft h\u1ee3p t\u1eeb len c\u1eebu v\u00e0 s\u1ee3i polypropylen ch\u1ed1ng m\u00e0i m\u00f2n. B\u1ea3o v\u1ec7 m\u00f4i tr\u01b0\u1eddng v\u00e0 c\u0169ng k\u00e9o d\u00e0i tu\u1ed5i th\u1ecd th\u1ea3m. M\u00e0u s\u1eafc y\u00ean t\u0129nh k\u00eat h\u1ee3p v\u1edbi n\u1ed9i th\u1ea5t b\u1eb1ng g\u1ed7 gi\u00fap kh\u00f4ng gian tr\u1edf n\u00ean \u0111\u1eb7c bi\u1ec7t thanh nh\u00e3. M\u1ed9t t\u1ea5m th\u1ea3m ph\u00f9 h\u1ee3p, kh\u00f4ng ch\u1ec9 c\u00f2n l\u00e0 m\u1ed9t t\u1ea5m th\u1ea3m n\u1eefa. N\u00f3 c\u1ecf th\u1ec3 gi\u00fap nh\u00e0 b\u1ea1n th\u00eam \u1ea5m \u00e1p, v\u00e0 c\u00f2n n\u00e2ng cao phong c\u00e1ch c\u00e1 nh\u00e2n.<\/span><\/span><\/p>","protected":false},"excerpt":{"rendered":"<p>&#8211; Ch\u1ea5t li\u1ec7u: wool 20% +pp &#8211; K\u00edch th\u01b0\u1edbc:200x290cm; c\u00f3 th\u1ec3 t\u00f9y ch\u1ec9nh k\u00edch th\u01b0\u1edbc. &#8211; \u0110\u1ed9 d\u00e0y:10mm &#8211; Tr\u1ecdng l\u01b0\u1ee3ng:2kg\/m2 &#8211; Xu\u1ea5t x\u1ee9: Jieyou<\/p>","protected":false},"featured_media":1718,"comment_status":"closed","ping_status":"open","template":"","meta":{"_acf_changed":false},"product_brand":[],"product_cat":[68],"product_tag":[],"class_list":{"0":"post-1994","1":"product","2":"type-product","3":"status-publish","4":"has-post-thumbnail","6":"product_cat-tham-polypropylen","8":"first","9":"instock","10":"purchasable","11":"product-type-simple"},"acf":[],"_links":{"self":[{"href":"https:\/\/jieyouvietnam.com\/en\/wp-json\/wp\/v2\/product\/1994","targetHints":{"allow":["GET"]}}],"collection":[{"href":"https:\/\/jieyouvietnam.com\/en\/wp-json\/wp\/v2\/product"}],"about":[{"href":"https:\/\/jieyouvietnam.com\/en\/wp-json\/wp\/v2\/types\/product"}],"replies":[{"embeddable":true,"href":"https:\/\/jieyouvietnam.com\/en\/wp-json\/wp\/v2\/comments?post=1994"}],"wp:featuredmedia":[{"embeddable":true,"href":"https:\/\/jieyouvietnam.com\/en\/wp-json\/wp\/v2\/media\/1718"}],"wp:attachment":[{"href":"https:\/\/jieyouvietnam.com\/en\/wp-json\/wp\/v2\/media?parent=1994"}],"wp:term":[{"taxonomy":"product_brand","embeddable":true,"href":"https:\/\/jieyouvietnam.com\/en\/wp-json\/wp\/v2\/product_brand?post=1994"},{"taxonomy":"product_cat","embeddable":true,"href":"https:\/\/jieyouvietnam.com\/en\/wp-json\/wp\/v2\/product_cat?post=1994"},{"taxonomy":"product_tag","embeddable":true,"href":"https:\/\/jieyouvietnam.com\/en\/wp-json\/wp\/v2\/product_tag?post=1994"}],"curies":[{"name":"wp","href":"https:\/\/api.w.org\/{rel}","templated":true}]}}