{"id":1995,"date":"2026-01-20T14:43:03","date_gmt":"2026-01-20T07:43:03","guid":{"rendered":"https:\/\/jieyouvietnam.com\/product\/nuans-2-series-3\/"},"modified":"2026-01-20T14:43:07","modified_gmt":"2026-01-20T07:43:07","slug":"nuans-2-series","status":"publish","type":"product","link":"https:\/\/jieyouvietnam.com\/en\/product\/nuans-2-series\/","title":{"rendered":"NUANS 2 SERIES"},"content":{"rendered":"<p><span dir=\"auto\" style=\"vertical-align: inherit;\"><span dir=\"auto\" style=\"vertical-align: inherit;\">Th\u1ea3m \u0111\u01b0\u1ee3c d\u1ec7t t\u1eeb s\u1ee3i acrylic nh\u1eadp kh\u1ea9u t\u1eeb Th\u1ed5 Nh\u0129 K\u1ef3 c\u00f3 nhi\u1ec1u \u01b0u \u0111i\u1ec3m, bao g\u1ed3m: \u0110\u1ed9 b\u1ec1n cao: S\u1ee3i acrylic c\u00f3 kh\u1ea3 n\u0103ng ch\u1ed1ng m\u00e0i m\u00f2n v\u00e0 duy tr\u00ec \u0111\u01b0\u1ee3c h\u00ecnh d\u1ea1ng t\u1ed1t qua th\u1eddi gian, gi\u00fap th\u1ea3m b\u1ec1n b\u1ec9 v\u00e0 gi\u1eef \u0111\u01b0\u1ee3c v\u1ebb \u0111\u1eb9p l\u00e2u d\u00e0i. Kh\u00e1ng b\u1ea9n v\u00e0 d\u1ec5 v\u1ec7 sinh: S\u1ee3i acrylic c\u00f3 kh\u1ea3 n\u0103ng ch\u1ed1ng th\u1ea5m n\u01b0\u1edbc v\u00e0 d\u1ea7u, n\u00ean th\u1ea3m d\u1ec5 d\u00e0ng lau ch\u00f9i v\u00e0 l\u00e0m s\u1ea1ch, gi\u00fap duy tr\u00ec v\u1ebb m\u1edbi m\u1ebb c\u1ee7a th\u1ea3m l\u00e2u h\u01a1n. Kh\u1ea3 n\u0103ng gi\u1eef m\u00e0u t\u1ed1t: Th\u1ea3m t\u1eeb s\u1ee3i acrylic kh\u00f4ng b\u1ecb phai m\u00e0u d\u01b0\u1edbi \u00e1nh n\u1eafng m\u1eb7t tr\u1eddi, gi\u00fap m\u00e0u s\u1eafc th\u1ea3m lu\u00f4n t\u01b0\u01a1i m\u1edbi v\u00e0 r\u1ef1c r\u1ee1 qua th\u1eddi gian. Tho\u1ea3i m\u00e1i v\u00e0 m\u1ec1m m\u1ea1i: Th\u1ea3m acrylic mang l\u1ea1i c\u1ea3m gi\u00e1c m\u1ec1m m\u1ea1i v\u00e0 tho\u1ea3i m\u00e1i khi b\u01b0\u1edbc l\u00ean, t\u01b0\u01a1ng t\u1ef1 nh\u01b0 th\u1ea3m len nh\u01b0ng v\u1edbi gi\u00e1 th\u00e0nh th\u1ea5p h\u01a1n. Kh\u1ea3 n\u0103ng c\u00e1ch nhi\u1ec7t v\u00e0 c\u00e1ch \u00e2m: Th\u1ea3m acrylic gi\u00fap c\u00e1ch nhi\u1ec7t v\u00e0 c\u00e1ch \u00e2m t\u1ed1t, t\u1ea1o kh\u00f4ng gian \u1ea5m \u00e1p v\u00e0 y\u00ean t\u0129nh h\u01a1n cho c\u0103n ph\u00f2ng. An to\u00e0n v\u00e0 th\u00e2n thi\u1ec7n v\u1edbi m\u00f4i tr\u01b0\u1eddng: S\u1ee3i acrylic l\u00e0 m\u1ed9t v\u1eadt li\u1ec7u t\u1ed5ng h\u1ee3p kh\u00f4ng g\u00e2y d\u1ecb \u1ee9ng, ph\u00f9 h\u1ee3p v\u1edbi c\u00e1c gia \u0111\u00ecnh c\u00f3 tr\u1ebb nh\u1ecf ho\u1eb7c ng\u01b0\u1eddi b\u1ecb d\u1ecb \u1ee9ng. \u0110a d\u1ea1ng v\u1ec1 m\u1eabu m\u00e3 v\u00e0 thi\u1ebft k\u1ebf: Th\u1ea3m acrylic nh\u1eadp kh\u1ea9u t\u1eeb Th\u1ed5 Nh\u0129 K\u1ef3 th\u01b0\u1eddng c\u00f3 nhi\u1ec1u m\u1eabu m\u00e3, m\u00e0u s\u1eafc v\u00e0 thi\u1ebft k\u1ebf phong ph\u00fa, gi\u00fap b\u1ea1n d\u1ec5 d\u00e0ng l\u1ef1a ch\u1ecdn theo phong c\u00e1ch v\u00e0 s\u1edf th\u00edch c\u00e1 nh\u00e2n. Nh\u1edd nh\u1eefng \u01b0u \u0111i\u1ec3m n\u00e0y, th\u1ea3m d\u1ec7t t\u1eeb s\u1ee3i acrylic nh\u1eadp kh\u1ea9u t\u1eeb Th\u1ed5 Nh\u0129 K\u1ef3 l\u00e0 m\u1ed9t l\u1ef1a ch\u1ecdn ph\u1ed5 bi\u1ebfn v\u00e0 \u0111\u00e1ng tin c\u1eady cho c\u00e1c kh\u00f4ng gian n\u1ed9i th\u1ea5t.<\/span><\/span><\/p>","protected":false},"excerpt":{"rendered":"<p>K\u00edch th\u01b0\u1edbc : 160x230cm Ch\u1ea5t li\u1ec7u : acrylic S\u1ed1 \u0111i\u1ec3m d\u1ec7t : 864,000\/m2 Chi\u1ec1u cao s\u1ee3i : 10mm T\u1ed5ng tr\u1ecdng l\u01b0\u1ee3ng : 3294g\/m2 Xu\u1ea5t x\u1ee9 : Th\u1ed5 Nh\u0129 K\u1ef3 nh\u1eadp kh\u1ea9u<\/p>","protected":false},"featured_media":1732,"comment_status":"closed","ping_status":"open","template":"","meta":{"_acf_changed":false},"product_brand":[],"product_cat":[71],"product_tag":[],"class_list":{"0":"post-1995","1":"product","2":"type-product","3":"status-publish","4":"has-post-thumbnail","6":"product_cat-tham-det-tu-soi-acylic","8":"first","9":"instock","10":"purchasable","11":"product-type-simple"},"acf":[],"_links":{"self":[{"href":"https:\/\/jieyouvietnam.com\/en\/wp-json\/wp\/v2\/product\/1995","targetHints":{"allow":["GET"]}}],"collection":[{"href":"https:\/\/jieyouvietnam.com\/en\/wp-json\/wp\/v2\/product"}],"about":[{"href":"https:\/\/jieyouvietnam.com\/en\/wp-json\/wp\/v2\/types\/product"}],"replies":[{"embeddable":true,"href":"https:\/\/jieyouvietnam.com\/en\/wp-json\/wp\/v2\/comments?post=1995"}],"wp:featuredmedia":[{"embeddable":true,"href":"https:\/\/jieyouvietnam.com\/en\/wp-json\/wp\/v2\/media\/1732"}],"wp:attachment":[{"href":"https:\/\/jieyouvietnam.com\/en\/wp-json\/wp\/v2\/media?parent=1995"}],"wp:term":[{"taxonomy":"product_brand","embeddable":true,"href":"https:\/\/jieyouvietnam.com\/en\/wp-json\/wp\/v2\/product_brand?post=1995"},{"taxonomy":"product_cat","embeddable":true,"href":"https:\/\/jieyouvietnam.com\/en\/wp-json\/wp\/v2\/product_cat?post=1995"},{"taxonomy":"product_tag","embeddable":true,"href":"https:\/\/jieyouvietnam.com\/en\/wp-json\/wp\/v2\/product_tag?post=1995"}],"curies":[{"name":"wp","href":"https:\/\/api.w.org\/{rel}","templated":true}]}}