{"id":1996,"date":"2026-01-20T14:43:03","date_gmt":"2026-01-20T07:43:03","guid":{"rendered":"https:\/\/jieyouvietnam.com\/product\/nuans-series-3\/"},"modified":"2026-01-20T14:43:07","modified_gmt":"2026-01-20T07:43:07","slug":"nuans-series","status":"publish","type":"product","link":"https:\/\/jieyouvietnam.com\/en\/product\/nuans-series\/","title":{"rendered":"NUANS SERIES"},"content":{"rendered":"<p><span dir=\"auto\" style=\"vertical-align: inherit;\"><span dir=\"auto\" style=\"vertical-align: inherit;\">\u0110a d\u1ea1ng v\u1ec1 m\u00e0u s\u1eafc v\u1edbi h\u1ecda ti\u1ebft thu h\u00fat m\u1ecdi \u00e1nh nh\u00ecn, Noah l\u00e0 l\u1ef1a ch\u1ecdn h\u00e0ng \u0111\u1ea7u trong vi\u1ec7c ch\u1ecdn th\u1ea3m tr\u1ea3i s\u00e0n cho kh\u00f4ng gian c\u1ee7a b\u1ea1n. \u0110\u01b0\u1ee3c d\u1ec7t n\u00ean t\u1eeb s\u1ee3i acrylic cao c\u1ea5p n\u00ean Noah r\u1ea5t b\u1ec1n b\u1ec9 v\u1edbi th\u1eddi gian, ch\u1ed1ng tr\u01a1n tr\u01b0\u1ee3t, ch\u1ed1ng x\u00ea d\u1ecbch v\u00e0 an to\u00e0n cho tr\u1ebb nh\u1ecf.<\/span><\/span><\/p>","protected":false},"excerpt":{"rendered":"<p>Series : Noah Ch\u1ea5t li\u1ec7u : acrylic S\u1ed1 \u0111i\u1ec3m d\u1ec7t : 864,000\/m2 Chi\u1ec1u cao s\u1ee3i : 10mm T\u1ed5ng tr\u1ecdng l\u01b0\u1ee3ng : 3294g\/m2 Xu\u1ea5t x\u1ee9 : Th\u1ed5 Nh\u0129 K\u1ef3 nh\u1eadp kh\u1ea9u<\/p>","protected":false},"featured_media":2109,"comment_status":"closed","ping_status":"open","template":"","meta":{"_acf_changed":false},"product_brand":[],"product_cat":[71],"product_tag":[],"class_list":{"0":"post-1996","1":"product","2":"type-product","3":"status-publish","4":"has-post-thumbnail","6":"product_cat-tham-det-tu-soi-acylic","8":"first","9":"instock","10":"purchasable","11":"product-type-simple"},"acf":[],"_links":{"self":[{"href":"https:\/\/jieyouvietnam.com\/en\/wp-json\/wp\/v2\/product\/1996","targetHints":{"allow":["GET"]}}],"collection":[{"href":"https:\/\/jieyouvietnam.com\/en\/wp-json\/wp\/v2\/product"}],"about":[{"href":"https:\/\/jieyouvietnam.com\/en\/wp-json\/wp\/v2\/types\/product"}],"replies":[{"embeddable":true,"href":"https:\/\/jieyouvietnam.com\/en\/wp-json\/wp\/v2\/comments?post=1996"}],"wp:featuredmedia":[{"embeddable":true,"href":"https:\/\/jieyouvietnam.com\/en\/wp-json\/wp\/v2\/media\/2109"}],"wp:attachment":[{"href":"https:\/\/jieyouvietnam.com\/en\/wp-json\/wp\/v2\/media?parent=1996"}],"wp:term":[{"taxonomy":"product_brand","embeddable":true,"href":"https:\/\/jieyouvietnam.com\/en\/wp-json\/wp\/v2\/product_brand?post=1996"},{"taxonomy":"product_cat","embeddable":true,"href":"https:\/\/jieyouvietnam.com\/en\/wp-json\/wp\/v2\/product_cat?post=1996"},{"taxonomy":"product_tag","embeddable":true,"href":"https:\/\/jieyouvietnam.com\/en\/wp-json\/wp\/v2\/product_tag?post=1996"}],"curies":[{"name":"wp","href":"https:\/\/api.w.org\/{rel}","templated":true}]}}