{"id":1997,"date":"2026-01-20T14:43:03","date_gmt":"2026-01-20T07:43:03","guid":{"rendered":"https:\/\/jieyouvietnam.com\/product\/pero-1-series-size-200x290cm-3\/"},"modified":"2026-01-20T14:43:07","modified_gmt":"2026-01-20T07:43:07","slug":"pero-1-series-size-200x290cm","status":"publish","type":"product","link":"https:\/\/jieyouvietnam.com\/en\/product\/pero-1-series-size-200x290cm\/","title":{"rendered":"PERO 1 SERIES SIZE 200X290CM"},"content":{"rendered":"<p><span dir=\"auto\" style=\"vertical-align: inherit;\"><span dir=\"auto\" style=\"vertical-align: inherit;\">M\u1ed9t t\u1ea5m th\u1ea3m ph\u00f9 h\u1ee3p kh\u00f4ng ch\u1ec9 l\u00e0m \u0111\u1eb9p kh\u00f4ng gian nh\u00e0, m\u00e0 c\u00f2n c\u00f3 th\u1ec3 l\u00e0m n\u1ed5i b\u1eadt l\u00ean phong c\u00e1ch c\u00e1 nh\u00e2n.<\/span><\/span><\/p>","protected":false},"excerpt":{"rendered":"<p>K\u00edch th\u01b0\u1edbc : 200*290cm \u0110\u1ed9 d\u00e0y : 12mm N\u1eb7ng : 2kg\/m2 Ch\u1ea5t li\u1ec7u : s\u1ee3i polypropylen Xu\u1ea5t x\u1ee9 : Th\u1ed5 Nh\u0129 K\u1ef3 nh\u1eadp kh\u1ea9u.<\/p>","protected":false},"featured_media":1769,"comment_status":"closed","ping_status":"open","template":"","meta":{"_acf_changed":false},"product_brand":[],"product_cat":[68],"product_tag":[],"class_list":{"0":"post-1997","1":"product","2":"type-product","3":"status-publish","4":"has-post-thumbnail","6":"product_cat-tham-polypropylen","8":"first","9":"instock","10":"purchasable","11":"product-type-simple"},"acf":[],"_links":{"self":[{"href":"https:\/\/jieyouvietnam.com\/en\/wp-json\/wp\/v2\/product\/1997","targetHints":{"allow":["GET"]}}],"collection":[{"href":"https:\/\/jieyouvietnam.com\/en\/wp-json\/wp\/v2\/product"}],"about":[{"href":"https:\/\/jieyouvietnam.com\/en\/wp-json\/wp\/v2\/types\/product"}],"replies":[{"embeddable":true,"href":"https:\/\/jieyouvietnam.com\/en\/wp-json\/wp\/v2\/comments?post=1997"}],"wp:featuredmedia":[{"embeddable":true,"href":"https:\/\/jieyouvietnam.com\/en\/wp-json\/wp\/v2\/media\/1769"}],"wp:attachment":[{"href":"https:\/\/jieyouvietnam.com\/en\/wp-json\/wp\/v2\/media?parent=1997"}],"wp:term":[{"taxonomy":"product_brand","embeddable":true,"href":"https:\/\/jieyouvietnam.com\/en\/wp-json\/wp\/v2\/product_brand?post=1997"},{"taxonomy":"product_cat","embeddable":true,"href":"https:\/\/jieyouvietnam.com\/en\/wp-json\/wp\/v2\/product_cat?post=1997"},{"taxonomy":"product_tag","embeddable":true,"href":"https:\/\/jieyouvietnam.com\/en\/wp-json\/wp\/v2\/product_tag?post=1997"}],"curies":[{"name":"wp","href":"https:\/\/api.w.org\/{rel}","templated":true}]}}