{"id":1998,"date":"2026-01-20T14:43:03","date_gmt":"2026-01-20T07:43:03","guid":{"rendered":"https:\/\/jieyouvietnam.com\/product\/tham-det-tay-tu-soi-len-3\/"},"modified":"2026-01-20T14:43:07","modified_gmt":"2026-01-20T07:43:07","slug":"tham-det-tay-tu-soi-len","status":"publish","type":"product","link":"https:\/\/jieyouvietnam.com\/en\/product\/tham-det-tay-tu-soi-len\/","title":{"rendered":"Th\u1ea3m D\u1ec7t Tay T\u1eeb S\u1ee3i Len"},"content":{"rendered":"<p><span dir=\"auto\" style=\"vertical-align: inherit;\"><span dir=\"auto\" style=\"vertical-align: inherit;\">\u1ede \u0110\u00c2Y CH\u00daNG T\u00d4I NH\u1eacN D\u1ec6T TH\u1ea2M THEO K\u00cdCH TH\u01af\u1edaC V\u00c0 M\u1eaaU THEO Y\u00caU C\u1ea6U C\u1ee6A QU\u00dd KH\u00c1CH, XIN VUI L\u00d2NG LI\u00caN H\u1ec6 V\u1edaI CH\u00daNG T\u00d4I \u0110\u1ec2 \u0110\u01af\u1ee2C T\u01af V\u1ea4N V\u00c0 GI\u1ea2I \u0110\u00c1P TH\u1eaeC M\u1eaeC C\u1ee6A C\u00c1C B\u1ea0N. Th\u1ea3m d\u1ec7t t\u1eeb len c\u1eebu th\u1ee7 c\u00f4ng l\u00e0 m\u1ed9t s\u1ea3n ph\u1ea9m \u0111\u01b0\u1ee3c \u01b0a chu\u1ed9ng nh\u1edd v\u00e0o s\u1ef1 \u1ea5m \u00e1p, sang tr\u1ecdng v\u00e0 \u0111\u1ed9 b\u1ec1n v\u01b0\u1ee3t tr\u1ed9i. D\u01b0\u1edbi \u0111\u00e2y l\u00e0 nh\u1eefng \u01b0u v\u00e0 nh\u01b0\u1ee3c \u0111i\u1ec3m c\u1ee7a lo\u1ea1i th\u1ea3m n\u00e0y \u0111\u1ec3 b\u1ea1n c\u00f3 c\u00e1i nh\u00ecn to\u00e0n di\u1ec7n khi l\u1ef1a ch\u1ecdn s\u1ea3n ph\u1ea9m ph\u00f9 h\u1ee3p cho kh\u00f4ng gian s\u1ed1ng c\u1ee7a m\u00ecnh. #### \u01afu \u0110i\u1ec3m: 1. **\u0110\u1ed9 B\u1ec1n Cao**: \u2013 Len c\u1eebu l\u00e0 m\u1ed9t trong nh\u1eefng lo\u1ea1i s\u1ee3i t\u1ef1 nhi\u00ean b\u1ec1n b\u1ec9 nh\u1ea5t, c\u00f3 kh\u1ea3 n\u0103ng ch\u1ed1ng m\u00e0i m\u00f2n v\u00e0 ch\u1ecbu \u0111\u01b0\u1ee3c s\u1ef1 s\u1eed d\u1ee5ng th\u01b0\u1eddng xuy\u00ean trong nhi\u1ec1u n\u0103m. 2. **C\u00e1ch Nhi\u1ec7t v\u00e0 C\u00e1ch \u00c2m T\u1ed1t**: \u2013 Len c\u1eebu c\u00f3 kh\u1ea3 n\u0103ng c\u00e1ch nhi\u1ec7t tuy\u1ec7t v\u1eddi, gi\u1eef \u1ea5m v\u00e0o m\u00f9a \u0111\u00f4ng v\u00e0 m\u00e1t m\u1ebb v\u00e0o m\u00f9a h\u00e8. Ngo\u00e0i ra, th\u1ea3m len c\u1eebu c\u0169ng gi\u00fap c\u00e1ch \u00e2m t\u1ed1t, gi\u1ea3m ti\u1ebfng \u1ed3n trong ph\u00f2ng. 3. **Tho\u00e1ng Kh\u00ed v\u00e0 \u0110i\u1ec1u H\u00f2a \u0110\u1ed9 \u1ea8m**: \u2013 S\u1ee3i len c\u00f3 c\u1ea5u tr\u00fac t\u1ef1 nhi\u00ean cho ph\u00e9p th\u1ea3m tho\u00e1ng kh\u00ed, gi\u00fap \u0111i\u1ec1u h\u00f2a \u0111\u1ed9 \u1ea9m trong kh\u00f4ng gian s\u1ed1ng, mang l\u1ea1i c\u1ea3m gi\u00e1c tho\u1ea3i m\u00e1i cho ng\u01b0\u1eddi s\u1eed d\u1ee5ng. 4. **Th\u1ea9m M\u1ef9 Cao**: \u2013 Th\u1ea3m d\u1ec7t t\u1eeb len c\u1eebu th\u1ee7 c\u00f4ng th\u01b0\u1eddng c\u00f3 thi\u1ebft k\u1ebf tinh x\u1ea3o, m\u00e0u s\u1eafc t\u1ef1 nhi\u00ean v\u00e0 hoa v\u0103n phong ph\u00fa, g\u00f3p ph\u1ea7n t\u1ea1o n\u00ean v\u1ebb \u0111\u1eb9p sang tr\u1ecdng v\u00e0 \u0111\u1eb3ng c\u1ea5p cho kh\u00f4ng gian n\u1ed9i th\u1ea5t. 5. **Th\u00e2n Thi\u1ec7n V\u1edbi M\u00f4i Tr\u01b0\u1eddng**: \u2013 Len c\u1eebu l\u00e0 s\u1ee3i t\u1ef1 nhi\u00ean v\u00e0 ph\u00e2n h\u1ee7y sinh h\u1ecdc, \u00edt g\u00e2y h\u1ea1i cho m\u00f4i tr\u01b0\u1eddng so v\u1edbi c\u00e1c s\u1ee3i t\u1ed5ng h\u1ee3p. 6. **T\u1ef1 Nhi\u00ean Ch\u1ed1ng B\u1ee5i v\u00e0 Ch\u1ed1ng Ch\u00e1y**: \u2013 Len c\u1eebu t\u1ef1 nhi\u00ean ch\u1ed1ng b\u00e1m b\u1ee5i v\u00e0 c\u00f3 kh\u1ea3 n\u0103ng ch\u1ed1ng ch\u00e1y, gi\u00fap t\u0103ng c\u01b0\u1eddng an to\u00e0n cho ng\u00f4i nh\u00e0 c\u1ee7a b\u1ea1n. #### Nh\u01b0\u1ee3c \u0110i\u1ec3m: 1. **Gi\u00e1 Th\u00e0nh Cao**: \u2013 Th\u1ea3m d\u1ec7t t\u1eeb len c\u1eebu th\u1ee7 c\u00f4ng th\u01b0\u1eddng c\u00f3 gi\u00e1 th\u00e0nh cao h\u01a1n so v\u1edbi c\u00e1c lo\u1ea1i th\u1ea3m kh\u00e1c do qu\u00e1 tr\u00ecnh s\u1ea3n xu\u1ea5t t\u1ed1n k\u00e9m v\u00e0 y\u00eau c\u1ea7u k\u1ef9 thu\u1eadt cao t\u1eeb c\u00e1c ngh\u1ec7 nh\u00e2n. 2. **Kh\u00f3 V\u1ec7 Sinh v\u00e0 B\u1ea3o Qu\u1ea3n**: \u2013 Len c\u1eebu d\u1ec5 b\u1ecb b\u1ea9n v\u00e0 kh\u00f3 v\u1ec7 sinh n\u1ebfu kh\u00f4ng \u0111\u01b0\u1ee3c ch\u0103m s\u00f3c \u0111\u00fang c\u00e1ch. B\u1ea1n c\u1ea7n s\u1eed d\u1ee5ng c\u00e1c s\u1ea3n ph\u1ea9m v\u00e0 ph\u01b0\u01a1ng ph\u00e1p l\u00e0m s\u1ea1ch ph\u00f9 h\u1ee3p \u0111\u1ec3 tr\u00e1nh l\u00e0m h\u1ecfng s\u1ee3i len. 3. **Nh\u1ea1y C\u1ea3m V\u1edbi \u1ea8m \u01af\u1edbt**: \u2013 Len c\u1eebu c\u00f3 th\u1ec3 b\u1ecb h\u01b0 h\u1ecfng khi ti\u1ebfp x\u00fac v\u1edbi n\u01b0\u1edbc ho\u1eb7c \u1ea9m \u01b0\u1edbt trong th\u1eddi gian d\u00e0i, d\u1eabn \u0111\u1ebfn m\u00f9i kh\u00f3 ch\u1ecbu ho\u1eb7c h\u01b0 h\u1ecfng c\u1ea5u tr\u00fac s\u1ee3i. 4. **C\u00f3 Th\u1ec3 G\u00e2y D\u1ecb \u1ee8ng**: \u2013 M\u1ed9t s\u1ed1 ng\u01b0\u1eddi c\u00f3 th\u1ec3 b\u1ecb d\u1ecb \u1ee9ng v\u1edbi len c\u1eebu, g\u00e2y ra ng\u1ee9a ho\u1eb7c k\u00edch \u1ee9ng da. \u0110i\u1ec1u n\u00e0y c\u1ea7n \u0111\u01b0\u1ee3c xem x\u00e9t n\u1ebfu gia \u0111\u00ecnh b\u1ea1n c\u00f3 ng\u01b0\u1eddi c\u00f3 l\u00e0n da nh\u1ea1y c\u1ea3m. 5. **B\u1ecb C\u00f4n Tr\u00f9ng T\u1ea5n C\u00f4ng**: \u2013 Len c\u1eebu c\u00f3 th\u1ec3 b\u1ecb c\u00e1c lo\u1ea1i c\u00f4n tr\u00f9ng nh\u01b0 m\u1ecdt v\u00e0 b\u1ecd c\u1eafn ph\u00e1 ho\u1ea1i, v\u00ec v\u1eady c\u1ea7n b\u1ea3o qu\u1ea3n th\u1ea3m \u1edf n\u01a1i kh\u00f4 r\u00e1o v\u00e0 s\u1eed d\u1ee5ng c\u00e1c bi\u1ec7n ph\u00e1p ch\u1ed1ng c\u00f4n tr\u00f9ng. ### K\u1ebft Lu\u1eadn Th\u1ea3m d\u1ec7t t\u1eeb len c\u1eebu th\u1ee7 c\u00f4ng l\u00e0 m\u1ed9t l\u1ef1a ch\u1ecdn tuy\u1ec7t v\u1eddi cho nh\u1eefng ai t\u00ecm ki\u1ebfm s\u1ef1 sang tr\u1ecdng, \u1ea5m \u00e1p v\u00e0 b\u1ec1n b\u1ec9. M\u1eb7c d\u00f9 c\u00f3 gi\u00e1 th\u00e0nh cao v\u00e0 y\u00eau c\u1ea7u b\u1ea3o d\u01b0\u1ee1ng c\u1ea9n th\u1eadn, nh\u01b0ng v\u1edbi nh\u1eefng \u01b0u \u0111i\u1ec3m v\u01b0\u1ee3t tr\u1ed9i v\u1ec1 th\u1ea9m m\u1ef9 v\u00e0 ch\u1ee9c n\u0103ng, lo\u1ea1i th\u1ea3m n\u00e0y ch\u1eafc ch\u1eafn s\u1ebd mang l\u1ea1i gi\u00e1 tr\u1ecb x\u1ee9ng \u0111\u00e1ng cho kh\u00f4ng gian s\u1ed1ng c\u1ee7a b\u1ea1n. Hy v\u1ecdng nh\u1eefng th\u00f4ng tin tr\u00ean s\u1ebd gi\u00fap b\u1ea1n \u0111\u01b0a ra quy\u1ebft \u0111\u1ecbnh \u0111\u00fang \u0111\u1eafn khi l\u1ef1a ch\u1ecdn th\u1ea3m trang tr\u00ed cho ng\u00f4i nh\u00e0 c\u1ee7a m\u00ecnh.<\/span><\/span><\/p>","protected":false},"excerpt":{"rendered":"<p>Th\u00e0nh ph\u1ea7n : len c\u1eebu new zealand nh\u1eadp kh\u1ea9u. \u0110\u1ed9 cao s\u1ee3i : 12mm Tr\u1ecdng l\u01b0\u1ee3ng : 3,5kg\/m2 G\u00eda \u0111\u1eb7t ch\u1ebf t\u00ednh theo met vu\u00f4ng cho th\u1ea3m \u0111\u01a1n ho\u1eb7c \u0111a m\u00e0u, n\u1ebfu c\u00f3 h\u1ecda ti\u1ebft th\u00ec gi\u00e1 th\u00e0nh s\u1ebd cao h\u01a1n t\u00f9y v\u00e0o \u0111\u1ed9 kh\u00f3 c\u1ee7a hoa v\u0103n th\u1ea3m.<\/p>","protected":false},"featured_media":2121,"comment_status":"closed","ping_status":"open","template":"","meta":{"_acf_changed":false},"product_brand":[],"product_cat":[69],"product_tag":[],"class_list":{"0":"post-1998","1":"product","2":"type-product","3":"status-publish","4":"has-post-thumbnail","6":"product_cat-tham-det-tay-thu-cong","8":"first","9":"instock","10":"purchasable","11":"product-type-simple"},"acf":[],"_links":{"self":[{"href":"https:\/\/jieyouvietnam.com\/en\/wp-json\/wp\/v2\/product\/1998","targetHints":{"allow":["GET"]}}],"collection":[{"href":"https:\/\/jieyouvietnam.com\/en\/wp-json\/wp\/v2\/product"}],"about":[{"href":"https:\/\/jieyouvietnam.com\/en\/wp-json\/wp\/v2\/types\/product"}],"replies":[{"embeddable":true,"href":"https:\/\/jieyouvietnam.com\/en\/wp-json\/wp\/v2\/comments?post=1998"}],"wp:featuredmedia":[{"embeddable":true,"href":"https:\/\/jieyouvietnam.com\/en\/wp-json\/wp\/v2\/media\/2121"}],"wp:attachment":[{"href":"https:\/\/jieyouvietnam.com\/en\/wp-json\/wp\/v2\/media?parent=1998"}],"wp:term":[{"taxonomy":"product_brand","embeddable":true,"href":"https:\/\/jieyouvietnam.com\/en\/wp-json\/wp\/v2\/product_brand?post=1998"},{"taxonomy":"product_cat","embeddable":true,"href":"https:\/\/jieyouvietnam.com\/en\/wp-json\/wp\/v2\/product_cat?post=1998"},{"taxonomy":"product_tag","embeddable":true,"href":"https:\/\/jieyouvietnam.com\/en\/wp-json\/wp\/v2\/product_tag?post=1998"}],"curies":[{"name":"wp","href":"https:\/\/api.w.org\/{rel}","templated":true}]}}