{"id":1999,"date":"2026-01-20T14:43:03","date_gmt":"2026-01-20T07:43:03","guid":{"rendered":"https:\/\/jieyouvietnam.com\/product\/tham-det-tu-soi-acrylic-thu-cong-3\/"},"modified":"2026-01-20T14:43:08","modified_gmt":"2026-01-20T07:43:08","slug":"tham-det-tu-soi-acrylic-thu-cong","status":"publish","type":"product","link":"https:\/\/jieyouvietnam.com\/en\/product\/tham-det-tu-soi-acrylic-thu-cong\/","title":{"rendered":"Th\u1ea3m D\u1ec7t T\u1eeb S\u1ee3i Acrylic Th\u1ee7 C\u00f4ng"},"content":{"rendered":"<p><span dir=\"auto\" style=\"vertical-align: inherit;\"><span dir=\"auto\" style=\"vertical-align: inherit;\">Th\u1ea3m d\u1ec7t t\u1eeb s\u1ee3i acrylic ng\u00e0y c\u00e0ng \u0111\u01b0\u1ee3c \u01b0a chu\u1ed9ng trong trang tr\u00ed n\u1ed9i th\u1ea5t nh\u1edd v\u00e0o nh\u1eefng \u0111\u1eb7c t\u00ednh n\u1ed5i b\u1eadt c\u1ee7a lo\u1ea1i s\u1ee3i t\u1ed5ng h\u1ee3p n\u00e0y. D\u01b0\u1edbi \u0111\u00e2y l\u00e0 c\u00e1i nh\u00ecn chi ti\u1ebft v\u1ec1 c\u00e1c \u01b0u v\u00e0 nh\u01b0\u1ee3c \u0111i\u1ec3m c\u1ee7a th\u1ea3m d\u1ec7t t\u1eeb s\u1ee3i acrylic \u0111\u1ec3 b\u1ea1n c\u00f3 th\u1ec3 c\u00e2n nh\u1eafc khi l\u1ef1a ch\u1ecdn ch\u1ea5t li\u1ec7u n\u00e0y \u0111\u1ec3 d\u1ec7t th\u1ea3m cho gia \u0111\u00ecnh. \u01afu \u0110i\u1ec3m: \u0110\u1ed9 B\u1ec1n Cao: S\u1ee3i acrylic c\u00f3 kh\u1ea3 n\u0103ng ch\u1ed1ng m\u00e0i m\u00f2n t\u1ed1t, gi\u00fap th\u1ea3m gi\u1eef \u0111\u01b0\u1ee3c v\u1ebb \u0111\u1eb9p v\u00e0 ch\u1ea5t l\u01b0\u1ee3ng trong th\u1eddi gian d\u00e0i. \u0110i\u1ec1u n\u00e0y \u0111\u1eb7c bi\u1ec7t h\u1eefu \u00edch cho nh\u1eefng khu v\u1ef1c c\u00f3 l\u01b0u l\u01b0\u1ee3ng \u0111i l\u1ea1i cao nh\u01b0 ph\u00f2ng kh\u00e1ch hay h\u00e0nh lang. Kh\u00e1ng N\u1ea5m M\u1ed1c v\u00e0 C\u00f4n Tr\u00f9ng: Nh\u1edd kh\u1ea3 n\u0103ng kh\u00f4ng h\u1ea5p th\u1ee5 \u0111\u1ed9 \u1ea9m, s\u1ee3i acrylic gi\u00fap h\u1ea1n ch\u1ebf s\u1ef1 ph\u00e1t tri\u1ec3n c\u1ee7a n\u1ea5m m\u1ed1c v\u00e0 c\u00f4n tr\u00f9ng. \u0110i\u1ec1u n\u00e0y l\u00e0m cho vi\u1ec7c b\u1ea3o qu\u1ea3n v\u00e0 v\u1ec7 sinh th\u1ea3m tr\u1edf n\u00ean d\u1ec5 d\u00e0ng h\u01a1n, ph\u00f9 h\u1ee3p cho c\u00e1c khu v\u1ef1c c\u00f3 \u0111\u1ed9 \u1ea9m cao. M\u00e0u S\u1eafc \u0110a D\u1ea1ng v\u00e0 B\u1ec1n M\u00e0u: S\u1ee3i acrylic d\u1ec5 nhu\u1ed9m v\u00e0 gi\u1eef m\u00e0u t\u1ed1t, gi\u00fap th\u1ea3m c\u00f3 m\u00e0u s\u1eafc phong ph\u00fa v\u00e0 \u00edt b\u1ecb phai m\u00e0u d\u01b0\u1edbi \u00e1nh s\u00e1ng m\u1eb7t tr\u1eddi ho\u1eb7c qua th\u1eddi gian s\u1eed d\u1ee5ng. \u0110i\u1ec1u n\u00e0y mang l\u1ea1i s\u1ef1 l\u1ef1a ch\u1ecdn \u0111a d\u1ea1ng cho ng\u01b0\u1eddi ti\u00eau d\u00f9ng v\u1ec1 m\u00e0u s\u1eafc v\u00e0 hoa v\u0103n. D\u1ec5 D\u00e0ng V\u1ec7 Sinh: Th\u1ea3m t\u1eeb s\u1ee3i acrylic d\u1ec5 v\u1ec7 sinh v\u00e0 \u00edt b\u00e1m b\u1ea9n, th\u00edch h\u1ee3p cho c\u00e1c gia \u0111\u00ecnh b\u1eadn r\u1ed9n ho\u1eb7c c\u00f3 tr\u1ebb nh\u1ecf. B\u1ea1n ch\u1ec9 c\u1ea7n h\u00fat b\u1ee5i v\u00e0 lau ch\u00f9i \u0111\u1ecbnh k\u1ef3 \u0111\u1ec3 gi\u1eef th\u1ea3m lu\u00f4n s\u1ea1ch s\u1ebd. M\u1ec1m M\u1ea1i v\u00e0 Nh\u1eb9: S\u1ee3i acrylic mang l\u1ea1i c\u1ea3m gi\u00e1c m\u1ec1m m\u1ea1i khi ti\u1ebfp x\u00fac v\u00e0 nh\u1eb9 h\u01a1n so v\u1edbi m\u1ed9t s\u1ed1 lo\u1ea1i s\u1ee3i kh\u00e1c, gi\u00fap d\u1ec5 d\u00e0ng di chuy\u1ec3n v\u00e0 l\u1eafp \u0111\u1eb7t. \u0110i\u1ec1u n\u00e0y c\u0169ng gi\u00fap gi\u1ea3m thi\u1ec3u nguy c\u01a1 ch\u1ea5n th\u01b0\u01a1ng khi c\u00f3 va ch\u1ea1m. Nh\u01b0\u1ee3c \u0110i\u1ec3m: Kh\u1ea3 N\u0103ng Ch\u1ecbu Nhi\u1ec7t Th\u1ea5p: S\u1ee3i acrylic kh\u00f4ng ch\u1ecbu nhi\u1ec7t t\u1ed1t, d\u1ec5 b\u1ecb h\u01b0 h\u1ecfng ho\u1eb7c bi\u1ebfn d\u1ea1ng khi ti\u1ebfp x\u00fac v\u1edbi nhi\u1ec7t \u0111\u1ed9 cao, nh\u01b0 t\u1eeb b\u00e0n \u1ee7i hay c\u00e1c thi\u1ebft b\u1ecb nhi\u1ec7t. Do \u0111\u00f3, c\u1ea7n tr\u00e1nh \u0111\u1ec3 th\u1ea3m ti\u1ebfp x\u00fac v\u1edbi ngu\u1ed3n nhi\u1ec7t tr\u1ef1c ti\u1ebfp. T\u00ednh T\u0129nh \u0110i\u1ec7n Cao: S\u1ee3i acrylic d\u1ec5 t\u00edch t\u1ee5 t\u0129nh \u0111i\u1ec7n, c\u00f3 th\u1ec3 g\u00e2y kh\u00f3 ch\u1ecbu khi s\u1eed d\u1ee5ng, \u0111\u1eb7c bi\u1ec7t trong \u0111i\u1ec1u ki\u1ec7n kh\u00f4 r\u00e1o. B\u1ea1n c\u00f3 th\u1ec3 c\u1ea7n s\u1eed d\u1ee5ng c\u00e1c s\u1ea3n ph\u1ea9m ch\u1ed1ng t\u0129nh \u0111i\u1ec7n \u0111\u1ec3 gi\u1ea3m b\u1edbt v\u1ea5n \u0111\u1ec1 n\u00e0y. Kh\u00f4ng Th\u00e2n Thi\u1ec7n V\u1edbi M\u00f4i Tr\u01b0\u1eddng: Acrylic l\u00e0 m\u1ed9t lo\u1ea1i s\u1ee3i t\u1ed5ng h\u1ee3p v\u00e0 kh\u00f4ng ph\u00e2n h\u1ee7y sinh h\u1ecdc, g\u00e2y t\u00e1c \u0111\u1ed9ng ti\u00eau c\u1ef1c \u0111\u1ebfn m\u00f4i tr\u01b0\u1eddng khi th\u1ea3i b\u1ecf. Do \u0111\u00f3, \u0111\u00e2y kh\u00f4ng ph\u1ea3i l\u00e0 l\u1ef1a ch\u1ecdn l\u00fd t\u01b0\u1edfng cho nh\u1eefng ai quan t\u00e2m \u0111\u1ebfn y\u1ebfu t\u1ed1 b\u1ec1n v\u1eefng. C\u00f3 Th\u1ec3 G\u00e2y K\u00edch \u1ee8ng Da: M\u1ed9t s\u1ed1 ng\u01b0\u1eddi c\u00f3 th\u1ec3 b\u1ecb k\u00edch \u1ee9ng da khi ti\u1ebfp x\u00fac l\u00e2u d\u00e0i v\u1edbi s\u1ee3i acrylic. V\u00ec v\u1eady, c\u1ea7n c\u00e2n nh\u1eafc n\u1ebfu gia \u0111\u00ecnh b\u1ea1n c\u00f3 ng\u01b0\u1eddi c\u00f3 da nh\u1ea1y c\u1ea3m. K\u1ebft Lu\u1eadn Th\u1ea3m d\u1ec7t t\u1eeb s\u1ee3i acrylic mang l\u1ea1i nhi\u1ec1u l\u1ee3i \u00edch v\u1ec1 \u0111\u1ed9 b\u1ec1n, t\u00ednh th\u1ea9m m\u1ef9 v\u00e0 kh\u1ea3 n\u0103ng b\u1ea3o qu\u1ea3n d\u1ec5 d\u00e0ng. Tuy nhi\u00ean, c\u0169ng c\u00f3 m\u1ed9t s\u1ed1 nh\u01b0\u1ee3c \u0111i\u1ec3m c\u1ea7n c\u00e2n nh\u1eafc, \u0111\u1eb7c bi\u1ec7t l\u00e0 v\u1ec1 kh\u1ea3 n\u0103ng ch\u1ecbu nhi\u1ec7t, t\u00ednh t\u0129nh \u0111i\u1ec7n v\u00e0 \u1ea3nh h\u01b0\u1edfng \u0111\u1ebfn m\u00f4i tr\u01b0\u1eddng. Vi\u1ec7c l\u1ef1a ch\u1ecdn th\u1ea3m ph\u00f9 h\u1ee3p s\u1ebd t\u00f9y thu\u1ed9c v\u00e0o nhu c\u1ea7u s\u1eed d\u1ee5ng c\u1ee5 th\u1ec3 v\u00e0 \u01b0u ti\u00ean c\u00e1 nh\u00e2n c\u1ee7a b\u1ea1n. Hy v\u1ecdng nh\u1eefng th\u00f4ng tin tr\u00ean s\u1ebd gi\u00fap b\u1ea1n c\u00f3 quy\u1ebft \u0111\u1ecbnh \u0111\u00fang \u0111\u1eafn khi l\u1ef1a ch\u1ecdn th\u1ea3m trang tr\u00ed cho ng\u00f4i nh\u00e0 c\u1ee7a m\u00ecnh. \u1ede \u0111\u00e2y ch\u00fang t\u00f4i c\u00f3 nh\u1eadn d\u1ec7t th\u1ea3m theo k\u00edch th\u01b0\u1edbc v\u00e0 m\u1eabu m\u00e3 qu\u00fd kh\u00e1ch y\u00eau c\u1ea7u. Th\u1eddi gian ho\u00e0n th\u00e0nh t\u00f9 30 t\u1edbi 40 ng\u00e0y t\u00f9y thu\u1ed9c v\u00e0o kh\u00e2u v\u1eadn chuy\u1ec3n. M\u1ecdi chi ti\u1ebft th\u1eafc m\u1eafc xin vui l\u00f2ng li\u00ean h\u1ec7 cho ch\u00fang t\u00f4i.<\/span><\/span><\/p>","protected":false},"excerpt":{"rendered":"<p>Th\u1ea3m d\u1ec7t t\u1eeb s\u1ee3i Acrylic Ph\u01b0\u01a1ng ph\u00e1p : d\u1ec7t tay th\u1ee7 c\u00f4ng theo m\u1eabu. \u0110\u1ed9 d\u00e0y : 12mm N\u1eb7ng : 3kg\/m2 Gi\u00e1 \u1edf tr\u00ean t\u00ednh theo met vu\u00f4ng d\u00e0nh cho th\u1ea3m d\u1ec7t \u0111\u01a1n s\u1eafc, gi\u00e1 th\u00e0nh c\u0169ng s\u1ebd ch\u00eanh l\u1ec7ch t\u00f9y v\u00e0o \u0111\u1ed9 kh\u00f3 c\u1ee7a h\u1ecda ti\u1ebft th\u1ea3m. Th\u1eddi gian ho\u00e0n th\u00e0nh 30-40 ng\u00e0y. M\u1ecdi th\u1eafc m\u1eafc xin vui l\u00f2ng li\u00ean h\u1ec7 v\u1edbi ch\u00fang t\u00f4i.<\/p>","protected":false},"featured_media":1802,"comment_status":"closed","ping_status":"open","template":"","meta":{"_acf_changed":false},"product_brand":[],"product_cat":[69],"product_tag":[],"class_list":{"0":"post-1999","1":"product","2":"type-product","3":"status-publish","4":"has-post-thumbnail","6":"product_cat-tham-det-tay-thu-cong","8":"first","9":"instock","10":"purchasable","11":"product-type-simple"},"acf":[],"_links":{"self":[{"href":"https:\/\/jieyouvietnam.com\/en\/wp-json\/wp\/v2\/product\/1999","targetHints":{"allow":["GET"]}}],"collection":[{"href":"https:\/\/jieyouvietnam.com\/en\/wp-json\/wp\/v2\/product"}],"about":[{"href":"https:\/\/jieyouvietnam.com\/en\/wp-json\/wp\/v2\/types\/product"}],"replies":[{"embeddable":true,"href":"https:\/\/jieyouvietnam.com\/en\/wp-json\/wp\/v2\/comments?post=1999"}],"wp:featuredmedia":[{"embeddable":true,"href":"https:\/\/jieyouvietnam.com\/en\/wp-json\/wp\/v2\/media\/1802"}],"wp:attachment":[{"href":"https:\/\/jieyouvietnam.com\/en\/wp-json\/wp\/v2\/media?parent=1999"}],"wp:term":[{"taxonomy":"product_brand","embeddable":true,"href":"https:\/\/jieyouvietnam.com\/en\/wp-json\/wp\/v2\/product_brand?post=1999"},{"taxonomy":"product_cat","embeddable":true,"href":"https:\/\/jieyouvietnam.com\/en\/wp-json\/wp\/v2\/product_cat?post=1999"},{"taxonomy":"product_tag","embeddable":true,"href":"https:\/\/jieyouvietnam.com\/en\/wp-json\/wp\/v2\/product_tag?post=1999"}],"curies":[{"name":"wp","href":"https:\/\/api.w.org\/{rel}","templated":true}]}}