{"id":2000,"date":"2026-01-20T14:15:12","date_gmt":"2026-01-20T07:15:12","guid":{"rendered":"https:\/\/jieyouvietnam.com\/product\/tham-det-tu-soi-thien-nhien-thu-cong-4\/"},"modified":"2026-01-20T14:44:32","modified_gmt":"2026-01-20T07:44:32","slug":"tham-det-tu-soi-thien-nhien-thu-cong-4","status":"publish","type":"product","link":"https:\/\/jieyouvietnam.com\/en\/product\/tham-det-tu-soi-thien-nhien-thu-cong-4\/","title":{"rendered":"Th\u1ea3m D\u1ec7t T\u1eeb S\u1ee3i Thi\u00ean Nhi\u00ean Th\u1ee7 C\u00f4ng"},"content":{"rendered":"<p>\u1ede \u0110\u00c2Y CH\u00daNG T\u00d4I NH\u1eacN D\u1ec6T TH\u1ea2M THEO K\u00cdCH TH\u01af\u1edaC V\u00c0 M\u1eaaU THEO Y\u00caU C\u1ea6U C\u1ee6A QU\u00dd KH\u00c1CH, XIN VUI L\u00d2NG LI\u00caN H\u1ec6 V\u1edaI CH\u00daNG T\u00d4I \u0110\u1ec2 \u0110\u01af\u1ee2C T\u01af V\u1ea4N V\u00c0 GI\u1ea2I \u0110\u00c1P TH\u1eaeC M\u1eaeC C\u1ee6A C\u00c1C B\u1ea0N. \u01afu v\u00e0 Nh\u01b0\u1ee3c \u0110i\u1ec3m c\u1ee7a Th\u1ea3m D\u1ec7t T\u1eeb S\u1ee3i Thi\u00ean Nhi\u00ean Th\u1ee7 C\u00f4ng \u01afu \u0110i\u1ec3m: Th\u00e2n Thi\u1ec7n V\u1edbi M\u00f4i Tr\u01b0\u1eddng: S\u1ee3i thi\u00ean nhi\u00ean nh\u01b0 tencel, tre, b\u00f4ng, \u0111ay v\u00e0 l\u1ee5a \u0111\u1ec1u ph\u00e2n h\u1ee7y sinh h\u1ecdc v\u00e0 \u00edt g\u00e2y h\u1ea1i cho m\u00f4i tr\u01b0\u1eddng so v\u1edbi s\u1ee3i t\u1ed5ng h\u1ee3p. An To\u00e0n v\u00e0 L\u00e0nh T\u00ednh: Th\u1ea3m t\u1eeb s\u1ee3i thi\u00ean nhi\u00ean th\u01b0\u1eddng \u00edt g\u00e2y k\u00edch \u1ee9ng da, ph\u00f9 h\u1ee3p cho c\u00e1c gia \u0111\u00ecnh c\u00f3 tr\u1ebb nh\u1ecf v\u00e0 ng\u01b0\u1eddi nh\u1ea1y c\u1ea3m. Th\u1ea9m M\u1ef9 Cao: Th\u1ea3m d\u1ec7t th\u1ee7 c\u00f4ng t\u1eeb s\u1ee3i thi\u00ean nhi\u00ean c\u00f3 thi\u1ebft k\u1ebf tinh x\u1ea3o, m\u00e0u s\u1eafc v\u00e0 hoa v\u0103n t\u1ef1 nhi\u00ean, t\u1ea1o c\u1ea3m gi\u00e1c \u1ea5m \u00e1p v\u00e0 sang tr\u1ecdng cho kh\u00f4ng gian s\u1ed1ng. \u0110\u1ed9 B\u1ec1n Cao: S\u1ee3i thi\u00ean nhi\u00ean c\u00f3 \u0111\u1ed9 b\u1ec1n cao, ch\u1ed1ng m\u00e0i m\u00f2n v\u00e0 ch\u1ecbu \u0111\u01b0\u1ee3c s\u1ef1 s\u1eed d\u1ee5ng l\u00e2u d\u00e0i 8 t\u1edbi 10 n\u0103m. Tho\u00e1ng Kh\u00ed v\u00e0 \u0110i\u1ec1u H\u00f2a \u0110\u1ed9 \u1ea8m: S\u1ee3i thi\u00ean nhi\u00ean c\u00f3 kh\u1ea3 n\u0103ng \u0111i\u1ec1u h\u00f2a \u0111\u1ed9 \u1ea9m, gi\u00fap th\u1ea3m lu\u00f4n kh\u00f4 r\u00e1o v\u00e0 tho\u00e1ng kh\u00ed. Kh\u1ea3 N\u0103ng C\u00e1ch Nhi\u1ec7t v\u00e0 C\u00e1ch \u00c2m T\u1ed1t: Gi\u1eef \u1ea5m v\u00e0o m\u00f9a \u0111\u00f4ng, m\u00e1t m\u1ebb v\u00e0o m\u00f9a h\u00e8 v\u00e0 gi\u1ea3m ti\u1ebfng \u1ed3n trong ph\u00f2ng. Nh\u01b0\u1ee3c \u0110i\u1ec3m: Gi\u00e1 Th\u00e0nh Cao: Th\u1ea3m d\u1ec7t th\u1ee7 c\u00f4ng t\u1eeb s\u1ee3i thi\u00ean nhi\u00ean th\u01b0\u1eddng c\u00f3 gi\u00e1 th\u00e0nh cao h\u01a1n do qu\u00e1 tr\u00ecnh s\u1ea3n xu\u1ea5t t\u1ed1n k\u00e9m v\u00e0 nguy\u00ean li\u1ec7u cao c\u1ea5p. Kh\u00f3 V\u1ec7 Sinh v\u00e0 B\u1ea3o Qu\u1ea3n: S\u1ee3i thi\u00ean nhi\u00ean d\u1ec5 b\u00e1m b\u1ea9n v\u00e0 y\u00eau c\u1ea7u ph\u01b0\u01a1ng ph\u00e1p l\u00e0m s\u1ea1ch \u0111\u1eb7c bi\u1ec7t, kh\u00f4ng th\u1ec3 gi\u1eb7t b\u1eb1ng m\u00e1y th\u00f4ng th\u01b0\u1eddng. Nh\u1ea1y C\u1ea3m V\u1edbi \u1ea8m \u01af\u1edbt: Th\u1ea3m c\u00f3 th\u1ec3 b\u1ecb h\u01b0 h\u1ecfng ho\u1eb7c ph\u00e1t tri\u1ec3n m\u00f9i kh\u00f3 ch\u1ecbu khi ti\u1ebfp x\u00fac v\u1edbi \u0111\u1ed9 \u1ea9m cao ho\u1eb7c n\u01b0\u1edbc. D\u1ec5 B\u1ecb C\u00f4n Tr\u00f9ng T\u1ea5n C\u00f4ng: S\u1ee3i thi\u00ean nhi\u00ean nh\u01b0 len v\u00e0 \u0111ay c\u00f3 th\u1ec3 b\u1ecb m\u1ecdt, b\u1ecd ph\u00e1 ho\u1ea1i, c\u1ea7n b\u1ea3o qu\u1ea3n c\u1ea9n th\u1eadn v\u00e0 s\u1eed d\u1ee5ng c\u00e1c bi\u1ec7n ph\u00e1p ch\u1ed1ng c\u00f4n tr\u00f9ng. Kh\u1ea3 N\u0103ng Ch\u1ecbu L\u1ef1c Kh\u00f4ng \u0110\u1ed3ng \u0110\u1ec1u: M\u1ed9t s\u1ed1 s\u1ee3i thi\u00ean nhi\u00ean c\u00f3 \u0111\u1ed9 b\u1ec1n c\u01a1 h\u1ecdc kh\u00f4ng cao b\u1eb1ng s\u1ee3i t\u1ed5ng h\u1ee3p, d\u1ec5 b\u1ecb k\u00e9o gi\u00e3n ho\u1eb7c r\u00e1ch khi ch\u1ecbu l\u1ef1c m\u1ea1nh. K\u1ebft Lu\u1eadn Th\u1ea3m d\u1ec7t t\u1eeb s\u1ee3i thi\u00ean nhi\u00ean th\u1ee7 c\u00f4ng l\u00e0 l\u1ef1a ch\u1ecdn l\u00fd t\u01b0\u1edfng cho nh\u1eefng ai t\u00ecm ki\u1ebfm s\u1ea3n ph\u1ea9m th\u00e2n thi\u1ec7n v\u1edbi m\u00f4i tr\u01b0\u1eddng, an to\u00e0n v\u00e0 c\u00f3 gi\u00e1 tr\u1ecb th\u1ea9m m\u1ef9 cao. Tuy nhi\u00ean, c\u1ea7n l\u01b0u \u00fd v\u1ec1 chi ph\u00ed, y\u00eau c\u1ea7u b\u1ea3o d\u01b0\u1ee1ng v\u00e0 nh\u01b0\u1ee3c \u0111i\u1ec3m li\u00ean quan \u0111\u1ebfn \u0111\u1ed9 \u1ea9m v\u00e0 c\u00f4n tr\u00f9ng \u0111\u1ec3 \u0111\u1ea3m b\u1ea3o th\u1ea3m lu\u00f4n \u0111\u1eb9p v\u00e0 b\u1ec1n b\u1ec9 theo th\u1eddi gian.<\/p>","protected":false},"excerpt":{"rendered":"<p>Th\u00e0nh Ph\u1ea7n : S\u1ee3i thi\u00ean nhi\u00ean 100% Ph\u01b0\u01a1ng ph\u00e1p : d\u1ec7t tay th\u1ee7 c\u00f4ng. \u0110\u1ed9 cao s\u1ee3i : 12mm Tr\u1ecdng l\u01b0\u1ee3ng : 3,8kg\/m2 Gi\u00e1 \u0111\u1eb7t ch\u1ebf t\u00ednh theo met vu\u00f4ng d\u00e0nh cho th\u1ea3m \u0111\u01a1n m\u00e0u ho\u1eb7c \u0111a m\u00e0u. N\u1ebfu c\u00f3 h\u1ecda ti\u1ebft gi\u00e1 th\u00e0nh s\u1ebd cao h\u01a1n t\u00f9y thu\u1ed9c v\u00e0o \u0111\u1ed9 kh\u00f3 c\u1ee7a hoa v\u0103n. Th\u1eddi gian ho\u00e0n th\u00e0nh 30-40 ng\u00e0y.<\/p>","protected":false},"featured_media":1832,"comment_status":"closed","ping_status":"closed","template":"","meta":{"_acf_changed":false},"product_brand":[],"product_cat":[69],"product_tag":[],"class_list":{"0":"post-2000","1":"product","2":"type-product","3":"status-publish","4":"has-post-thumbnail","6":"product_cat-tham-det-tay-thu-cong","8":"first","9":"instock","10":"purchasable","11":"product-type-simple"},"acf":[],"_links":{"self":[{"href":"https:\/\/jieyouvietnam.com\/en\/wp-json\/wp\/v2\/product\/2000","targetHints":{"allow":["GET"]}}],"collection":[{"href":"https:\/\/jieyouvietnam.com\/en\/wp-json\/wp\/v2\/product"}],"about":[{"href":"https:\/\/jieyouvietnam.com\/en\/wp-json\/wp\/v2\/types\/product"}],"replies":[{"embeddable":true,"href":"https:\/\/jieyouvietnam.com\/en\/wp-json\/wp\/v2\/comments?post=2000"}],"wp:featuredmedia":[{"embeddable":true,"href":"https:\/\/jieyouvietnam.com\/en\/wp-json\/wp\/v2\/media\/1832"}],"wp:attachment":[{"href":"https:\/\/jieyouvietnam.com\/en\/wp-json\/wp\/v2\/media?parent=2000"}],"wp:term":[{"taxonomy":"product_brand","embeddable":true,"href":"https:\/\/jieyouvietnam.com\/en\/wp-json\/wp\/v2\/product_brand?post=2000"},{"taxonomy":"product_cat","embeddable":true,"href":"https:\/\/jieyouvietnam.com\/en\/wp-json\/wp\/v2\/product_cat?post=2000"},{"taxonomy":"product_tag","embeddable":true,"href":"https:\/\/jieyouvietnam.com\/en\/wp-json\/wp\/v2\/product_tag?post=2000"}],"curies":[{"name":"wp","href":"https:\/\/api.w.org\/{rel}","templated":true}]}}