{"id":2002,"date":"2026-01-20T14:43:03","date_gmt":"2026-01-20T07:43:03","guid":{"rendered":"https:\/\/jieyouvietnam.com\/product\/turin-series-size-200x290cm-3\/"},"modified":"2026-01-20T14:43:08","modified_gmt":"2026-01-20T07:43:08","slug":"turin-series-size-200x290cm","status":"publish","type":"product","link":"https:\/\/jieyouvietnam.com\/en\/product\/turin-series-size-200x290cm\/","title":{"rendered":"TURIN SERIES SIZE 200X290CM"},"content":{"rendered":"<p><span dir=\"auto\" style=\"vertical-align: inherit;\"><span dir=\"auto\" style=\"vertical-align: inherit;\">Ngu\u1ed3n g\u1ed1c c\u1ee7a m\u1ecdi ngh\u1ec7 thu\u1eadt \u0111\u1ec1u b\u1eaft ngu\u1ed3n t\u1eeb thi\u00ean nhi\u00ean. S\u1ef1 b\u1eadn r\u1ed9n c\u1ee7a cu\u1ed9c s\u1ed1ng \u0111\u00f4 th\u1ecb khi\u1ebfn m\u1ecdi ng\u01b0\u1eddi ng\u00e0y c\u00e0ng theo \u0111u\u1ed5i t\u1ef1 do v\u00e0 th\u01b0 gi\u00e3n. Nhung m\u1ed9t n\u01a1i tho\u1ea3i m\u00e1i t\u1ef1 nhi\u00ean Ch\u00fang t\u00f4i k\u1ebft h\u1ee3p c\u00e1c y\u1ebfu t\u1ed1 t\u1ef1 nhi\u00ean v\u00e0o th\u1ea3m L\u00e0m cho ng\u00f4i nh\u00e0 \u1ea5m h\u01a1n.<\/span><\/span><\/p>","protected":false},"excerpt":{"rendered":"<p>TURIN &#8211; Ch\u1ea5t li\u1ec7u: Poly &#8211; K\u00edch th\u01b0\u1edbc: 200x290cm &#8211; \u0110\u1ed9 d\u00e0y:12mm &#8211; Tr\u1ecdng l\u01b0\u1ee3ng: 2kg\/m2 &#8211; Xu\u1ea5t x\u1ee9: Th\u1ed5 Nh\u0129 K\u1ef3<\/p>","protected":false},"featured_media":1877,"comment_status":"closed","ping_status":"open","template":"","meta":{"_acf_changed":false},"product_brand":[],"product_cat":[68],"product_tag":[],"class_list":{"0":"post-2002","1":"product","2":"type-product","3":"status-publish","4":"has-post-thumbnail","6":"product_cat-tham-polypropylen","8":"first","9":"instock","10":"purchasable","11":"product-type-simple"},"acf":[],"_links":{"self":[{"href":"https:\/\/jieyouvietnam.com\/en\/wp-json\/wp\/v2\/product\/2002","targetHints":{"allow":["GET"]}}],"collection":[{"href":"https:\/\/jieyouvietnam.com\/en\/wp-json\/wp\/v2\/product"}],"about":[{"href":"https:\/\/jieyouvietnam.com\/en\/wp-json\/wp\/v2\/types\/product"}],"replies":[{"embeddable":true,"href":"https:\/\/jieyouvietnam.com\/en\/wp-json\/wp\/v2\/comments?post=2002"}],"wp:featuredmedia":[{"embeddable":true,"href":"https:\/\/jieyouvietnam.com\/en\/wp-json\/wp\/v2\/media\/1877"}],"wp:attachment":[{"href":"https:\/\/jieyouvietnam.com\/en\/wp-json\/wp\/v2\/media?parent=2002"}],"wp:term":[{"taxonomy":"product_brand","embeddable":true,"href":"https:\/\/jieyouvietnam.com\/en\/wp-json\/wp\/v2\/product_brand?post=2002"},{"taxonomy":"product_cat","embeddable":true,"href":"https:\/\/jieyouvietnam.com\/en\/wp-json\/wp\/v2\/product_cat?post=2002"},{"taxonomy":"product_tag","embeddable":true,"href":"https:\/\/jieyouvietnam.com\/en\/wp-json\/wp\/v2\/product_tag?post=2002"}],"curies":[{"name":"wp","href":"https:\/\/api.w.org\/{rel}","templated":true}]}}