{"id":2004,"date":"2026-01-20T14:43:09","date_gmt":"2026-01-20T07:43:09","guid":{"rendered":"https:\/\/jieyouvietnam.com\/product\/vanco-series-3\/"},"modified":"2026-01-20T14:43:09","modified_gmt":"2026-01-20T07:43:09","slug":"vanco-series","status":"publish","type":"product","link":"https:\/\/jieyouvietnam.com\/en\/product\/vanco-series\/","title":{"rendered":"VANCO SERIES"},"content":{"rendered":"<p><span dir=\"auto\" style=\"vertical-align: inherit;\"><span dir=\"auto\" style=\"vertical-align: inherit;\">Nh\u1eefng b\u1ee9c tranh t\u1eeb Vanco ch\u00ednh l\u00e0 m\u00f3n qu\u00e0 d\u00e0nh cho nh\u1eefng ai y\u00eau th\u00edch ngh\u1ec7 thu\u1eadt tr\u1eebu t\u01b0\u1ee3ng. S\u1ef1 k\u1ebft h\u1ee3p gi\u1eefa s\u1ee3i len c\u1eebu v\u00e0 s\u1ee3i t\u1ef1 nhi\u00ean d\u01b0\u1edbi b\u00e0n tay kh\u00e9o l\u00e9o c\u1ee7a c\u00e1c ngh\u1ec7 nh\u00e2n l\u00e0nh ngh\u1ec1 d\u1ec7t ho\u00e0n to\u00e0n thu\u1ea7n th\u1ee7 c\u00f4ng b\u1eb1ng tay \u0111\u00e3 cho ra nh\u1eefng s\u1ea3n ph\u1ea9m \u1ea5n t\u01b0\u1ee3ng, m\u00e3n nh\u00e3n ng\u01b0\u1eddi ti\u00eau d\u00f9ng. B\u1ec1n b\u1ec9, hoa v\u0103n \u0111\u1ed9c \u0111\u00e1o, thu h\u00fat \u00e1nh nh\u00ecn, m\u1eadt \u0111\u1ed9 d\u1ec7t cao ch\u1ed1ng tr\u01a1n tr\u01b0\u1ee3t, gi\u1ea3m ti\u1ebfng \u1ed3n ch\u00ednh l\u00e0 \u01b0u th\u1ebf c\u1ee7a Vanco so v\u1edbi c\u00e1c d\u00f2ng th\u1ea3m kh\u00e1c. VANCO \u2013 TR\u1eeaU T\u01af\u1ee2NG NH\u01af TRANH<\/span><\/span><\/p>","protected":false},"excerpt":{"rendered":"<p>VANCO &#8211; Ch\u1ea5t li\u1ec7u: s\u1ee3i len c\u1eebu + s\u1ee3i t\u1ef1 nhi\u00ean d\u1ec7t th\u1ee7 c\u00f4ng &#8211; K\u00edch th\u01b0\u1edbc:200x300cm &#8211; \u0110\u1ed9 d\u00e0y:10 mm &#8211; Tr\u1ecdng l\u01b0\u1ee3ng:3kg\/m2 &#8211; Xu\u1ea5t x\u1ee9: JIEYOU<\/p>","protected":false},"featured_media":1919,"comment_status":"closed","ping_status":"open","template":"","meta":{"_acf_changed":false},"product_brand":[],"product_cat":[69],"product_tag":[],"class_list":{"0":"post-2004","1":"product","2":"type-product","3":"status-publish","4":"has-post-thumbnail","6":"product_cat-tham-det-tay-thu-cong","8":"first","9":"instock","10":"purchasable","11":"product-type-simple"},"acf":[],"_links":{"self":[{"href":"https:\/\/jieyouvietnam.com\/en\/wp-json\/wp\/v2\/product\/2004","targetHints":{"allow":["GET"]}}],"collection":[{"href":"https:\/\/jieyouvietnam.com\/en\/wp-json\/wp\/v2\/product"}],"about":[{"href":"https:\/\/jieyouvietnam.com\/en\/wp-json\/wp\/v2\/types\/product"}],"replies":[{"embeddable":true,"href":"https:\/\/jieyouvietnam.com\/en\/wp-json\/wp\/v2\/comments?post=2004"}],"wp:featuredmedia":[{"embeddable":true,"href":"https:\/\/jieyouvietnam.com\/en\/wp-json\/wp\/v2\/media\/1919"}],"wp:attachment":[{"href":"https:\/\/jieyouvietnam.com\/en\/wp-json\/wp\/v2\/media?parent=2004"}],"wp:term":[{"taxonomy":"product_brand","embeddable":true,"href":"https:\/\/jieyouvietnam.com\/en\/wp-json\/wp\/v2\/product_brand?post=2004"},{"taxonomy":"product_cat","embeddable":true,"href":"https:\/\/jieyouvietnam.com\/en\/wp-json\/wp\/v2\/product_cat?post=2004"},{"taxonomy":"product_tag","embeddable":true,"href":"https:\/\/jieyouvietnam.com\/en\/wp-json\/wp\/v2\/product_tag?post=2004"}],"curies":[{"name":"wp","href":"https:\/\/api.w.org\/{rel}","templated":true}]}}