{"id":2005,"date":"2026-01-20T14:43:09","date_gmt":"2026-01-20T07:43:09","guid":{"rendered":"https:\/\/jieyouvietnam.com\/product\/vamos-series-3\/"},"modified":"2026-01-20T14:43:09","modified_gmt":"2026-01-20T07:43:09","slug":"vamos-series","status":"publish","type":"product","link":"https:\/\/jieyouvietnam.com\/en\/product\/vamos-series\/","title":{"rendered":"VAMOS SERIES"},"content":{"rendered":"<p><span dir=\"auto\" style=\"vertical-align: inherit;\"><span dir=\"auto\" style=\"vertical-align: inherit;\">H\u00f2a m\u00ecnh v\u00e0o thi\u00ean nhi\u00ean v\u1edbi c\u00e1c s\u1eafc m\u00e0u hoa v\u0103n \u0111\u1ed9c \u0111\u00e1o, c\u00e1c ngh\u1ec7 nh\u00e2n \u0111\u00e3 kh\u00e9o l\u00e9o khi k\u1ebft h\u1ee3p gi\u1eefa len c\u1eebu v\u00e0 s\u1ee3i t\u1ef1 nhi\u00ean cho si\u00eau th\u1ea3m mang t\u00ean Vamos. \u0110\u00e2y s\u1ebd l\u00e0 m\u00f3n qu\u00e0 cho nh\u1eefng ai y\u00eau th\u00edch ngh\u1ec7 thu\u1eadt s\u1eafc m\u00e0u t\u01b0\u01a1i s\u00e1ng, sang tr\u1ecdng v\u00e0 phong c\u00e1ch. Cao c\u1ea5p t\u1eeb nguy\u00ean li\u1ec7u len c\u1eebu v\u00e0 s\u1ee3i t\u1ef1 nhi\u00ean, kh\u00e9o l\u00e9o t\u1eeb c\u00e1c ngh\u1ec7 nh\u00e2n l\u00e0nh ngh\u1ec1 d\u1ec7t thu\u1ea7n th\u1ee7 c\u00f4ng b\u1eb1ng tay, Vamos mang \u0111\u1ebfn ng\u01b0\u1eddi ti\u00eau d\u00f9ng tr\u1ea3i nghi\u1ec7m s\u1eed d\u1ee5ng tuy\u1ec7t v\u1eddi v\u1edbi \u0111\u1ed9 b\u1ec1n b\u1ec9, c\u00e1c m\u00e0u s\u1eafc \u1ea5n t\u01b0\u1ee3ng, \u0111\u01b0\u1eddng n\u00e9t chi ti\u1ebft, \u0111\u00e2y s\u1ebd l\u00e0 l\u1ef1a ch\u1ecdn h\u00e0ng \u0111\u1ea7u cho nh\u1eefng ai y\u00eau th\u00edch c\u1ee7a v\u1ebb \u0111\u1eb9p ngh\u1ec7 thu\u1eadt phong c\u00e1ch.<\/span><\/span><\/p>","protected":false},"excerpt":{"rendered":"<p>&#8211; Ch\u1ea5t li\u1ec7u: wool + s\u1ee3i t\u1ef1 nhi\u00ean th\u1ee7 c\u00f4ng &#8211; K\u00edch th\u01b0\u1edbc: 200x300cm &#8211; \u0110\u1ed9 d\u00e0y: 12-15mm &#8211; Tr\u1ecdng l\u01b0\u1ee3ng: 3.8kg\/m2 &#8211; Xu\u1ea5t x\u1ee9: JIEYOU<\/p>","protected":false},"featured_media":1938,"comment_status":"closed","ping_status":"open","template":"","meta":{"_acf_changed":false},"product_brand":[],"product_cat":[69],"product_tag":[],"class_list":{"0":"post-2005","1":"product","2":"type-product","3":"status-publish","4":"has-post-thumbnail","6":"product_cat-tham-det-tay-thu-cong","8":"first","9":"instock","10":"purchasable","11":"product-type-simple"},"acf":[],"_links":{"self":[{"href":"https:\/\/jieyouvietnam.com\/en\/wp-json\/wp\/v2\/product\/2005","targetHints":{"allow":["GET"]}}],"collection":[{"href":"https:\/\/jieyouvietnam.com\/en\/wp-json\/wp\/v2\/product"}],"about":[{"href":"https:\/\/jieyouvietnam.com\/en\/wp-json\/wp\/v2\/types\/product"}],"replies":[{"embeddable":true,"href":"https:\/\/jieyouvietnam.com\/en\/wp-json\/wp\/v2\/comments?post=2005"}],"wp:featuredmedia":[{"embeddable":true,"href":"https:\/\/jieyouvietnam.com\/en\/wp-json\/wp\/v2\/media\/1938"}],"wp:attachment":[{"href":"https:\/\/jieyouvietnam.com\/en\/wp-json\/wp\/v2\/media?parent=2005"}],"wp:term":[{"taxonomy":"product_brand","embeddable":true,"href":"https:\/\/jieyouvietnam.com\/en\/wp-json\/wp\/v2\/product_brand?post=2005"},{"taxonomy":"product_cat","embeddable":true,"href":"https:\/\/jieyouvietnam.com\/en\/wp-json\/wp\/v2\/product_cat?post=2005"},{"taxonomy":"product_tag","embeddable":true,"href":"https:\/\/jieyouvietnam.com\/en\/wp-json\/wp\/v2\/product_tag?post=2005"}],"curies":[{"name":"wp","href":"https:\/\/api.w.org\/{rel}","templated":true}]}}