{"id":2006,"date":"2026-01-20T14:43:09","date_gmt":"2026-01-20T07:43:09","guid":{"rendered":"https:\/\/jieyouvietnam.com\/product\/xinni-series-3\/"},"modified":"2026-01-20T14:43:10","modified_gmt":"2026-01-20T07:43:10","slug":"xinni-series","status":"publish","type":"product","link":"https:\/\/jieyouvietnam.com\/en\/product\/xinni-series\/","title":{"rendered":"XINNI SERIES"},"content":{"rendered":"<p><span dir=\"auto\" style=\"vertical-align: inherit;\"><span dir=\"auto\" style=\"vertical-align: inherit;\">\u0110\u00e2y l\u00e0 s\u1ea3n ph\u1ea9m hi\u1ec7n t\u1ea1i c\u1ee7a Cinnie, Phong c\u00e1ch t\u1ed1i gi\u1ea3n c\u1ee7a \u00dd, C\u00f3 th\u1ec3 k\u1ebft h\u1ee3p v\u1edbi nhi\u1ec1u c\u1ea3nh kh\u00e1c nhau. Ch\u1ea5t li\u1ec7u polyester cho ph\u00e9p th\u1ea3m c\u00f3 nhi\u1ec1u kh\u1ea3 n\u0103ng ph\u1ed1i m\u00e0u, \u0111\u00e1p \u1ee9ng nhu c\u1ea7u c\u1ee7a c\u00e1c phong c\u00e1ch trang tr\u00ed kh\u00e1c nhau.<\/span><\/span><\/p>","protected":false},"excerpt":{"rendered":"<p>Ch\u1ea5t li\u1ec7u : s\u1ee3i polypropylen \u0110\u1ed9 cao s\u1ee3i : 10mm K\u00edch th\u01b0\u1edbc \uff1a200x290cm; c\u00f3 th\u1ec3 t\u00f9y ch\u1ec9nh k\u00edch th\u01b0\u1edbc. Xu\u1ea5t x\u1ee9 \uff1a Jieyou -china<\/p>","protected":false},"featured_media":1949,"comment_status":"closed","ping_status":"open","template":"","meta":{"_acf_changed":false},"product_brand":[],"product_cat":[68],"product_tag":[],"class_list":{"0":"post-2006","1":"product","2":"type-product","3":"status-publish","4":"has-post-thumbnail","6":"product_cat-tham-polypropylen","8":"first","9":"instock","10":"purchasable","11":"product-type-simple"},"acf":[],"_links":{"self":[{"href":"https:\/\/jieyouvietnam.com\/en\/wp-json\/wp\/v2\/product\/2006","targetHints":{"allow":["GET"]}}],"collection":[{"href":"https:\/\/jieyouvietnam.com\/en\/wp-json\/wp\/v2\/product"}],"about":[{"href":"https:\/\/jieyouvietnam.com\/en\/wp-json\/wp\/v2\/types\/product"}],"replies":[{"embeddable":true,"href":"https:\/\/jieyouvietnam.com\/en\/wp-json\/wp\/v2\/comments?post=2006"}],"wp:featuredmedia":[{"embeddable":true,"href":"https:\/\/jieyouvietnam.com\/en\/wp-json\/wp\/v2\/media\/1949"}],"wp:attachment":[{"href":"https:\/\/jieyouvietnam.com\/en\/wp-json\/wp\/v2\/media?parent=2006"}],"wp:term":[{"taxonomy":"product_brand","embeddable":true,"href":"https:\/\/jieyouvietnam.com\/en\/wp-json\/wp\/v2\/product_brand?post=2006"},{"taxonomy":"product_cat","embeddable":true,"href":"https:\/\/jieyouvietnam.com\/en\/wp-json\/wp\/v2\/product_cat?post=2006"},{"taxonomy":"product_tag","embeddable":true,"href":"https:\/\/jieyouvietnam.com\/en\/wp-json\/wp\/v2\/product_tag?post=2006"}],"curies":[{"name":"wp","href":"https:\/\/api.w.org\/{rel}","templated":true}]}}