{"id":2007,"date":"2026-01-20T14:43:09","date_gmt":"2026-01-20T07:43:09","guid":{"rendered":"https:\/\/jieyouvietnam.com\/product\/yeus-series-3\/"},"modified":"2026-01-20T14:43:10","modified_gmt":"2026-01-20T07:43:10","slug":"yeus-series","status":"publish","type":"product","link":"https:\/\/jieyouvietnam.com\/en\/product\/yeus-series\/","title":{"rendered":"YEUS SERIES"},"content":{"rendered":"<p><span dir=\"auto\" style=\"vertical-align: inherit;\"><span dir=\"auto\" style=\"vertical-align: inherit;\">Th\u1ea3m \u1ea4n \u0110\u1ed9- Ngh\u1ec7 Thu\u1eadt H\u00ecnh H\u1ecdc- Ch\u1ee7 Ngh\u0129a T\u1ed1i Gi\u1ea3n Hi\u1ec7n \u0110\u1ea1i. Ngh\u1ec7 thu\u1eadt c\u1ee7a h\u00ecnh h\u1ecdc th\u1ea3m \u1ea4n \u0110\u1ed9 m\u1ed9t l\u1ea7n n\u1eefa \u0111\u01b0\u1ee3c pha tr\u1ed9n v\u1edbi m\u1ed9t h\u01b0\u01a1ng v\u1ecb gradient v\u1eeba hi\u1ec7n \u0111\u1ea1i v\u1eeba \u0111\u01a1n gi\u1ea3n. M\u00e0u s\u1eafc t\u01b0\u01a1ng t\u1ef1 lu\u00f4n c\u00f3 th\u1ec3 mang l\u1ea1i cho m\u1ecdi ng\u01b0\u1eddi m\u1ed9t c\u1ea3m gi\u00e1c d\u1ec5 ch\u1ecbu, m\u1ed9t ph\u00f2ng kh\u00e1ch r\u1ed9ng r\u00e3i, m\u1ed9t t\u1ea5m th\u1ea3m tho\u1ea3i m\u00e1i. Vi\u1ec7c ph\u00e2n chia kh\u00e1c khu v\u1ef1c m\u00e0u s\u1eafc kh\u00e1c nhau c\u00f3 th\u1ec3 th\u1ea5y s\u1ef1 quy t\u1eafc c\u1ee7a ph\u00f2ng kh\u00e1ch, ch\u1ea1m v\u00e0o v\u1ebb \u0111\u1eb9p b\u1eb1ng ng\u00f3n tay, th\u1eddi gian g\u1eb7p s\u1ef1 y\u00ean t\u0129nh Mang l\u1ea1i cho m\u1ecdi ng\u01b0\u1eddi c\u1ea3m gi\u00e1c tho\u1ea3i m\u00e1i v\u00e0 y\u00ean t\u0129nh trong t\u00e2m h\u1ed3n, th\u00eam m\u1ed9t c\u1ea3m gi\u00e1c m\u00e1t m\u1ebb nh\u1eb9 nh\u00e0ng cho ng\u00f4i nh\u00e0.<\/span><\/span><\/p>","protected":false},"excerpt":{"rendered":"<p>YEUS &#8211; Ch\u1ea5t li\u1ec7u: s\u1ee3i t\u1ef1 nhi\u00ean d\u1ec7t th\u1ee7 c\u00f4ng &#8211; K\u00edch th\u01b0\u1edbc: 200x290cm &#8211; \u0110\u1ed9 d\u00e0y: 6mm &#8211; Tr\u1ecdng l\u01b0\u1ee3ng: 3.5kg\/m2 &#8211; Xu\u1ea5t x\u1ee9:\u1ea4n \u0110\u1ed9<\/p>","protected":false},"featured_media":1960,"comment_status":"closed","ping_status":"open","template":"","meta":{"_acf_changed":false},"product_brand":[],"product_cat":[69],"product_tag":[],"class_list":{"0":"post-2007","1":"product","2":"type-product","3":"status-publish","4":"has-post-thumbnail","6":"product_cat-tham-det-tay-thu-cong","8":"first","9":"instock","10":"purchasable","11":"product-type-simple"},"acf":[],"_links":{"self":[{"href":"https:\/\/jieyouvietnam.com\/en\/wp-json\/wp\/v2\/product\/2007","targetHints":{"allow":["GET"]}}],"collection":[{"href":"https:\/\/jieyouvietnam.com\/en\/wp-json\/wp\/v2\/product"}],"about":[{"href":"https:\/\/jieyouvietnam.com\/en\/wp-json\/wp\/v2\/types\/product"}],"replies":[{"embeddable":true,"href":"https:\/\/jieyouvietnam.com\/en\/wp-json\/wp\/v2\/comments?post=2007"}],"wp:featuredmedia":[{"embeddable":true,"href":"https:\/\/jieyouvietnam.com\/en\/wp-json\/wp\/v2\/media\/1960"}],"wp:attachment":[{"href":"https:\/\/jieyouvietnam.com\/en\/wp-json\/wp\/v2\/media?parent=2007"}],"wp:term":[{"taxonomy":"product_brand","embeddable":true,"href":"https:\/\/jieyouvietnam.com\/en\/wp-json\/wp\/v2\/product_brand?post=2007"},{"taxonomy":"product_cat","embeddable":true,"href":"https:\/\/jieyouvietnam.com\/en\/wp-json\/wp\/v2\/product_cat?post=2007"},{"taxonomy":"product_tag","embeddable":true,"href":"https:\/\/jieyouvietnam.com\/en\/wp-json\/wp\/v2\/product_tag?post=2007"}],"curies":[{"name":"wp","href":"https:\/\/api.w.org\/{rel}","templated":true}]}}