{"id":2342,"date":"2026-03-01T19:57:20","date_gmt":"2026-03-01T12:57:20","guid":{"rendered":"https:\/\/jieyouvietnam.com\/?post_type=product&#038;p=2342"},"modified":"2026-03-01T20:17:19","modified_gmt":"2026-03-01T13:17:19","slug":"tham-long-cuu-nguyen-tam-2","status":"publish","type":"product","link":"https:\/\/jieyouvietnam.com\/en\/product\/tham-long-cuu-nguyen-tam-2\/","title":{"rendered":"TH\u1ea2M LAU CH\u00c2N LUXURY (k\u00edch th\u01b0\u1edbc 90x120cm)"},"content":{"rendered":"<p>&nbsp;<\/p>\n<p>TH\u1ea2M L\u00d4NG C\u1eeaU NEW ZEALAND \u2013 \u0110\u1eb2NG C\u1ea4P V\u00c0 TINH T\u1ebe V\u1edbi ch\u1ea5t l\u01b0\u1ee3ng cao c\u1ea5p, v\u1ebb \u0111\u1eb9p t\u1ef1 nhi\u00ean, m\u1ec1m m\u1ea1i v\u00e0 sang tr\u1ecdng, th\u1ea3m l\u00f4ng c\u1eebu kh\u00f4ng ch\u1ec9 mang l\u1ea1i s\u1ef1 \u00eam \u00e1i m\u00e0 c\u00f2n t\u1ea1o n\u00ean \u0111i\u1ec3m nh\u1ea5n cho c\u0103n ph\u00f2ng c\u1ee7a b\u1ea1n. V\u1eady l\u00f4ng c\u1eebu New Zealand c\u00f3 g\u00ec v\u01b0\u1ee3t tr\u1ed9i h\u01a1n nh\u1eefng d\u00f2ng l\u00f4ng c\u1eebu kh\u00e1c? \u2013 M\u00e0u s\u1eafc t\u01b0\u01a1i t\u1eafn, s\u1ee3i l\u00f4ng m\u1ec1m m\u1ea1i, mang l\u1ea1i c\u1ea3m gi\u00e1c \u00eam \u00e1i v\u00e0 \u1ea5m \u00e1p cho kh\u00f4ng gian c\u1ee7a b\u1ea1n. \u2013 \u0110\u1ed9 b\u1ec1n cao: m\u1eadt \u0111\u1ed9 s\u1ee3i l\u00f4ng d\u00e0y v\u00e0 ch\u1eafc ch\u1eafn, kh\u00f3 r\u1ee5ng l\u00f4ng gi\u00fap th\u1ea3m c\u00f3 tu\u1ed5i th\u1ecd cao. \u2013 Kh\u1ea3 n\u0103ng t\u1ef1 l\u00e0m s\u1ea1ch t\u1ef1 nhi\u00ean, gi\u00fap th\u1ea3m lu\u00f4n s\u1ea1ch s\u1ebd v\u00e0 m\u1edbi m\u1ebb m\u00e0 kh\u00f4ng c\u1ea7n s\u1ef1 b\u1ea3o d\u01b0\u1ee1ng ph\u1ee9c t\u1ea1p. \u2013 Ph\u00f9 h\u1ee3p v\u1edbi nhi\u1ec1u kh\u00f4ng gian nh\u01b0 ph\u00f2ng kh\u00e1ch, sofa, gh\u1ebf,\u2026 mang l\u1ea1i s\u1ef1 tinh t\u1ebf v\u00e0 kh\u00e1c bi\u1ec7t \u0111\u1eb3ng c\u1ea5p cho th\u1ecb gi\u00e1c<\/p>","protected":false},"excerpt":{"rendered":"<p>K\u00edch th\u01b0\u1edbc : 90x120cm M\u00e0u s\u1eafc: v\u00e0ng kem, tr\u1eafng, tr\u1eafng kem Xu\u1ea5t x\u1ee9: NEW ZEALAND nh\u1eadp kh\u1ea9u<\/p>","protected":false},"featured_media":2345,"comment_status":"open","ping_status":"closed","template":"","meta":{"_acf_changed":false},"product_brand":[],"product_cat":[91],"product_tag":[],"class_list":{"0":"post-2342","1":"product","2":"type-product","3":"status-publish","4":"has-post-thumbnail","6":"product_cat-tham-det-tu-len-cuu-2","8":"first","9":"instock","10":"taxable","11":"shipping-taxable","12":"purchasable","13":"product-type-simple"},"acf":[],"_links":{"self":[{"href":"https:\/\/jieyouvietnam.com\/en\/wp-json\/wp\/v2\/product\/2342","targetHints":{"allow":["GET"]}}],"collection":[{"href":"https:\/\/jieyouvietnam.com\/en\/wp-json\/wp\/v2\/product"}],"about":[{"href":"https:\/\/jieyouvietnam.com\/en\/wp-json\/wp\/v2\/types\/product"}],"replies":[{"embeddable":true,"href":"https:\/\/jieyouvietnam.com\/en\/wp-json\/wp\/v2\/comments?post=2342"}],"wp:featuredmedia":[{"embeddable":true,"href":"https:\/\/jieyouvietnam.com\/en\/wp-json\/wp\/v2\/media\/2345"}],"wp:attachment":[{"href":"https:\/\/jieyouvietnam.com\/en\/wp-json\/wp\/v2\/media?parent=2342"}],"wp:term":[{"taxonomy":"product_brand","embeddable":true,"href":"https:\/\/jieyouvietnam.com\/en\/wp-json\/wp\/v2\/product_brand?post=2342"},{"taxonomy":"product_cat","embeddable":true,"href":"https:\/\/jieyouvietnam.com\/en\/wp-json\/wp\/v2\/product_cat?post=2342"},{"taxonomy":"product_tag","embeddable":true,"href":"https:\/\/jieyouvietnam.com\/en\/wp-json\/wp\/v2\/product_tag?post=2342"}],"curies":[{"name":"wp","href":"https:\/\/api.w.org\/{rel}","templated":true}]}}