{"id":2369,"date":"2026-04-20T21:27:51","date_gmt":"2026-04-20T14:27:51","guid":{"rendered":"https:\/\/jieyouvietnam.com\/?post_type=product&#038;p=2369"},"modified":"2026-04-20T21:30:39","modified_gmt":"2026-04-20T14:30:39","slug":"vong-co-mat-phat-da","status":"publish","type":"product","link":"https:\/\/jieyouvietnam.com\/en\/product\/vong-co-mat-phat-da\/","title":{"rendered":"V\u00f2ng c\u1ed5 m\u1eb7t ph\u1eadt \u0111\u00e1"},"content":{"rendered":"<h3 data-section-id=\"17jf4iv\" data-start=\"88\" data-end=\"167\">V\u00d2NG C\u1ed4 M\u1eb6T <span class=\"hover:entity-accent entity-underline inline cursor-pointer align-baseline\"><span class=\"whitespace-normal\">Ph\u1eadt<\/span><\/span> \u0110\u00c1 \u2013 B\u00ccNH AN &amp; MAY M\u1eaeN<\/h3>\n<p data-start=\"169\" data-end=\"353\">V\u00f2ng c\u1ed5 m\u1eb7t Ph\u1eadt \u0111\u00e1 l\u00e0 s\u1ef1 k\u1ebft h\u1ee3p h\u00e0i h\u00f2a gi\u1eefa v\u1ebb \u0111\u1eb9p t\u1ef1 nhi\u00ean c\u1ee7a \u0111\u00e1 v\u00e0 \u00fd ngh\u0129a t\u00e2m linh s\u00e2u s\u1eafc. M\u1eb7t Ph\u1eadt \u0111\u01b0\u1ee3c ch\u1ebf t\u00e1c tinh x\u1ea3o, mang \u0111\u1ebfn c\u1ea3m gi\u00e1c an y\u00ean v\u00e0 thanh t\u1ecbnh cho ng\u01b0\u1eddi \u0111eo.<\/p>\n<p data-start=\"355\" data-end=\"378\">\u2728 <strong data-start=\"357\" data-end=\"378\">\u0110\u1eb7c \u0111i\u1ec3m n\u1ed5i b\u1eadt:<\/strong><\/p>\n<ul data-start=\"379\" data-end=\"555\">\n<li data-section-id=\"34gou5\" data-start=\"379\" data-end=\"428\">Ch\u1ea5t li\u1ec7u \u0111\u00e1 t\u1ef1 nhi\u00ean, b\u1ec1n \u0111\u1eb9p theo th\u1eddi gian<\/li>\n<li data-section-id=\"1szzlkv\" data-start=\"429\" data-end=\"468\">M\u1eb7t Ph\u1eadt ch\u1ea1m kh\u1eafc s\u1eafc n\u00e9t, tinh t\u1ebf<\/li>\n<li data-section-id=\"12iwzrv\" data-start=\"469\" data-end=\"516\">D\u00e2y \u0111eo ch\u1eafc ch\u1eafn, ph\u00f9 h\u1ee3p nhi\u1ec1u phong c\u00e1ch<\/li>\n<li data-section-id=\"1l7yw0p\" data-start=\"517\" data-end=\"555\">Thi\u1ebft k\u1ebf \u0111\u01a1n gi\u1ea3n nh\u01b0ng sang tr\u1ecdng<\/li>\n<\/ul>\n<p data-start=\"557\" data-end=\"705\">\ud83c\udf3f <strong data-start=\"560\" data-end=\"572\">\u00dd ngh\u0129a:<\/strong><br \/>\nM\u1eb7t Ph\u1eadt t\u01b0\u1ee3ng tr\u01b0ng cho s\u1ef1 <strong data-start=\"601\" data-end=\"631\">b\u00ecnh an, may m\u1eafn v\u00e0 b\u1ea3o h\u1ed9<\/strong>, gi\u00fap ng\u01b0\u1eddi \u0111eo c\u1ea3m th\u1ea5y an t\u00e2m, h\u01b0\u1edbng thi\u1ec7n v\u00e0 c\u00e2n b\u1eb1ng trong cu\u1ed9c s\u1ed1ng.<\/p>\n<p data-start=\"707\" data-end=\"722\">\ud83c\udf81 <strong data-start=\"710\" data-end=\"722\">Ph\u00f9 h\u1ee3p:<\/strong><\/p>\n<ul data-start=\"723\" data-end=\"848\">\n<li data-section-id=\"zqm7xu\" data-start=\"723\" data-end=\"748\">Nam &amp; n\u1eef \u0111\u1ec1u \u0111eo \u0111\u01b0\u1ee3c<\/li>\n<li data-section-id=\"uj7dhd\" data-start=\"749\" data-end=\"796\">L\u00e0m qu\u00e0 t\u1eb7ng \u00fd ngh\u0129a cho ng\u01b0\u1eddi th\u00e2n, b\u1ea1n b\u00e8<\/li>\n<li data-section-id=\"tk84nv\" data-start=\"797\" data-end=\"848\">Th\u00edch h\u1ee3p \u0111eo h\u00e0ng ng\u00e0y ho\u1eb7c \u0111i l\u1ec5, c\u1ea7u b\u00ecnh an<\/li>\n<\/ul>","protected":false},"excerpt":{"rendered":"<ul data-start=\"723\" data-end=\"848\">\n<li data-section-id=\"zqm7xu\" data-start=\"723\" data-end=\"748\">Nam &amp; n\u1eef \u0111\u1ec1u \u0111eo \u0111\u01b0\u1ee3c<\/li>\n<li data-section-id=\"uj7dhd\" data-start=\"749\" data-end=\"796\">L\u00e0m qu\u00e0 t\u1eb7ng \u00fd ngh\u0129a cho ng\u01b0\u1eddi th\u00e2n, b\u1ea1n b\u00e8<\/li>\n<li data-section-id=\"tk84nv\" data-start=\"797\" data-end=\"848\">Th\u00edch h\u1ee3p \u0111eo h\u00e0ng ng\u00e0y ho\u1eb7c \u0111i l\u1ec5, c\u1ea7u b\u00ecnh an<\/li>\n<\/ul>","protected":false},"featured_media":2370,"comment_status":"open","ping_status":"closed","template":"","meta":{"_acf_changed":false},"product_brand":[],"product_cat":[92],"product_tag":[],"class_list":{"0":"post-2369","1":"product","2":"type-product","3":"status-publish","4":"has-post-thumbnail","6":"product_cat-vong-tay","8":"first","9":"instock","10":"taxable","11":"shipping-taxable","12":"purchasable","13":"product-type-simple"},"acf":[],"_links":{"self":[{"href":"https:\/\/jieyouvietnam.com\/en\/wp-json\/wp\/v2\/product\/2369","targetHints":{"allow":["GET"]}}],"collection":[{"href":"https:\/\/jieyouvietnam.com\/en\/wp-json\/wp\/v2\/product"}],"about":[{"href":"https:\/\/jieyouvietnam.com\/en\/wp-json\/wp\/v2\/types\/product"}],"replies":[{"embeddable":true,"href":"https:\/\/jieyouvietnam.com\/en\/wp-json\/wp\/v2\/comments?post=2369"}],"wp:featuredmedia":[{"embeddable":true,"href":"https:\/\/jieyouvietnam.com\/en\/wp-json\/wp\/v2\/media\/2370"}],"wp:attachment":[{"href":"https:\/\/jieyouvietnam.com\/en\/wp-json\/wp\/v2\/media?parent=2369"}],"wp:term":[{"taxonomy":"product_brand","embeddable":true,"href":"https:\/\/jieyouvietnam.com\/en\/wp-json\/wp\/v2\/product_brand?post=2369"},{"taxonomy":"product_cat","embeddable":true,"href":"https:\/\/jieyouvietnam.com\/en\/wp-json\/wp\/v2\/product_cat?post=2369"},{"taxonomy":"product_tag","embeddable":true,"href":"https:\/\/jieyouvietnam.com\/en\/wp-json\/wp\/v2\/product_tag?post=2369"}],"curies":[{"name":"wp","href":"https:\/\/api.w.org\/{rel}","templated":true}]}}