{"id":333,"date":"2026-01-20T14:43:03","date_gmt":"2026-01-20T07:43:03","guid":{"rendered":"http:\/\/38.60.229.106\/?post_type=product&#038;p=333"},"modified":"2026-01-20T14:45:05","modified_gmt":"2026-01-20T07:45:05","slug":"turin-2-series-size-160x230cm","status":"publish","type":"product","link":"https:\/\/jieyouvietnam.com\/en\/product\/turin-2-series-size-160x230cm\/","title":{"rendered":"TURIN 2 SERIES SIZE 160X230CM"},"content":{"rendered":"<p><span dir=\"auto\" style=\"vertical-align: inherit;\"><span dir=\"auto\" style=\"vertical-align: inherit;\">V\u1edbi ch\u1ea5t li\u1ec7u poly cao c\u1ea5p, Turin th\u1eeba h\u01b0\u1edfng c\u00e1c \u0111\u1eb7c t\u00ednh si\u00eau b\u1ec1n b\u1ec9, \u0111\u1ebf d\u1ec7t ch\u1eafc ch\u1eafn ch\u1ed1ng x\u00ea d\u1ecbch v\u00e0 tr\u01a1n tr\u01b0\u1ee3t, m\u1eadt \u0111\u1ed9 d\u1ec7t cao mang l\u1ea1i c\u1ea3m gi\u00e1c r\u1ea5t n\u1ecbnh ch\u00e2n, v\u1eeba b\u1ea3o v\u1ec7 s\u00e0n nh\u00e0 v\u1eeba gi\u00fap gi\u1ea3m ti\u1ebfng \u1ed3n, h\u1ecda ti\u1ebft hi\u1ec7n \u0111\u1ea1i, \u0111\u01a1n gi\u1ea3n kh\u00f4ng qu\u00e1 c\u1ea7u k\u00ec nh\u01b0ng r\u1ea5t thu h\u00fat \u00e1nh nh\u00ecn, v\u1eeba sang tr\u1ecdng l\u1ea1i tinh t\u1ebf.<\/span><\/span><\/p>","protected":false},"excerpt":{"rendered":"<p>\u2013 CH\u1ea4T LI\u1ec6U: POLY \u2013 K\u00cdCH TH\u01af\u1edaC: 160X230CM \u2013 \u0110\u1ed8 D\u00c0Y:12MM \u2013 TR\u1eccNG L\u01af\u1ee2NG: 2KG\/M2 \u2013 XU\u1ea4T X\u1ee8: TH\u1ed4 NH\u0128 K\u1ef2<\/p>","protected":false},"featured_media":2146,"comment_status":"closed","ping_status":"open","template":"","meta":{"_acf_changed":false},"product_brand":[],"product_cat":[68],"product_tag":[],"class_list":{"0":"post-333","1":"product","2":"type-product","3":"status-publish","4":"has-post-thumbnail","6":"product_cat-tham-polypropylen","8":"first","9":"instock","10":"purchasable","11":"product-type-simple"},"acf":[],"_links":{"self":[{"href":"https:\/\/jieyouvietnam.com\/en\/wp-json\/wp\/v2\/product\/333","targetHints":{"allow":["GET"]}}],"collection":[{"href":"https:\/\/jieyouvietnam.com\/en\/wp-json\/wp\/v2\/product"}],"about":[{"href":"https:\/\/jieyouvietnam.com\/en\/wp-json\/wp\/v2\/types\/product"}],"replies":[{"embeddable":true,"href":"https:\/\/jieyouvietnam.com\/en\/wp-json\/wp\/v2\/comments?post=333"}],"wp:featuredmedia":[{"embeddable":true,"href":"https:\/\/jieyouvietnam.com\/en\/wp-json\/wp\/v2\/media\/2146"}],"wp:attachment":[{"href":"https:\/\/jieyouvietnam.com\/en\/wp-json\/wp\/v2\/media?parent=333"}],"wp:term":[{"taxonomy":"product_brand","embeddable":true,"href":"https:\/\/jieyouvietnam.com\/en\/wp-json\/wp\/v2\/product_brand?post=333"},{"taxonomy":"product_cat","embeddable":true,"href":"https:\/\/jieyouvietnam.com\/en\/wp-json\/wp\/v2\/product_cat?post=333"},{"taxonomy":"product_tag","embeddable":true,"href":"https:\/\/jieyouvietnam.com\/en\/wp-json\/wp\/v2\/product_tag?post=333"}],"curies":[{"name":"wp","href":"https:\/\/api.w.org\/{rel}","templated":true}]}}