{"id":337,"date":"2026-01-18T15:52:19","date_gmt":"2026-01-18T08:52:19","guid":{"rendered":"http:\/\/38.60.229.106\/?post_type=product&#038;p=337"},"modified":"2026-01-18T16:08:02","modified_gmt":"2026-01-18T09:08:02","slug":"pero-series-size-160x230cm","status":"publish","type":"product","link":"https:\/\/jieyouvietnam.com\/en\/product\/pero-series-size-160x230cm\/","title":{"rendered":"PERO SERIES SIZE 160X230CM"},"content":{"rendered":"<p>V\u1edbi ch\u1ea5t li\u1ec7u pp cao c\u1ea5p, Pero kh\u00e9o l\u00e9o to\u00e1t l\u00ean m\u00ecnh v\u1ebb \u0111\u1eb9p cu\u1ed1n h\u00fat v\u00e0 ki\u00eau sa v\u00e0 ph\u00f9 h\u1ee3p v\u1edbi m\u1ecdi tone nh\u00e0. Thay \u0111\u1ed5i g\u00f3c \u0111\u1ed9 \u00e1nh s\u00e1ng mang l\u1ea1i \u00e1nh nh\u00ecn \u0111\u00e1nh l\u1eeba th\u1ecb gi\u00e1c ch\u00ednh l\u00e0 \u01b0u th\u1ebf c\u1ee7a Pero.<\/p>\n<p>B\u1ec1n b\u1ec9, \u0111\u1ebf \u0111\u1ec7t ch\u1eafc ch\u1eafn, ch\u1ed1ng tr\u01a1n tr\u01b0\u1ee3t, b\u1ec1n m\u00e0u, b\u1ea3o v\u1ec7 s\u00e0n nh\u00e0 v\u00e0 gi\u00fap \u0111\u00f4i ch\u00e2n c\u1ee7a b\u1ea1n \u0111i l\u1ea1i \u00eam \u00e1i.<\/p>","protected":false},"excerpt":{"rendered":"<p style=\"text-align: left;\">\u2013 Ch\u1ea5t li\u1ec7u: pp<\/p>\n<p style=\"text-align: left;\">\u2013 K\u00edch th\u01b0\u1edbc: 160x230cm;<\/p>\n<p style=\"text-align: left;\">\u2013 \u0110\u1ed9 d\u00e0y:10mm<\/p>\n<p style=\"text-align: left;\">\u2013 Tr\u1ecdng l\u01b0\u1ee3ng:2kg\/m2<\/p>\n<p style=\"text-align: left;\">\u2013 Xu\u1ea5t x\u1ee9: Th\u1ed5 Nh\u0129 K\u1ef3<\/p>","protected":false},"featured_media":338,"comment_status":"open","ping_status":"closed","template":"","meta":{"_acf_changed":false},"product_brand":[],"product_cat":[68],"product_tag":[],"class_list":{"0":"post-337","1":"product","2":"type-product","3":"status-publish","4":"has-post-thumbnail","6":"product_cat-tham-polypropylen","8":"first","9":"instock","10":"taxable","11":"shipping-taxable","12":"purchasable","13":"product-type-simple"},"acf":[],"_links":{"self":[{"href":"https:\/\/jieyouvietnam.com\/en\/wp-json\/wp\/v2\/product\/337","targetHints":{"allow":["GET"]}}],"collection":[{"href":"https:\/\/jieyouvietnam.com\/en\/wp-json\/wp\/v2\/product"}],"about":[{"href":"https:\/\/jieyouvietnam.com\/en\/wp-json\/wp\/v2\/types\/product"}],"replies":[{"embeddable":true,"href":"https:\/\/jieyouvietnam.com\/en\/wp-json\/wp\/v2\/comments?post=337"}],"wp:featuredmedia":[{"embeddable":true,"href":"https:\/\/jieyouvietnam.com\/en\/wp-json\/wp\/v2\/media\/338"}],"wp:attachment":[{"href":"https:\/\/jieyouvietnam.com\/en\/wp-json\/wp\/v2\/media?parent=337"}],"wp:term":[{"taxonomy":"product_brand","embeddable":true,"href":"https:\/\/jieyouvietnam.com\/en\/wp-json\/wp\/v2\/product_brand?post=337"},{"taxonomy":"product_cat","embeddable":true,"href":"https:\/\/jieyouvietnam.com\/en\/wp-json\/wp\/v2\/product_cat?post=337"},{"taxonomy":"product_tag","embeddable":true,"href":"https:\/\/jieyouvietnam.com\/en\/wp-json\/wp\/v2\/product_tag?post=337"}],"curies":[{"name":"wp","href":"https:\/\/api.w.org\/{rel}","templated":true}]}}