{"id":350,"date":"2026-01-18T16:12:24","date_gmt":"2026-01-18T09:12:24","guid":{"rendered":"http:\/\/38.60.229.106\/?post_type=product&#038;p=350"},"modified":"2026-01-18T16:12:24","modified_gmt":"2026-01-18T09:12:24","slug":"saint-rolan-series","status":"publish","type":"product","link":"https:\/\/jieyouvietnam.com\/en\/product\/saint-rolan-series\/","title":{"rendered":"SAINT ROLAN SERIES"},"content":{"rendered":"<div class=\"xdj266r x11i5rnm xat24cr x1mh8g0r x1vvkbs x126k92a\">\n<div dir=\"auto\">L\u1ea5y c\u1ea3m h\u1ee9ng t\u1eeb s\u1ef1 m\u1ec1m m\u1ea1i c\u1ee7a c\u00e1c s\u1ee3i l\u00f4ng th\u00fa t\u1ef1 nhi\u00ean, Jieyou mang \u0111\u1ebfn l\u00e0n gi\u00f3 m\u1edbi mang t\u00ean Saint Rolan.<\/div>\n<\/div>\n<div class=\"x11i5rnm xat24cr x1mh8g0r x1vvkbs xtlvy1s x126k92a\">\n<div dir=\"auto\">V\u1edbi h\u1ecda ti\u1ebft \u0111\u1ed9c \u0111\u00e1o, m\u00e0u s\u1eafc b\u1eaft m\u1eaft, t\u1eebng \u0111\u01b0\u1eddng n\u00e9t \u0111\u1ec1u n\u00f3i l\u00ean phong c\u00e1ch sang tr\u1ecdng v\u00e0 t\u1ea1o s\u1ef1 kh\u00e1c bi\u1ec7t.<\/div>\n<div dir=\"auto\">\u01afu \u0111i\u1ec3m Saint Rolan mang t\u1edbi ch\u00ednh l\u00e0 s\u1ef1 b\u1ec1n b\u1ec9 v\u00e0 m\u1ec1m m\u1ea1i, v\u1edbi m\u1eadt \u0111\u1ed9 d\u1ec7t cao 15mm, t\u1eebng s\u1ee3i l\u00f4ng m\u1ec1m m\u1ea1i khi\u1ebfn \u0111\u00f4i ch\u00e2n \u0111i l\u1ea1i c\u1ea3m th\u1ea5y tho\u1ea3i m\u00e1i v\u00f4 c\u00f9ng, v\u1eeba gi\u1ea3m ti\u1ebfng \u1ed3n, b\u1ea3o v\u1ec7 s\u00e0n nh\u00e0, l\u1ecdc b\u1ee5i gi\u00fap c\u1ea3i thi\u1ec7n ch\u1ea5t l\u01b0\u1ee3ng kh\u00f4ng kh\u00ed.<\/div>\n<\/div>","protected":false},"excerpt":{"rendered":"<p style=\"text-align: left;\">\u2013 Ch\u1ea5t li\u1ec7u: s\u1ee3i l\u00f4ng m\u00f4 ph\u1ecfng<\/p>\n<p style=\"text-align: left;\">\u2013\u00a0 K\u00edch th\u01b0\u1edbc: 200x300cm<\/p>\n<p style=\"text-align: left;\">\u2013 \u0110\u1ed9 d\u00e0y: 15mm<\/p>\n<p style=\"text-align: left;\">\u2013 Tr\u1ecdng l\u01b0\u1ee3ng: 2KG\/M2<\/p>\n<p style=\"text-align: left;\">\u2013 Xu\u1ea5t x\u1ee9:Trung Qu\u1ed1c<\/p>","protected":false},"featured_media":351,"comment_status":"open","ping_status":"closed","template":"","meta":{"_acf_changed":false},"product_brand":[],"product_cat":[70],"product_tag":[],"class_list":{"0":"post-350","1":"product","2":"type-product","3":"status-publish","4":"has-post-thumbnail","6":"product_cat-tham-long-thu","8":"first","9":"instock","10":"taxable","11":"shipping-taxable","12":"purchasable","13":"product-type-simple"},"acf":[],"_links":{"self":[{"href":"https:\/\/jieyouvietnam.com\/en\/wp-json\/wp\/v2\/product\/350","targetHints":{"allow":["GET"]}}],"collection":[{"href":"https:\/\/jieyouvietnam.com\/en\/wp-json\/wp\/v2\/product"}],"about":[{"href":"https:\/\/jieyouvietnam.com\/en\/wp-json\/wp\/v2\/types\/product"}],"replies":[{"embeddable":true,"href":"https:\/\/jieyouvietnam.com\/en\/wp-json\/wp\/v2\/comments?post=350"}],"wp:featuredmedia":[{"embeddable":true,"href":"https:\/\/jieyouvietnam.com\/en\/wp-json\/wp\/v2\/media\/351"}],"wp:attachment":[{"href":"https:\/\/jieyouvietnam.com\/en\/wp-json\/wp\/v2\/media?parent=350"}],"wp:term":[{"taxonomy":"product_brand","embeddable":true,"href":"https:\/\/jieyouvietnam.com\/en\/wp-json\/wp\/v2\/product_brand?post=350"},{"taxonomy":"product_cat","embeddable":true,"href":"https:\/\/jieyouvietnam.com\/en\/wp-json\/wp\/v2\/product_cat?post=350"},{"taxonomy":"product_tag","embeddable":true,"href":"https:\/\/jieyouvietnam.com\/en\/wp-json\/wp\/v2\/product_tag?post=350"}],"curies":[{"name":"wp","href":"https:\/\/api.w.org\/{rel}","templated":true}]}}