{"id":353,"date":"2026-01-20T14:42:59","date_gmt":"2026-01-20T07:42:59","guid":{"rendered":"http:\/\/38.60.229.106\/?post_type=product&#038;p=353"},"modified":"2026-01-20T14:45:05","modified_gmt":"2026-01-20T07:45:05","slug":"10-luxembug-series","status":"publish","type":"product","link":"https:\/\/jieyouvietnam.com\/en\/product\/10-luxembug-series\/","title":{"rendered":"10-Luxembourg Series"},"content":{"rendered":"<p><span dir=\"auto\" style=\"vertical-align: inherit;\"><span dir=\"auto\" style=\"vertical-align: inherit;\">V\u1edbi v\u1ebb \u0111\u1eb9p tuy\u1ec7t \u0111\u1ed1i, \u0111\u1eb3ng c\u1ea5p v\u00e0 sang tr\u1ecdng, th\u1ea3m da b\u00f2 kh\u00f4ng ch\u1ec9 n\u00e2ng t\u1ea7m kh\u00f4ng gian m\u00e0 c\u00f2n l\u00e0 phong c\u00e1ch ph\u1ea9m v\u1ecb cho gia ch\u1ee7. \u01afu th\u1ebf v\u1edbi kh\u1ea3 n\u0103ng ch\u1ed1ng n\u01b0\u1edbc v\u00e0 kh\u1ea3 n\u0103ng ch\u1ecbu l\u1eeda, vi\u1ec7c b\u1ea3o qu\u1ea3n v\u00e0 v\u1ec7 sinh th\u1ea3m ch\u01b0a bao gi\u1edd d\u1ec5 d\u00e0ng \u0111\u1ebfn th\u1ebf, ch\u1ec9 c\u1ea7n d\u00f9ng kh\u0103n \u1ea9m lau ch\u00f9i nh\u1eb9 nh\u00e0ng \u0111\u1ec3 gi\u1eef th\u1ea3m lu\u00f4n t\u01b0\u01a1i m\u1edbi. Jieyou t\u1ef1 h\u00e0o gi\u1edbi thi\u1ec7u th\u1ea3m da b\u00f2 cao c\u1ea5p b\u1ec1n b\u1ec9, k\u1ebft h\u1ee3p gi\u1eefa ch\u1ea5t li\u1ec7u t\u1ef1 nhi\u00ean v\u00e0 k\u0129 thu\u1eadt ch\u1ebf tinh x\u1ea3o, m\u1ed7i t\u1ea5m th\u1ea3m \u0111\u01b0\u1ee3c t\u1ea1o ra \u0111\u1ec1u l\u00e0 m\u1ed9t t\u00e1c ph\u1ea9m ngh\u1ec7 thu\u1eadt ri\u00eang bi\u1ec7t. V\u1edbi ch\u1ea5t li\u1ec7u t\u1eeb da b\u00f2 Mi\u1ebfn \u0110i\u1ec7n d\u1ec7t ho\u00e0n to\u00e0n th\u1ee7 c\u00f4ng v\u00e0 \u0111\u01b0\u1ee3c x\u1eed l\u00fd ch\u1ed1ng \u1ea9m v\u00e0 c\u00f4n tr\u00f9ng. V\u1eeba b\u1ec1n \u0111\u1eb9p. Th\u00edch h\u1ee3p cho ph\u00f2ng kh\u00e1ch ph\u00f2ng h\u1ecdc, treo t\u01b0\u1eddng.<\/span><\/span><\/p>","protected":false},"excerpt":{"rendered":"<p>Da b\u00f2 Mi\u1ebfn \u0110i\u1ec7n nh\u1eadp kh\u1ea9u. K\u00edch th\u01b0\u1edbc : 160*230cm \u0110\u1ecd d\u00e0y : 8mm Ch\u1ea5t li\u1ec7u : da b\u00f2 mi\u1ebfng kh\u1ed5 10cm \u0111\u01b0\u1ee3c h\u1ec7t th\u1ee7 c\u00f4ng ho\u00e0n to\u00e0n.<\/p>","protected":false},"featured_media":1378,"comment_status":"closed","ping_status":"open","template":"","meta":{"_acf_changed":false},"product_brand":[],"product_cat":[70],"product_tag":[],"class_list":{"0":"post-353","1":"product","2":"type-product","3":"status-publish","4":"has-post-thumbnail","6":"product_cat-tham-long-thu","8":"first","9":"instock","10":"purchasable","11":"product-type-simple"},"acf":[],"_links":{"self":[{"href":"https:\/\/jieyouvietnam.com\/en\/wp-json\/wp\/v2\/product\/353","targetHints":{"allow":["GET"]}}],"collection":[{"href":"https:\/\/jieyouvietnam.com\/en\/wp-json\/wp\/v2\/product"}],"about":[{"href":"https:\/\/jieyouvietnam.com\/en\/wp-json\/wp\/v2\/types\/product"}],"replies":[{"embeddable":true,"href":"https:\/\/jieyouvietnam.com\/en\/wp-json\/wp\/v2\/comments?post=353"}],"wp:featuredmedia":[{"embeddable":true,"href":"https:\/\/jieyouvietnam.com\/en\/wp-json\/wp\/v2\/media\/1378"}],"wp:attachment":[{"href":"https:\/\/jieyouvietnam.com\/en\/wp-json\/wp\/v2\/media?parent=353"}],"wp:term":[{"taxonomy":"product_brand","embeddable":true,"href":"https:\/\/jieyouvietnam.com\/en\/wp-json\/wp\/v2\/product_brand?post=353"},{"taxonomy":"product_cat","embeddable":true,"href":"https:\/\/jieyouvietnam.com\/en\/wp-json\/wp\/v2\/product_cat?post=353"},{"taxonomy":"product_tag","embeddable":true,"href":"https:\/\/jieyouvietnam.com\/en\/wp-json\/wp\/v2\/product_tag?post=353"}],"curies":[{"name":"wp","href":"https:\/\/api.w.org\/{rel}","templated":true}]}}