{"id":454,"date":"2026-01-20T14:42:59","date_gmt":"2026-01-20T07:42:59","guid":{"rendered":"https:\/\/jieyouvietnam.com\/?post_type=product&#038;p=454"},"modified":"2026-01-20T14:43:01","modified_gmt":"2026-01-20T07:43:01","slug":"caiku-series","status":"publish","type":"product","link":"https:\/\/jieyouvietnam.com\/en\/product\/caiku-series\/","title":{"rendered":"CAIKU SERIES"},"content":{"rendered":"<p><span dir=\"auto\" style=\"vertical-align: inherit;\"><span dir=\"auto\" style=\"vertical-align: inherit;\">S\u1ee3i Acrylic \u0111\u1eb7c t\u00ednh c\u1ee7a s\u1ee3i n\u00e0y gi\u1ed1ng nh\u01b0 s\u1ee3i len, c\u1ea3m gi\u00e1c m\u1ec1m m\u1ea1i, b\u1ec1n b\u1ec9, v\u1edbi \u0111\u1ed9 d\u00e0y v\u00e0 kh\u1ea3 n\u0103ng th\u1ea5m h\u00fat n\u01b0\u1edbc nhanh ch\u00f3ng s\u1ebd mang \u0111\u1ebfn c\u1ea3m gi\u00e1c \u00eam \u00e1i khi b\u01b0\u1edbc ch\u00e2n l\u00ean th\u1ea3m v\u00e0 v\u00e0 c\u00f3 th\u1ec3 s\u1eed d\u1ee5ng l\u00e2u d\u00e0i trong m\u00f4i tr\u01b0\u1eddng \u1ea9m v\u00e0 h\u01a1i s\u01b0\u01a1ng. V\u1edbi \u01b0u th\u1ebf s\u1ee3i m\u1ec1m m\u1ea1i v\u00e0 b\u1ec1n b\u1ec9, vi\u1ec7c v\u1ec7 sinh s\u1ebd d\u1ec5 d\u00e0ng h\u01a1n bao gi\u1edd h\u1ebft, b\u1ea1n c\u00f3 th\u1ec3 h\u00fat b\u1ee5i v\u00e0 gi\u1eb7t th\u1ea3m b\u00ecnh th\u01b0\u1eddng m\u00e0 kh\u00f4ng c\u1ea7n lo vi\u1ec7c m\u1ea5t m\u00e0u hay r\u1ee5ng l\u00f4ng. C\u00e1c chi ti\u1ebft hoa v\u0103n \u0111\u01b0\u1eddng n\u00e9t n\u1ed5i b\u1eadt, hoa v\u0103n c\u1ed5 \u0111i\u1ec3n mang thi\u00ean h\u01b0\u1edbng Ch\u00e2u \u00c2u, k\u00edch th\u00edch th\u1ecb gi\u00e1c, b\u1ea1n c\u00f3 th\u1ec3 \u0111\u1eb7t ch\u00fang \u1edf r\u1ea5t nhi\u1ec1u kh\u00f4ng gian cho ng\u00f4i nh\u00e0 c\u1ee7a m\u00ecnh.<\/span><\/span><\/p>","protected":false},"excerpt":{"rendered":"<p>CAIKU Ch\u1ea5t li\u1ec7u: acrylic K\u00edch th\u01b0\u1edbc: 160x230cm \u0110\u1ed9 d\u00e0y: 12mm Tr\u1ecdng l\u01b0\u1ee3ng: 3kg\/m2 Xu\u1ea5t x\u1ee9: Th\u1ed5 Nh\u0129 K\u1ef3<\/p>","protected":false},"featured_media":2033,"comment_status":"closed","ping_status":"open","template":"","meta":{"_acf_changed":false},"product_brand":[],"product_cat":[71],"product_tag":[],"class_list":{"0":"post-454","1":"product","2":"type-product","3":"status-publish","4":"has-post-thumbnail","6":"product_cat-tham-det-tu-soi-acylic","8":"first","9":"instock","10":"purchasable","11":"product-type-simple"},"acf":[],"_links":{"self":[{"href":"https:\/\/jieyouvietnam.com\/en\/wp-json\/wp\/v2\/product\/454","targetHints":{"allow":["GET"]}}],"collection":[{"href":"https:\/\/jieyouvietnam.com\/en\/wp-json\/wp\/v2\/product"}],"about":[{"href":"https:\/\/jieyouvietnam.com\/en\/wp-json\/wp\/v2\/types\/product"}],"replies":[{"embeddable":true,"href":"https:\/\/jieyouvietnam.com\/en\/wp-json\/wp\/v2\/comments?post=454"}],"wp:featuredmedia":[{"embeddable":true,"href":"https:\/\/jieyouvietnam.com\/en\/wp-json\/wp\/v2\/media\/2033"}],"wp:attachment":[{"href":"https:\/\/jieyouvietnam.com\/en\/wp-json\/wp\/v2\/media?parent=454"}],"wp:term":[{"taxonomy":"product_brand","embeddable":true,"href":"https:\/\/jieyouvietnam.com\/en\/wp-json\/wp\/v2\/product_brand?post=454"},{"taxonomy":"product_cat","embeddable":true,"href":"https:\/\/jieyouvietnam.com\/en\/wp-json\/wp\/v2\/product_cat?post=454"},{"taxonomy":"product_tag","embeddable":true,"href":"https:\/\/jieyouvietnam.com\/en\/wp-json\/wp\/v2\/product_tag?post=454"}],"curies":[{"name":"wp","href":"https:\/\/api.w.org\/{rel}","templated":true}]}}