{"id":472,"date":"2026-01-19T23:08:58","date_gmt":"2026-01-19T16:08:58","guid":{"rendered":"https:\/\/jieyouvietnam.com\/?post_type=product&#038;p=472"},"modified":"2026-01-19T23:08:58","modified_gmt":"2026-01-19T16:08:58","slug":"120-made-silk-series","status":"publish","type":"product","link":"https:\/\/jieyouvietnam.com\/en\/product\/120-made-silk-series\/","title":{"rendered":"120 MADE SILK SERIES"},"content":{"rendered":"<p>Th\u1ea3m tr\u1ea3i s\u00e0n d\u1ec7t t\u1eeb t\u01a1 t\u1eb1m c\u00f3 gi\u00e1 th\u00e0nh cao do nhi\u1ec1u y\u1ebfu t\u1ed1, t\u1eeb nguy\u00ean li\u1ec7u \u0111\u1ebfn qu\u00e1 tr\u00ecnh s\u1ea3n xu\u1ea5t v\u00e0 gi\u00e1 tr\u1ecb v\u0103n h\u00f3a. D\u01b0\u1edbi \u0111\u00e2y l\u00e0 nh\u1eefng l\u00fd do ch\u00ednh:<\/p>\n<ol>\n<li><strong>Nguy\u00ean li\u1ec7u qu\u00fd hi\u1ebfm<\/strong>:\n<ul>\n<li>S\u1ee3i t\u01a1 t\u1eb1m l\u00e0 nguy\u00ean li\u1ec7u t\u1ef1 nhi\u00ean cao c\u1ea5p v\u00e0 kh\u00f3 s\u1ea3n xu\u1ea5t. Qu\u00e1 tr\u00ecnh nu\u00f4i t\u1eb1m v\u00e0 l\u1ea5y t\u01a1 t\u1eb1m \u0111\u00f2i h\u1ecfi s\u1ef1 ch\u0103m s\u00f3c k\u1ef9 l\u01b0\u1ee1ng v\u00e0 nhi\u1ec1u c\u00f4ng \u0111o\u1ea1n ph\u1ee9c t\u1ea1p. M\u1ed7i con t\u1eb1m ch\u1ec9 s\u1ea3n xu\u1ea5t \u0111\u01b0\u1ee3c m\u1ed9t l\u01b0\u1ee3ng t\u01a1 nh\u1ea5t \u0111\u1ecbnh, l\u00e0m cho vi\u1ec7c thu ho\u1ea1ch t\u01a1 t\u1eb1m tr\u1edf n\u00ean t\u1ed1n k\u00e9m v\u00e0 m\u1ea5t nhi\u1ec1u th\u1eddi gian.<\/li>\n<\/ul>\n<\/li>\n<li><strong>Quy tr\u00ecnh s\u1ea3n xu\u1ea5t th\u1ee7 c\u00f4ng tinh x\u1ea3o<\/strong>:\n<ul>\n<li>Th\u1ea3m d\u1ec7t t\u1eeb t\u01a1 t\u1eb1m th\u01b0\u1eddng \u0111\u01b0\u1ee3c l\u00e0m th\u1ee7 c\u00f4ng b\u1edfi nh\u1eefng ngh\u1ec7 nh\u00e2n c\u00f3 k\u1ef9 n\u0103ng cao. Qu\u00e1 tr\u00ecnh d\u1ec7t th\u1ea3m \u0111\u00f2i h\u1ecfi s\u1ef1 t\u1ec9 m\u1ec9, ki\u00ean nh\u1eabn v\u00e0 kh\u00e9o l\u00e9o \u0111\u1ec3 t\u1ea1o ra nh\u1eefng hoa v\u0103n tinh x\u1ea3o v\u00e0 \u0111\u1ed9c \u0111\u00e1o. Th\u1eddi gian v\u00e0 c\u00f4ng s\u1ee9c b\u1ecf ra trong qu\u00e1 tr\u00ecnh s\u1ea3n xu\u1ea5t l\u00e0m t\u0103ng gi\u00e1 tr\u1ecb c\u1ee7a s\u1ea3n ph\u1ea9m.<\/li>\n<\/ul>\n<\/li>\n<li><strong>\u0110\u1ed9 b\u1ec1n v\u00e0 ch\u1ea5t l\u01b0\u1ee3ng v\u01b0\u1ee3t tr\u1ed9i<\/strong>:\n<ul>\n<li>Th\u1ea3m t\u01a1 t\u1eb1m c\u00f3 \u0111\u1ed9 b\u1ec1n cao, kh\u1ea3 n\u0103ng gi\u1eef m\u00e0u t\u1ed1t v\u00e0 c\u1ea3m gi\u00e1c m\u1ec1m m\u1ea1i, tho\u1ea3i m\u00e1i khi s\u1eed d\u1ee5ng. Ch\u1ea5t l\u01b0\u1ee3ng cao c\u1ea5p c\u1ee7a t\u01a1 t\u1eb1m l\u00e0m cho th\u1ea3m kh\u00f4ng ch\u1ec9 \u0111\u1eb9p m\u1eaft m\u00e0 c\u00f2n c\u00f3 tu\u1ed5i th\u1ecd d\u00e0i, l\u00e0m t\u0103ng gi\u00e1 tr\u1ecb l\u00e2u d\u00e0i c\u1ee7a s\u1ea3n ph\u1ea9m.<\/li>\n<\/ul>\n<\/li>\n<li><strong>Kh\u1ea3 n\u0103ng c\u00e1ch nhi\u1ec7t v\u00e0 \u0111i\u1ec1u h\u00f2a nhi\u1ec7t \u0111\u1ed9<\/strong>:\n<ul>\n<li>Th\u1ea3m t\u01a1 t\u1eb1m c\u00f3 kh\u1ea3 n\u0103ng c\u00e1ch nhi\u1ec7t t\u1ed1t, gi\u1eef \u1ea5m v\u00e0o m\u00f9a \u0111\u00f4ng v\u00e0 m\u00e1t m\u1ebb v\u00e0o m\u00f9a h\u00e8, l\u00e0m cho n\u00f3 tr\u1edf th\u00e0nh m\u1ed9t l\u1ef1a ch\u1ecdn l\u00fd t\u01b0\u1edfng cho kh\u00f4ng gian s\u1ed1ng quanh n\u0103m. Kh\u1ea3 n\u0103ng n\u00e0y c\u0169ng g\u00f3p ph\u1ea7n v\u00e0o gi\u00e1 tr\u1ecb cao c\u1ee7a th\u1ea3m.<\/li>\n<\/ul>\n<\/li>\n<li><strong>Gi\u00e1 tr\u1ecb th\u1ea9m m\u1ef9 v\u00e0 ngh\u1ec7 thu\u1eadt<\/strong>:\n<ul>\n<li>Th\u1ea3m t\u01a1 t\u1eb1m th\u01b0\u1eddng c\u00f3 hoa v\u0103n phong ph\u00fa v\u00e0 \u0111\u1ed9c \u0111\u00e1o, th\u1ec3 hi\u1ec7n s\u1ef1 tinh t\u1ebf v\u00e0 t\u00e0i hoa c\u1ee7a ng\u01b0\u1eddi th\u1ee3 d\u1ec7t. M\u1ed7i t\u1ea5m th\u1ea3m l\u00e0 m\u1ed9t t\u00e1c ph\u1ea9m ngh\u1ec7 thu\u1eadt, mang \u0111\u1eadm d\u1ea5u \u1ea5n c\u00e1 nh\u00e2n v\u00e0 gi\u00e1 tr\u1ecb v\u0103n h\u00f3a.<\/li>\n<\/ul>\n<\/li>\n<li><strong>Th\u00e2n thi\u1ec7n v\u1edbi m\u00f4i tr\u01b0\u1eddng<\/strong>:\n<ul>\n<li>S\u1ea3n xu\u1ea5t t\u01a1 t\u1eb1m v\u00e0 th\u1ea3m t\u01a1 t\u1eb1m th\u01b0\u1eddng \u00edt g\u00e2y h\u1ea1i cho m\u00f4i tr\u01b0\u1eddng, s\u1eed d\u1ee5ng c\u00e1c nguy\u00ean li\u1ec7u t\u1ef1 nhi\u00ean v\u00e0 ph\u01b0\u01a1ng ph\u00e1p s\u1ea3n xu\u1ea5t b\u1ec1n v\u1eefng. \u0110i\u1ec1u n\u00e0y c\u00e0ng l\u00e0m t\u0103ng gi\u00e1 tr\u1ecb c\u1ee7a s\u1ea3n ph\u1ea9m trong b\u1ed1i c\u1ea3nh ng\u00e0y c\u00e0ng nhi\u1ec1u ng\u01b0\u1eddi ti\u00eau d\u00f9ng quan t\u00e2m \u0111\u1ebfn t\u00ednh b\u1ec1n v\u1eefng v\u00e0 b\u1ea3o v\u1ec7 m\u00f4i tr\u01b0\u1eddng.<\/li>\n<\/ul>\n<\/li>\n<li><strong>Th\u01b0\u01a1ng hi\u1ec7u v\u00e0 uy t\u00edn<\/strong>:\n<ul>\n<li>C\u00e1c th\u01b0\u01a1ng hi\u1ec7u s\u1ea3n xu\u1ea5t th\u1ea3m t\u01a1 t\u1eb1m uy t\u00edn th\u01b0\u1eddng c\u00f3 l\u1ecbch s\u1eed l\u00e2u \u0111\u1eddi v\u00e0 cam k\u1ebft ch\u1ea5t l\u01b0\u1ee3ng cao. Danh ti\u1ebfng v\u00e0 uy t\u00edn c\u1ee7a nh\u00e0 s\u1ea3n xu\u1ea5t c\u0169ng \u0111\u00f3ng g\u00f3p v\u00e0o gi\u00e1 tr\u1ecb v\u00e0 gi\u00e1 th\u00e0nh c\u1ee7a s\u1ea3n ph\u1ea9m.<\/li>\n<\/ul>\n<\/li>\n<\/ol>\n<p>T\u1ea5t c\u1ea3 nh\u1eefng y\u1ebfu t\u1ed1 n\u00e0y k\u1ebft h\u1ee3p l\u1ea1i l\u00e0m cho th\u1ea3m tr\u1ea3i s\u00e0n d\u1ec7t t\u1eeb t\u01a1 t\u1eb1m c\u00f3 gi\u00e1 th\u00e0nh cao, ph\u1ea3n \u00e1nh s\u1ef1 tinh t\u1ebf, ch\u1ea5t l\u01b0\u1ee3ng v\u00e0 gi\u00e1 tr\u1ecb ngh\u1ec7 thu\u1eadt m\u00e0 ch\u00fang mang l\u1ea1i.<\/p>","protected":false},"excerpt":{"rendered":"<p>120 MADE SILK<\/p>\n<ul>\n<li>Ch\u1ea5t li\u1ec7u: t\u01a1 t\u1eb1m d\u1ec7t tay ho\u00e0n to\u00e0n<\/li>\n<li>K\u00edch th\u01b0\u1edbc: 170x240cm; 200x300cm<\/li>\n<li>\u0110\u1ed9 d\u00e0y: 8mm<\/li>\n<li>Tr\u1ecdng l\u01b0\u1ee3ng: 3.5kg\/m2<\/li>\n<\/ul>","protected":false},"featured_media":479,"comment_status":"open","ping_status":"closed","template":"","meta":{"_acf_changed":false},"product_brand":[],"product_cat":[78],"product_tag":[],"class_list":{"0":"post-472","1":"product","2":"type-product","3":"status-publish","4":"has-post-thumbnail","6":"product_cat-tham-to-tam","8":"first","9":"instock","10":"taxable","11":"shipping-taxable","12":"purchasable","13":"product-type-simple"},"acf":[],"_links":{"self":[{"href":"https:\/\/jieyouvietnam.com\/en\/wp-json\/wp\/v2\/product\/472","targetHints":{"allow":["GET"]}}],"collection":[{"href":"https:\/\/jieyouvietnam.com\/en\/wp-json\/wp\/v2\/product"}],"about":[{"href":"https:\/\/jieyouvietnam.com\/en\/wp-json\/wp\/v2\/types\/product"}],"replies":[{"embeddable":true,"href":"https:\/\/jieyouvietnam.com\/en\/wp-json\/wp\/v2\/comments?post=472"}],"wp:featuredmedia":[{"embeddable":true,"href":"https:\/\/jieyouvietnam.com\/en\/wp-json\/wp\/v2\/media\/479"}],"wp:attachment":[{"href":"https:\/\/jieyouvietnam.com\/en\/wp-json\/wp\/v2\/media?parent=472"}],"wp:term":[{"taxonomy":"product_brand","embeddable":true,"href":"https:\/\/jieyouvietnam.com\/en\/wp-json\/wp\/v2\/product_brand?post=472"},{"taxonomy":"product_cat","embeddable":true,"href":"https:\/\/jieyouvietnam.com\/en\/wp-json\/wp\/v2\/product_cat?post=472"},{"taxonomy":"product_tag","embeddable":true,"href":"https:\/\/jieyouvietnam.com\/en\/wp-json\/wp\/v2\/product_tag?post=472"}],"curies":[{"name":"wp","href":"https:\/\/api.w.org\/{rel}","templated":true}]}}